{"id":9508,"date":"2015-02-06T20:10:07","date_gmt":"2015-02-07T04:10:07","guid":{"rendered":"http:\/\/projectgo.pro\/privacy-policy\/"},"modified":"2023-12-16T08:40:40","modified_gmt":"2023-12-16T16:40:40","slug":"privacy-policy","status":"publish","type":"page","link":"https:\/\/projectgo.pro\/pt\/politica-de-privacidade\/","title":{"rendered":"Pol\u00edtica de Privacidade"},"content":{"rendered":"<p>Esta pol\u00edtica de privacidade foi compilada para melhor atender aqueles que est\u00e3o preocupados com a forma como suas &#039;Informa\u00e7\u00f5es de identifica\u00e7\u00e3o pessoal&#039; (PII) est\u00e3o sendo usadas online. PII, conforme usado na lei de privacidade e seguran\u00e7a da informa\u00e7\u00e3o dos EUA, s\u00e3o informa\u00e7\u00f5es que podem ser usadas sozinhas ou com outras informa\u00e7\u00f5es para identificar, contatar ou localizar uma \u00fanica pessoa ou para identificar um indiv\u00edduo no contexto. Por favor, leia nossa pol\u00edtica de privacidade com aten\u00e7\u00e3o para obter uma compreens\u00e3o clara de como coletamos, usamos, protegemos ou tratamos suas Informa\u00e7\u00f5es de Identifica\u00e7\u00e3o Pessoal de acordo com nosso site.<\/p>\n<p>To learn more about ProjectGO, please visit our <a href=\"https:\/\/projectgo.pro\/about\/\">About page<\/a>.<\/p>\n<p>For terms and conditions visit <a href=\"https:\/\/projectgo.pro\/terms-and-conditions\/\">esta p\u00e1gina<\/a>.<\/p>\n<h2><strong>Quais informa\u00e7\u00f5es pessoais coletamos das pessoas que visitam nosso blog, site ou aplicativo?<\/strong><\/h2>\n<p>Ao usar nosso site, conforme apropriado, voc\u00ea pode ser solicitado a inserir seu nome, endere\u00e7o de e-mail ou outros detalhes para ajud\u00e1-lo com sua experi\u00eancia.<\/p>\n<h2><strong>Como usamos sua informa\u00e7\u00e3o?<\/strong><\/h2>\n<p>Podemos usar as informa\u00e7\u00f5es que coletamos de voc\u00ea quando voc\u00ea se registra, faz uma compra, se inscreve em nosso boletim informativo, desbloqueia o conte\u00fado, responde a uma pesquisa ou comunica\u00e7\u00e3o de marketing, navega no site ou usa outros recursos do site das seguintes maneiras:<\/p>\n<ul>\n<li>Para personalizar a experi\u00eancia do usu\u00e1rio e nos permitir fornecer o tipo de conte\u00fado e ofertas de produtos em que voc\u00ea est\u00e1 mais interessado<\/li>\n<li>Para melhorar nosso site para melhor atend\u00ea-lo.<\/li>\n<li>Para nos permitir melhor atend\u00ea-lo na resposta \u00e0s suas solicita\u00e7\u00f5es de atendimento ao cliente.<\/li>\n<li>Para administrar um concurso, promo\u00e7\u00e3o, pesquisa ou outro recurso do site.<\/li>\n<li>Para enviar e-mails peri\u00f3dicos sobre seu pedido ou outros produtos e servi\u00e7os.<\/li>\n<\/ul>\n<h2><strong>Usamos &#039;cookies&#039;?<\/strong><\/h2>\n<p>Sim. Cookies s\u00e3o pequenos arquivos que um site ou seu provedor de servi\u00e7os transfere para o disco r\u00edgido do seu computador por meio do navegador da Web (se voc\u00ea permitir) que permite que os sistemas do site ou do provedor de servi\u00e7os reconhe\u00e7am seu navegador e capturem e lembrem certas informa\u00e7\u00f5es. Por exemplo, usamos cookies para nos ajudar a lembrar e processar os itens em seu carrinho de compras. Eles tamb\u00e9m s\u00e3o usados para nos ajudar a entender suas prefer\u00eancias com base na atividade anterior ou atual do site, o que nos permite fornecer servi\u00e7os aprimorados. Tamb\u00e9m usamos cookies para nos ajudar a compilar dados agregados sobre o tr\u00e1fego do site e a intera\u00e7\u00e3o do site para que possamos oferecer melhores experi\u00eancias e ferramentas no futuro.<\/p>\n<p>Usamos cookies para:<\/p>\n<ul>\n<li>Entenda e salve as prefer\u00eancias do usu\u00e1rio para futuras visitas.<\/li>\n<li>Memorize os usu\u00e1rios que desbloquearam o acesso ao conte\u00fado premium.<\/li>\n<\/ul>\n<p>Se voc\u00ea desativar os cookies, alguns recursos ser\u00e3o desativados. Isso afetar\u00e1 a experi\u00eancia do usu\u00e1rio e alguns de nossos servi\u00e7os n\u00e3o funcionar\u00e3o corretamente.<\/p>\n<h2><strong>Divulga\u00e7\u00e3o de Terceiros<\/strong><\/h2>\n<p>N\u00e3o vendemos, trocamos ou transferimos para terceiros suas informa\u00e7\u00f5es de identifica\u00e7\u00e3o pessoal, a menos que forne\u00e7amos aviso pr\u00e9vio. Isso n\u00e3o inclui parceiros de hospedagem de sites e outras partes que nos ajudam a operar nosso site, conduzir nossos neg\u00f3cios ou atend\u00ea-lo, desde que essas partes concordem em manter essas informa\u00e7\u00f5es confidenciais. Tamb\u00e9m podemos divulgar suas informa\u00e7\u00f5es quando acreditarmos que a divulga\u00e7\u00e3o \u00e9 apropriada para cumprir a lei, fazer cumprir as pol\u00edticas do nosso site ou proteger nossos direitos, propriedade ou seguran\u00e7a ou de terceiros.<\/p>\n<p>No entanto, informa\u00e7\u00f5es de visitantes n\u00e3o pessoalmente identific\u00e1veis podem ser fornecidas a outras partes para marketing, publicidade ou outros usos.<\/p>\n<h2><strong>Links de terceiros<\/strong><\/h2>\n<p>Ocasionalmente, a nosso crit\u00e9rio, podemos incluir ou oferecer produtos ou servi\u00e7os de terceiros em nosso site. Esses sites de terceiros t\u00eam pol\u00edticas de privacidade separadas e independentes. Portanto, n\u00e3o temos responsabilidade ou obriga\u00e7\u00e3o pelo conte\u00fado e atividades desses sites vinculados. No entanto, procuramos proteger a integridade do nosso site e agradecemos qualquer feedback sobre esses sites.<\/p>\n<h2>Mediavine Programmatic Advertising (Ver 1.1)<\/h2>\n<p>The Website works with Mediavine to manage third-party interest-based advertising appearing on the Website. Mediavine serves content and advertisements when you visit the Website, which may use first and third-party cookies. A cookie is a small text file which is sent to your computer or mobile device (referred to in this policy as a \u201cdevice\u201d) by the web server so that a website can remember some information about your browsing activity on the Website.<\/p>\n<p>First party cookies are created by the website that you are visiting. A third-party cookie is frequently used in behavioral advertising and analytics and is created by a domain other than the website you are visiting. Third-party cookies, tags, pixels, beacons and other similar technologies (collectively, \u201cTags\u201d) may be placed on the Website to monitor interaction with advertising content and to target and optimize advertising. Each internet browser has functionality so that you can block both first and third-party cookies and clear your browser\u2019s cache. The &#8220;help&#8221; feature of the menu bar on most browsers will tell you how to stop accepting new cookies, how to receive notification of new cookies, how to disable existing cookies and how to clear your browser\u2019s cache. For more information about cookies and how to disable them, you can consult the information at <a href=\"https:\/\/www.allaboutcookies.org\/manage-cookies\/\" target=\"_blank\" rel=\"noreferrer noopener nofollow\">All About Cookies<\/a>.<\/p>\n<p>Without cookies you may not be able to take full advantage of the Website content and features. Please note that rejecting cookies does not mean that you will no longer see ads when you visit our Site. In the event you opt-out, you will still see non-personalized advertisements on the Website.<\/p>\n<p>The Website collects the following data using a cookie when serving personalized ads:<\/p>\n<ul>\n<li>IP Address<\/li>\n<li>Operating System type<\/li>\n<li>Operating System version<\/li>\n<li>Device Type<\/li>\n<li>Language of the website<\/li>\n<li>Web browser type<\/li>\n<li>Email (in hashed form)<\/li>\n<\/ul>\n<p>Mediavine Partners (companies listed below with whom Mediavine shares data) may also use this data to link to other end user information the partner has independently collected to deliver targeted advertisements. Mediavine Partners may also separately collect data about end users from other sources, such as advertising IDs or pixels, and link that data to data collected from Mediavine publishers in order to provide interest-based advertising across your online experience, including devices, browsers and apps. This data includes usage data, cookie information, device information, information about interactions between users and advertisements and websites, geolocation data, traffic data, and information about a visitor\u2019s referral source to a particular website. Mediavine Partners may also create unique IDs to create audience segments, which are used to provide targeted advertising.<\/p>\n<p>If you would like more information about this practice and to know your choices to opt-in or opt-out of this data collection, please visit <a href=\"https:\/\/thenai.org\/opt-out\/\" target=\"_blank\" rel=\"noreferrer noopener nofollow\">National Advertising Initiative opt out page<\/a>. You may also visit <a href=\"http:\/\/optout.aboutads.info\/#\/\" target=\"_blank\" rel=\"noreferrer noopener nofollow\">Digital Advertising Alliance website<\/a> e <a href=\"http:\/\/optout.networkadvertising.org\/#\" target=\"_blank\" rel=\"noreferrer noopener nofollow\">Network Advertising Initiative website<\/a> to learn more information about interest-based advertising. You may download the AppChoices app at <a href=\"https:\/\/youradchoices.com\/appchoices\" target=\"_blank\" rel=\"noreferrer noopener nofollow\">Digital Advertising Alliance\u2019s AppChoices app<\/a> to opt out in connection with mobile apps, or use the platform controls on your mobile device to opt out.<\/p>\n<p>For specific information about Mediavine Partners, the data each collects and their data collection and privacy policies, please visit <a href=\"https:\/\/www.mediavine.com\/ad-partners\/\" target=\"_blank\" rel=\"noreferrer noopener nofollow\">Mediavine Partners<\/a>.<\/p>\n<p>Se houver alguma d\u00favida sobre esta pol\u00edtica de privacidade, voc\u00ea pode entrar em contato conosco.<\/p>\n<h2>Informa\u00e7\u00f5es de contato<\/h2>\n<p>If you have any questions or concerns regarding this Privacy Policy you can email us at: <a href=\"mailto:team@projectgo.pro\" target=\"_new\" rel=\"noopener\">team@projectgo.pro<\/a><\/p>\n<p>Em alternativa, pode contactar o nosso servi\u00e7o de apoio durante o hor\u00e1rio de expediente (hora do Pac\u00edfico dos EUA): +1 689 2058467<\/p>\n<p>Se desejar contactar-nos por correio, pode faz\u00ea-lo atrav\u00e9s do seguinte endere\u00e7o:<\/p>\n<p><strong>Projeto GO<\/strong><br \/>\n7345 W Sand Lake Rd.<br \/>\nOrlando, Fl\u00f3rida 32819<br \/>\nEstados Unidos<\/p>\n<p><strong>Observa\u00e7\u00e3o:<\/strong> N\u00e3o aceitaremos qualquer entrega se n\u00e3o nos informar previamente por correio eletr\u00f3nico.<\/p>","protected":false},"excerpt":{"rendered":"<p>This privacy policy has been compiled to better serve those who are concerned with how their &#8216;Personally identifiable information&#8217; (PII) is being used online. PII,&#8230;<\/p>","protected":false},"author":519,"featured_media":0,"parent":0,"menu_order":0,"comment_status":"open","ping_status":"closed","template":"","meta":{"tpgb_global_settings":"","_et_pb_use_builder":"off","_et_pb_old_content":"","_et_gb_content_width":"","_lmt_disableupdate":"","_lmt_disable":"","footnotes":""},"categories":[],"tags":[],"class_list":["post-9508","page","type-page","status-publish","hentry"],"yoast_head":"<!-- This site is optimized with the Yoast SEO Premium plugin v23.6 (Yoast SEO v27.3) - https:\/\/yoast.com\/product\/yoast-seo-premium-wordpress\/ -->\n<title>Privacy Policy &#187; ProjectGO<\/title>\n<meta name=\"description\" content=\"We recommend all readers visit our privacy policy to learn more about how visitor data and personal information is handled.\" \/>\n<meta name=\"robots\" content=\"index, follow, max-snippet:-1, max-image-preview:large, max-video-preview:-1\" \/>\n<link rel=\"canonical\" href=\"https:\/\/projectgo.pro\/pt\/politica-de-privacidade\/\" \/>\n<meta property=\"og:locale\" content=\"pt_PT\" \/>\n<meta property=\"og:type\" content=\"article\" \/>\n<meta property=\"og:title\" content=\"Privacy Policy\" \/>\n<meta property=\"og:description\" content=\"We recommend all readers visit our privacy policy to learn more about how visitor data and personal information is handled.\" \/>\n<meta property=\"og:url\" content=\"https:\/\/projectgo.pro\/pt\/politica-de-privacidade\/\" \/>\n<meta property=\"og:site_name\" content=\"ProjectGO\" \/>\n<meta property=\"article:publisher\" content=\"https:\/\/www.facebook.com\/pages\/ProjectGoPro\/1424889017736927\" \/>\n<meta property=\"article:modified_time\" content=\"2023-12-16T16:40:40+00:00\" \/>\n<meta name=\"twitter:card\" content=\"summary_large_image\" \/>\n<meta name=\"twitter:label1\" content=\"Tempo estimado de leitura\" \/>\n\t<meta name=\"twitter:data1\" content=\"6 minutos\" \/>\n<script type=\"application\/ld+json\" class=\"yoast-schema-graph\">{\"@context\":\"https:\\\/\\\/schema.org\",\"@graph\":[{\"@type\":\"WebPage\",\"@id\":\"https:\\\/\\\/projectgo.pro\\\/privacy-policy\\\/\",\"url\":\"https:\\\/\\\/projectgo.pro\\\/privacy-policy\\\/\",\"name\":\"Privacy Policy &#187; ProjectGO\",\"isPartOf\":{\"@id\":\"https:\\\/\\\/projectgo.pro\\\/#website\"},\"datePublished\":\"2015-02-07T04:10:07+00:00\",\"dateModified\":\"2023-12-16T16:40:40+00:00\",\"description\":\"We recommend all readers visit our privacy policy to learn more about how visitor data and personal information is handled.\",\"inLanguage\":\"pt-PT\",\"potentialAction\":[{\"@type\":\"ReadAction\",\"target\":[\"https:\\\/\\\/projectgo.pro\\\/privacy-policy\\\/\"]}]},{\"@type\":\"WebSite\",\"@id\":\"https:\\\/\\\/projectgo.pro\\\/#website\",\"url\":\"https:\\\/\\\/projectgo.pro\\\/\",\"name\":\"ProjectGO\",\"description\":\"Action Camera Guides &amp; Gear Reviews for Creators\",\"publisher\":{\"@id\":\"https:\\\/\\\/projectgo.pro\\\/#organization\"},\"potentialAction\":[{\"@type\":\"SearchAction\",\"target\":{\"@type\":\"EntryPoint\",\"urlTemplate\":\"https:\\\/\\\/projectgo.pro\\\/?s={search_term_string}\"},\"query-input\":{\"@type\":\"PropertyValueSpecification\",\"valueRequired\":true,\"valueName\":\"search_term_string\"}}],\"inLanguage\":\"pt-PT\"},{\"@type\":\"Organization\",\"@id\":\"https:\\\/\\\/projectgo.pro\\\/#organization\",\"name\":\"ProjectGO\",\"url\":\"https:\\\/\\\/projectgo.pro\\\/\",\"logo\":{\"@type\":\"ImageObject\",\"inLanguage\":\"pt-PT\",\"@id\":\"https:\\\/\\\/projectgo.pro\\\/#\\\/schema\\\/logo\\\/image\\\/\",\"url\":\"https:\\\/\\\/projectgo.pro\\\/wp-content\\\/uploads\\\/2023\\\/10\\\/ProjectGO-favicon.png\",\"contentUrl\":\"https:\\\/\\\/projectgo.pro\\\/wp-content\\\/uploads\\\/2023\\\/10\\\/ProjectGO-favicon.png\",\"width\":513,\"height\":512,\"caption\":\"ProjectGO\"},\"image\":{\"@id\":\"https:\\\/\\\/projectgo.pro\\\/#\\\/schema\\\/logo\\\/image\\\/\"},\"sameAs\":[\"https:\\\/\\\/www.facebook.com\\\/pages\\\/ProjectGoPro\\\/1424889017736927\",\"https:\\\/\\\/www.youtube.com\\\/channel\\\/UCa7KT9TjfpHE0Tcgy727RNg\"]}]}<\/script>\n<!-- \/ Yoast SEO Premium plugin. -->","yoast_head_json":{"title":"Pol\u00edtica de privacidade \" ProjectGO","description":"Recomendamos que todos os leitores acessem nossa pol\u00edtica de privacidade para saber mais sobre como os dados dos visitantes e as informa\u00e7\u00f5es pessoais s\u00e3o tratados.","robots":{"index":"index","follow":"follow","max-snippet":"max-snippet:-1","max-image-preview":"max-image-preview:large","max-video-preview":"max-video-preview:-1"},"canonical":"https:\/\/projectgo.pro\/pt\/politica-de-privacidade\/","og_locale":"pt_PT","og_type":"article","og_title":"Privacy Policy","og_description":"We recommend all readers visit our privacy policy to learn more about how visitor data and personal information is handled.","og_url":"https:\/\/projectgo.pro\/pt\/politica-de-privacidade\/","og_site_name":"ProjectGO","article_publisher":"https:\/\/www.facebook.com\/pages\/ProjectGoPro\/1424889017736927","article_modified_time":"2023-12-16T16:40:40+00:00","twitter_card":"summary_large_image","twitter_misc":{"Tempo estimado de leitura":"6 minutos"},"schema":{"@context":"https:\/\/schema.org","@graph":[{"@type":"WebPage","@id":"https:\/\/projectgo.pro\/privacy-policy\/","url":"https:\/\/projectgo.pro\/privacy-policy\/","name":"Pol\u00edtica de privacidade \" ProjectGO","isPartOf":{"@id":"https:\/\/projectgo.pro\/#website"},"datePublished":"2015-02-07T04:10:07+00:00","dateModified":"2023-12-16T16:40:40+00:00","description":"Recomendamos que todos os leitores acessem nossa pol\u00edtica de privacidade para saber mais sobre como os dados dos visitantes e as informa\u00e7\u00f5es pessoais s\u00e3o tratados.","inLanguage":"pt-PT","potentialAction":[{"@type":"ReadAction","target":["https:\/\/projectgo.pro\/privacy-policy\/"]}]},{"@type":"WebSite","@id":"https:\/\/projectgo.pro\/#website","url":"https:\/\/projectgo.pro\/","name":"Projeto GO","description":"Guias de c\u00e2maras de a\u00e7\u00e3o e an\u00e1lises de equipamento para criadores","publisher":{"@id":"https:\/\/projectgo.pro\/#organization"},"potentialAction":[{"@type":"SearchAction","target":{"@type":"EntryPoint","urlTemplate":"https:\/\/projectgo.pro\/?s={search_term_string}"},"query-input":{"@type":"PropertyValueSpecification","valueRequired":true,"valueName":"search_term_string"}}],"inLanguage":"pt-PT"},{"@type":"Organization","@id":"https:\/\/projectgo.pro\/#organization","name":"Projeto GO","url":"https:\/\/projectgo.pro\/","logo":{"@type":"ImageObject","inLanguage":"pt-PT","@id":"https:\/\/projectgo.pro\/#\/schema\/logo\/image\/","url":"https:\/\/projectgo.pro\/wp-content\/uploads\/2023\/10\/ProjectGO-favicon.png","contentUrl":"https:\/\/projectgo.pro\/wp-content\/uploads\/2023\/10\/ProjectGO-favicon.png","width":513,"height":512,"caption":"ProjectGO"},"image":{"@id":"https:\/\/projectgo.pro\/#\/schema\/logo\/image\/"},"sameAs":["https:\/\/www.facebook.com\/pages\/ProjectGoPro\/1424889017736927","https:\/\/www.youtube.com\/channel\/UCa7KT9TjfpHE0Tcgy727RNg"]}]}},"tpgb_featured_images":null,"tpgb_post_meta_info":{"get_date":"Dezembro 16, 2023","get_modified_date":"Dezembro 16, 2023","category_list":{"category":false,"post_tag":false},"author_name":"Andy Magri","author_url":"https:\/\/projectgo.pro\/pt\/author\/andy-magri\/","author_email":"projectgopromail@gmail.com","author_website":"http:\/\/projectgo.pro","author_description":"I\u2019m Andy Magri, an Italian filmmaker and content creator. After graduating from University, I set off to explore the world while creating guides and reviews featuring the video gear I love and use the most. With the help of my awesome team, we share tips and reviews about GoPro, Insta360, DJI, smartphone cameras, drones, editing software and anything around action video-making. I hope my guides not only help you find the perfect camera equipment, but also inspire you to get out there and create! Since publishing my first tutorial on ProjectGO, seven years ago, our content has helped over 2M creators worldwide. Start by downloading the <a href=\"http:\/\/projectgo.pro\/\">FREE GoPro Settings Cheat Sheet.","author_facebook":"","author_twitter":"","author_instagram":"","author_role":["administrator"],"author_firstname":"Andy","author_lastname":"Magri","user_login":"andy-magri","author_avatar":"<img alt='' src='https:\/\/secure.gravatar.com\/avatar\/ecb40f3aef4515d91d6060803d92cea39ca50d0051a359a9068f99661051e95e?s=200&#038;d=mm&#038;r=g' srcset='https:\/\/secure.gravatar.com\/avatar\/ecb40f3aef4515d91d6060803d92cea39ca50d0051a359a9068f99661051e95e?s=400&#038;d=mm&#038;r=g 2x' class='avatar avatar-200 photo' height='200' width='200' decoding='async'\/>","author_avatar_url":"https:\/\/secure.gravatar.com\/avatar\/ecb40f3aef4515d91d6060803d92cea39ca50d0051a359a9068f99661051e95e?s=96&d=mm&r=g","comment_count":16,"post_likes":0,"post_views":0},"tpgb_post_category":[],"amp_enabled":true,"_links":{"self":[{"href":"https:\/\/projectgo.pro\/pt\/wp-json\/wp\/v2\/pages\/9508","targetHints":{"allow":["GET"]}}],"collection":[{"href":"https:\/\/projectgo.pro\/pt\/wp-json\/wp\/v2\/pages"}],"about":[{"href":"https:\/\/projectgo.pro\/pt\/wp-json\/wp\/v2\/types\/page"}],"author":[{"embeddable":true,"href":"https:\/\/projectgo.pro\/pt\/wp-json\/wp\/v2\/users\/519"}],"replies":[{"embeddable":true,"href":"https:\/\/projectgo.pro\/pt\/wp-json\/wp\/v2\/comments?post=9508"}],"version-history":[{"count":0,"href":"https:\/\/projectgo.pro\/pt\/wp-json\/wp\/v2\/pages\/9508\/revisions"}],"wp:attachment":[{"href":"https:\/\/projectgo.pro\/pt\/wp-json\/wp\/v2\/media?parent=9508"}],"wp:term":[{"taxonomy":"category","embeddable":true,"href":"https:\/\/projectgo.pro\/pt\/wp-json\/wp\/v2\/categories?post=9508"},{"taxonomy":"post_tag","embeddable":true,"href":"https:\/\/projectgo.pro\/pt\/wp-json\/wp\/v2\/tags?post=9508"}],"curies":[{"name":"wp","href":"https:\/\/api.w.org\/{rel}","templated":true}]}}