{"id":4313,"date":"2014-01-18T05:33:49","date_gmt":"2014-01-18T05:33:49","guid":{"rendered":"http:\/\/projectgo.pro\/?page_id=4313"},"modified":"2023-12-16T08:39:57","modified_gmt":"2023-12-16T16:39:57","slug":"contact","status":"publish","type":"page","link":"https:\/\/projectgo.pro\/pt\/contato\/","title":{"rendered":"Contato"},"content":{"rendered":"<p>Please take a second to see if your question has already been answered, otherwise you can contact us directly via email (bottom of this page).<\/p>\n<h2>Perguntas frequentes<\/h2>\n<p><strong>Qual \u00e9 a sua pol\u00edtica de devolu\u00e7\u00e3o?<\/strong><\/p>\n<p class=\"p1\">Oferecemos uma garantia de reembolso total de 30 dias em todos os produtos. Se voc\u00ea n\u00e3o estiver satisfeito, por favor, avise-nos em <a href=\"mailto:team@projectgo.pro\">team@projectgo.pro<\/a>&nbsp;e reembolsaremos sua compra.<\/p>\n<p><strong>Qual \u00e9 o objetivo do seu site?<\/strong><\/p>\n<p>O ProjectGO foi criado para ensinar aos usu\u00e1rios iniciantes do GoPro como dominar os conceitos b\u00e1sicos de videografia e produ\u00e7\u00e3o de filmes por meio de tutoriais gratuitos em sites e produtos educacionais pagos.<\/p>\n<p><strong>Quem criou seu site?<\/strong><\/p>\n<p><span class=\"s1\">ProjectGO \u00e9 executado por Andy, filmmaker e usu\u00e1rio de longa data GoPro. Neste blog ele compartilha seu conhecimento adquirido ao longo dos anos de cinema profissional com GoPro e action cameras atrav\u00e9s de tutoriais gratuitos, resenhas e cursos em v\u00eddeo.<\/span><\/p>\n<p><strong>O que \u00e9 a folha de dicas da GoPro?<\/strong><\/p>\n<p>A folha de dicas da GoPro \u00e9 um recurso gratuito que fornece configura\u00e7\u00f5es de configura\u00e7\u00f5es para uma variedade de condi\u00e7\u00f5es de filmagem.<\/p>\n<p><strong>O que \u00e9 o Manual da GoPro?<\/strong><\/p>\n<p>O GoPro Handbook \u00e9 um livro desenvolvido para ensinar aos usu\u00e1rios iniciantes da GoPro como configurar, gravar e editar v\u00eddeos GoPro de qualidade profissional.<\/p>\n<p><strong>O que \u00e9 o pacote de classifica\u00e7\u00e3o de cores GoPro LUTs?<\/strong><\/p>\n<p>O GoPro LUT&#039;s Pack \u00e9 uma cole\u00e7\u00e3o de predefini\u00e7\u00f5es de grada\u00e7\u00e3o de cores projetadas especificamente para aprimorar as cores das filmagens da GoPro na p\u00f3s-produ\u00e7\u00e3o.<\/p>\n<h2>Collaborations<\/h2>\n<p>No <a href=\"https:\/\/projectgo.pro\/about\/\">Projeto GO<\/a>, we are passionate about creating meaningful connections and partnerships. We actively seek collaborations with selected brands to bring our audience insightful product and software reviews. Our focus is on quality and relevance, ensuring that every collaboration aligns with the interests and needs of our community.<\/p>\n<p><strong>Why Collaborate with Us?<\/strong><\/p>\n<ul>\n<li><strong>Audience Reach<\/strong>: Our platform reaches a diverse and engaged audience, keen on the latest in videography and action camera technology.<\/li>\n<li><strong>Expertise and Authenticity<\/strong>: With a deep understanding of the Video and Audio niche by our videomaker Andy Magri, we provide honest and thorough reviews, offering our audience and partners genuine value.<\/li>\n<li><strong>Brand Visibility<\/strong>: Collaborating with us means your product or service will be featured in front of thousands of video creators, enhancing your brand&#8217;s visibility and reach.<\/li>\n<\/ul>\n<p><strong>Interested in Collaborating?<\/strong><\/p>\n<p>If you represent a brand that resonates with adventure, technology, and creativity, and you believe your product or service could add value to our audience, we would love to hear from you.<\/p>\n<p>Pease reach out to us at:&nbsp; <a href=\"mailto:team@projectgo.pro\" target=\"_new\" rel=\"noopener\">team@projectgo.pro<\/a><\/p>\n<h2>Follow Us!<\/h2>\n<p>Stay creative by following us on your favourite social media:<\/p>\n<p><strong>&gt;<\/strong>&nbsp;<a href=\"https:\/\/www.youtube.com\/@project-go\/videos\" target=\"_blank\" rel=\"nofollow external noopener noreferrer\" data-wpel-link=\"external\">YouTube<\/a><br \/>\n<strong>&gt;<\/strong>&nbsp;<a href=\"https:\/\/www.facebook.com\/projectgovideography\" target=\"_blank\" rel=\"nofollow external noopener noreferrer\" data-wpel-link=\"external\">Facebook<\/a><br \/>\n<strong>&gt;<\/strong>&nbsp;<a href=\"https:\/\/www.instagram.com\/projectgovideo\" target=\"_blank\" rel=\"nofollow external noopener noreferrer\" data-wpel-link=\"external\">Instagram<\/a><br \/>\n<strong>&gt;<\/strong>&nbsp;<a href=\"https:\/\/linkedin.com\/company\/projectgo-video\" target=\"_blank\" rel=\"nofollow external noopener noreferrer\" data-wpel-link=\"external\">LinkedIn<\/a><\/p>\n<h2>Informa\u00e7\u00f5es de contato<\/h2>\n<p>If you are experiencing issues with our website or products, or have other questions regarding ProjectGO, please contact us via email: <a href=\"mailto:team@projectgo.pro\" target=\"_blank\" rel=\"noopener noreferrer\">team@projectgo.pro<\/a><\/p>\n<p>Alternatively, you can call our support line during office hours (US Pacific Time): +1 689 2058467<\/p>","protected":false},"excerpt":{"rendered":"<p>Please take a second to see if your question has already been answered, otherwise you can contact us directly via email (bottom of this page)&#8230;.<\/p>","protected":false},"author":519,"featured_media":0,"parent":0,"menu_order":0,"comment_status":"open","ping_status":"closed","template":"","meta":{"tpgb_global_settings":"","_et_pb_use_builder":"off","_et_pb_old_content":"","_et_gb_content_width":"","_lmt_disableupdate":"","_lmt_disable":"","footnotes":""},"categories":[],"tags":[],"class_list":["post-4313","page","type-page","status-publish","hentry"],"yoast_head":"<!-- This site is optimized with the Yoast SEO Premium plugin v23.6 (Yoast SEO v27.3) - https:\/\/yoast.com\/product\/yoast-seo-premium-wordpress\/ -->\n<title>Contacts<\/title>\n<meta name=\"description\" content=\"For questions regarding our products, for collaborations or for general inquires, please contact us via email.\" \/>\n<meta name=\"robots\" content=\"index, follow, max-snippet:-1, max-image-preview:large, max-video-preview:-1\" \/>\n<link rel=\"canonical\" href=\"https:\/\/projectgo.pro\/pt\/contato\/\" \/>\n<meta property=\"og:locale\" content=\"pt_PT\" \/>\n<meta property=\"og:type\" content=\"article\" \/>\n<meta property=\"og:title\" content=\"Contact\" \/>\n<meta property=\"og:description\" content=\"For questions regarding our products, for collaborations or for general inquires, please contact us via email.\" \/>\n<meta property=\"og:url\" content=\"https:\/\/projectgo.pro\/pt\/contato\/\" \/>\n<meta property=\"og:site_name\" content=\"ProjectGO\" \/>\n<meta property=\"article:publisher\" content=\"https:\/\/www.facebook.com\/pages\/ProjectGoPro\/1424889017736927\" \/>\n<meta property=\"article:modified_time\" content=\"2023-12-16T16:39:57+00:00\" \/>\n<meta name=\"twitter:card\" content=\"summary_large_image\" \/>\n<meta name=\"twitter:label1\" content=\"Tempo estimado de leitura\" \/>\n\t<meta name=\"twitter:data1\" content=\"2 minutos\" \/>\n<script type=\"application\/ld+json\" class=\"yoast-schema-graph\">{\"@context\":\"https:\\\/\\\/schema.org\",\"@graph\":[{\"@type\":\"WebPage\",\"@id\":\"https:\\\/\\\/projectgo.pro\\\/contact\\\/\",\"url\":\"https:\\\/\\\/projectgo.pro\\\/contact\\\/\",\"name\":\"Contacts\",\"isPartOf\":{\"@id\":\"https:\\\/\\\/projectgo.pro\\\/#website\"},\"datePublished\":\"2014-01-18T05:33:49+00:00\",\"dateModified\":\"2023-12-16T16:39:57+00:00\",\"description\":\"For questions regarding our products, for collaborations or for general inquires, please contact us via email.\",\"inLanguage\":\"pt-PT\",\"potentialAction\":[{\"@type\":\"ReadAction\",\"target\":[\"https:\\\/\\\/projectgo.pro\\\/contact\\\/\"]}]},{\"@type\":\"WebSite\",\"@id\":\"https:\\\/\\\/projectgo.pro\\\/#website\",\"url\":\"https:\\\/\\\/projectgo.pro\\\/\",\"name\":\"ProjectGO\",\"description\":\"Action Camera Guides &amp; Gear Reviews for Creators\",\"publisher\":{\"@id\":\"https:\\\/\\\/projectgo.pro\\\/#organization\"},\"potentialAction\":[{\"@type\":\"SearchAction\",\"target\":{\"@type\":\"EntryPoint\",\"urlTemplate\":\"https:\\\/\\\/projectgo.pro\\\/?s={search_term_string}\"},\"query-input\":{\"@type\":\"PropertyValueSpecification\",\"valueRequired\":true,\"valueName\":\"search_term_string\"}}],\"inLanguage\":\"pt-PT\"},{\"@type\":\"Organization\",\"@id\":\"https:\\\/\\\/projectgo.pro\\\/#organization\",\"name\":\"ProjectGO\",\"url\":\"https:\\\/\\\/projectgo.pro\\\/\",\"logo\":{\"@type\":\"ImageObject\",\"inLanguage\":\"pt-PT\",\"@id\":\"https:\\\/\\\/projectgo.pro\\\/#\\\/schema\\\/logo\\\/image\\\/\",\"url\":\"https:\\\/\\\/projectgo.pro\\\/wp-content\\\/uploads\\\/2023\\\/10\\\/ProjectGO-favicon.png\",\"contentUrl\":\"https:\\\/\\\/projectgo.pro\\\/wp-content\\\/uploads\\\/2023\\\/10\\\/ProjectGO-favicon.png\",\"width\":513,\"height\":512,\"caption\":\"ProjectGO\"},\"image\":{\"@id\":\"https:\\\/\\\/projectgo.pro\\\/#\\\/schema\\\/logo\\\/image\\\/\"},\"sameAs\":[\"https:\\\/\\\/www.facebook.com\\\/pages\\\/ProjectGoPro\\\/1424889017736927\",\"https:\\\/\\\/www.youtube.com\\\/channel\\\/UCa7KT9TjfpHE0Tcgy727RNg\"]}]}<\/script>\n<!-- \/ Yoast SEO Premium plugin. -->","yoast_head_json":{"title":"Contactos","description":"For questions regarding our products, for collaborations or for general inquires, please contact us via email.","robots":{"index":"index","follow":"follow","max-snippet":"max-snippet:-1","max-image-preview":"max-image-preview:large","max-video-preview":"max-video-preview:-1"},"canonical":"https:\/\/projectgo.pro\/pt\/contato\/","og_locale":"pt_PT","og_type":"article","og_title":"Contact","og_description":"For questions regarding our products, for collaborations or for general inquires, please contact us via email.","og_url":"https:\/\/projectgo.pro\/pt\/contato\/","og_site_name":"ProjectGO","article_publisher":"https:\/\/www.facebook.com\/pages\/ProjectGoPro\/1424889017736927","article_modified_time":"2023-12-16T16:39:57+00:00","twitter_card":"summary_large_image","twitter_misc":{"Tempo estimado de leitura":"2 minutos"},"schema":{"@context":"https:\/\/schema.org","@graph":[{"@type":"WebPage","@id":"https:\/\/projectgo.pro\/contact\/","url":"https:\/\/projectgo.pro\/contact\/","name":"Contactos","isPartOf":{"@id":"https:\/\/projectgo.pro\/#website"},"datePublished":"2014-01-18T05:33:49+00:00","dateModified":"2023-12-16T16:39:57+00:00","description":"For questions regarding our products, for collaborations or for general inquires, please contact us via email.","inLanguage":"pt-PT","potentialAction":[{"@type":"ReadAction","target":["https:\/\/projectgo.pro\/contact\/"]}]},{"@type":"WebSite","@id":"https:\/\/projectgo.pro\/#website","url":"https:\/\/projectgo.pro\/","name":"Projeto GO","description":"Guias de c\u00e2maras de a\u00e7\u00e3o e an\u00e1lises de equipamento para criadores","publisher":{"@id":"https:\/\/projectgo.pro\/#organization"},"potentialAction":[{"@type":"SearchAction","target":{"@type":"EntryPoint","urlTemplate":"https:\/\/projectgo.pro\/?s={search_term_string}"},"query-input":{"@type":"PropertyValueSpecification","valueRequired":true,"valueName":"search_term_string"}}],"inLanguage":"pt-PT"},{"@type":"Organization","@id":"https:\/\/projectgo.pro\/#organization","name":"Projeto GO","url":"https:\/\/projectgo.pro\/","logo":{"@type":"ImageObject","inLanguage":"pt-PT","@id":"https:\/\/projectgo.pro\/#\/schema\/logo\/image\/","url":"https:\/\/projectgo.pro\/wp-content\/uploads\/2023\/10\/ProjectGO-favicon.png","contentUrl":"https:\/\/projectgo.pro\/wp-content\/uploads\/2023\/10\/ProjectGO-favicon.png","width":513,"height":512,"caption":"ProjectGO"},"image":{"@id":"https:\/\/projectgo.pro\/#\/schema\/logo\/image\/"},"sameAs":["https:\/\/www.facebook.com\/pages\/ProjectGoPro\/1424889017736927","https:\/\/www.youtube.com\/channel\/UCa7KT9TjfpHE0Tcgy727RNg"]}]}},"tpgb_featured_images":null,"tpgb_post_meta_info":{"get_date":"Dezembro 16, 2023","get_modified_date":"Dezembro 16, 2023","category_list":{"category":false,"post_tag":false},"author_name":"Andy Magri","author_url":"https:\/\/projectgo.pro\/pt\/author\/andy-magri\/","author_email":"projectgopromail@gmail.com","author_website":"http:\/\/projectgo.pro","author_description":"I\u2019m Andy Magri, an Italian filmmaker and content creator. After graduating from University, I set off to explore the world while creating guides and reviews featuring the video gear I love and use the most. With the help of my awesome team, we share tips and reviews about GoPro, Insta360, DJI, smartphone cameras, drones, editing software and anything around action video-making. I hope my guides not only help you find the perfect camera equipment, but also inspire you to get out there and create! Since publishing my first tutorial on ProjectGO, seven years ago, our content has helped over 2M creators worldwide. Start by downloading the <a href=\"http:\/\/projectgo.pro\/\">FREE GoPro Settings Cheat Sheet.","author_facebook":"","author_twitter":"","author_instagram":"","author_role":["administrator"],"author_firstname":"Andy","author_lastname":"Magri","user_login":"andy-magri","author_avatar":"<img alt='' src='https:\/\/secure.gravatar.com\/avatar\/ecb40f3aef4515d91d6060803d92cea39ca50d0051a359a9068f99661051e95e?s=200&#038;d=mm&#038;r=g' srcset='https:\/\/secure.gravatar.com\/avatar\/ecb40f3aef4515d91d6060803d92cea39ca50d0051a359a9068f99661051e95e?s=400&#038;d=mm&#038;r=g 2x' class='avatar avatar-200 photo' height='200' width='200' decoding='async'\/>","author_avatar_url":"https:\/\/secure.gravatar.com\/avatar\/ecb40f3aef4515d91d6060803d92cea39ca50d0051a359a9068f99661051e95e?s=96&d=mm&r=g","comment_count":381,"post_likes":0,"post_views":0},"tpgb_post_category":[],"amp_enabled":true,"_links":{"self":[{"href":"https:\/\/projectgo.pro\/pt\/wp-json\/wp\/v2\/pages\/4313","targetHints":{"allow":["GET"]}}],"collection":[{"href":"https:\/\/projectgo.pro\/pt\/wp-json\/wp\/v2\/pages"}],"about":[{"href":"https:\/\/projectgo.pro\/pt\/wp-json\/wp\/v2\/types\/page"}],"author":[{"embeddable":true,"href":"https:\/\/projectgo.pro\/pt\/wp-json\/wp\/v2\/users\/519"}],"replies":[{"embeddable":true,"href":"https:\/\/projectgo.pro\/pt\/wp-json\/wp\/v2\/comments?post=4313"}],"version-history":[{"count":0,"href":"https:\/\/projectgo.pro\/pt\/wp-json\/wp\/v2\/pages\/4313\/revisions"}],"wp:attachment":[{"href":"https:\/\/projectgo.pro\/pt\/wp-json\/wp\/v2\/media?parent=4313"}],"wp:term":[{"taxonomy":"category","embeddable":true,"href":"https:\/\/projectgo.pro\/pt\/wp-json\/wp\/v2\/categories?post=4313"},{"taxonomy":"post_tag","embeddable":true,"href":"https:\/\/projectgo.pro\/pt\/wp-json\/wp\/v2\/tags?post=4313"}],"curies":[{"name":"wp","href":"https:\/\/api.w.org\/{rel}","templated":true}]}}