{"id":13888,"date":"2018-12-14T05:40:36","date_gmt":"2018-12-14T13:40:36","guid":{"rendered":"http:\/\/projectgo.pro\/?page_id=13888"},"modified":"2023-12-16T08:40:33","modified_gmt":"2023-12-16T16:40:33","slug":"terms-and-conditions","status":"publish","type":"page","link":"https:\/\/projectgo.pro\/pt\/termos-e-condicoes\/","title":{"rendered":"Termos e Condi\u00e7\u00f5es"},"content":{"rendered":"<p>These terms and conditions outline the rules and regulations for the use of <a href=\"https:\/\/projectgo.pro\/about\/\">ProjectGo<\/a>&#8216;s website. By accessing this website we assume you accept these terms and conditions in full. Do not continue to use ProjectGo&#8217;s website if you do not accept all of the terms and conditions stated on this page.<\/p>\n<p>A seguinte terminologia se aplica a estes termos e condi\u00e7\u00f5es, declara\u00e7\u00e3o de privacidade e aviso de isen\u00e7\u00e3o de responsabilidade e qualquer ou todos os acordos: \u201cCliente\u201d, \u201cVoc\u00ea\u201d e \u201cSeu\u201d referem-se a voc\u00ea, a pessoa que acessa este site e aceita os termos e condi\u00e7\u00f5es da empresa. \u201cA Empresa\u201d, \u201cN\u00f3s mesmos\u201d, \u201cN\u00f3s\u201d, \u201cNosso\u201d e \u201cN\u00f3s\u201d, refere-se \u00e0 nossa Empresa. \u201cParte\u201d, \u201cPartes\u201d ou \u201cN\u00f3s\u201d refere-se tanto ao cliente quanto a n\u00f3s mesmos, ou ao cliente ou a n\u00f3s mesmos.<\/p>\n<p>Todos os termos referem-se \u00e0 oferta, aceita\u00e7\u00e3o e contrapresta\u00e7\u00e3o do pagamento necess\u00e1rio para realizar o processo de nossa assist\u00eancia ao cliente da forma mais adequada, seja por meio de reuni\u00f5es formais de dura\u00e7\u00e3o fixa, ou qualquer outro meio, com o objetivo expresso de atender \u00e0s necessidades do cliente em rela\u00e7\u00e3o ao fornecimento dos servi\u00e7os\/produtos declarados da empresa, de acordo com e sujeitos \u00e0 lei vigente dos Estados Unidos. Qualquer uso da terminologia acima ou outras palavras no singular, plural, mai\u00fasculas e\/ou ele\/ela ou eles, s\u00e3o considerados intercambi\u00e1veis e, portanto, referentes aos mesmos.<\/p>\n<h2><strong>Biscoitos<\/strong><\/h2>\n<p>Empregamos o uso de cookies. Ao usar o site do ProjectGo, voc\u00ea concorda com o uso de cookies de acordo com o ProjectGo <a href=\"\/privacy-policy\/\">pol\u00edtica de Privacidade<\/a>. A maioria dos sites interativos modernos usa cookies para nos permitir recuperar detalhes do usu\u00e1rio para cada visita. Os cookies s\u00e3o usados em algumas \u00e1reas do nosso site para permitir a funcionalidade desta \u00e1rea e facilidade de uso para as pessoas que visitam. Alguns de nossos afiliados\/parceiros de publicidade tamb\u00e9m podem usar cookies.<\/p>\n<h2><strong>Licen\u00e7a<\/strong><\/h2>\n<p>Salvo indica\u00e7\u00e3o em contr\u00e1rio, o ProjectGo e\/ou seus licenciadores possuem os direitos de propriedade intelectual de todo o material do ProjectGo. Todos os direitos de propriedade intelectual s\u00e3o reservados. Voc\u00ea pode visualizar e\/ou imprimir p\u00e1ginas de http:\/\/projectgo.pro para seu uso pessoal sujeito \u00e0s restri\u00e7\u00f5es estabelecidas nestes termos e condi\u00e7\u00f5es.<\/p>\n<h2><strong>Voc\u00ea n\u00e3o deve:<\/strong><\/h2>\n<ul>\n<li>Republicar material de http:\/\/projectgo.pro sem nosso consentimento<\/li>\n<li>Vender, alugar ou sublicenciar material de http:\/\/projectgo.pro<\/li>\n<li>Reproduza, duplique ou copie material de http:\/\/projectgo.pro<\/li>\n<li>Redistribua o conte\u00fado do ProjectGo (a menos que o conte\u00fado seja feito especificamente para redistribui\u00e7\u00e3o).<\/li>\n<\/ul>\n<h2><strong>Coment\u00e1rios do usu\u00e1rio<\/strong><\/h2>\n<p>Este Contrato ter\u00e1 in\u00edcio na presente data.<\/p>\n<ul>\n<li>Certas partes deste site oferecem aos usu\u00e1rios a oportunidade de postar e trocar opini\u00f5es, informa\u00e7\u00f5es, materiais e dados (&#039;Coment\u00e1rios&#039;) em \u00e1reas do site. O ProjectGo n\u00e3o seleciona, edita, publica ou revisa coment\u00e1rios antes de sua apari\u00e7\u00e3o no site e os coment\u00e1rios n\u00e3o refletem as opini\u00f5es do ProjectGo, seus agentes ou afiliados. Os coment\u00e1rios refletem a vis\u00e3o e a opini\u00e3o da pessoa que publica tal vis\u00e3o ou opini\u00e3o. Na medida do permitido pelas leis aplic\u00e1veis, o ProjectGo n\u00e3o ser\u00e1 respons\u00e1vel pelos coment\u00e1rios ou por qualquer perda de custo, responsabilidade, danos ou despesas causados e ou sofridos como resultado de qualquer uso e\/ou publica\u00e7\u00e3o e\/ou apar\u00eancia do coment\u00e1rios neste site.<\/li>\n<li>A ProjectGo reserva-se o direito de monitorar todos os coment\u00e1rios e remover quaisquer coment\u00e1rios que considere, a seu crit\u00e9rio absoluto, inapropriados, ofensivos ou que violem estes termos e condi\u00e7\u00f5es.<\/li>\n<li>Voc\u00ea garante e declara que:<\/li>\n<li>Voc\u00ea tem o direito de postar os coment\u00e1rios em nosso site e tem todas as licen\u00e7as e consentimentos necess\u00e1rios para faz\u00ea-lo;<\/li>\n<li>Os coment\u00e1rios n\u00e3o infringem nenhum direito de propriedade intelectual, incluindo, sem limita\u00e7\u00e3o, direitos autorais, patente ou marca registrada, ou outro direito de propriedade de terceiros;<\/li>\n<li>Os coment\u00e1rios n\u00e3o cont\u00eam nenhum material difamat\u00f3rio, calunioso, ofensivo, indecente ou ilegal ou material que seja uma invas\u00e3o de privacidade<\/li>\n<li>Os coment\u00e1rios n\u00e3o ser\u00e3o usados para solicitar ou promover neg\u00f3cios ou costumes ou apresentar atividades comerciais ou atividades ilegais.<\/li>\n<li>Voc\u00ea concede ao ProjectGo uma licen\u00e7a n\u00e3o exclusiva e isenta de royalties para usar, reproduzir, editar e autorizar outros a usar, reproduzir e editar qualquer um de seus coment\u00e1rios em todas e quaisquer formas, formatos ou m\u00eddia.<\/li>\n<\/ul>\n<h2><strong>Hiperlinks para o nosso conte\u00fado<\/strong><\/h2>\n<p>As seguintes organiza\u00e7\u00f5es podem criar links para nosso site sem aprova\u00e7\u00e3o pr\u00e9via por escrito \u2013 essas organiza\u00e7\u00f5es podem criar links para nossa p\u00e1gina inicial, publica\u00e7\u00f5es ou outras informa\u00e7\u00f5es do site, desde que o link: (a) n\u00e3o seja enganoso de forma alguma; (b) n\u00e3o implique falsamente patroc\u00ednio, endosso ou aprova\u00e7\u00e3o da parte vinculada e seus produtos ou servi\u00e7os; e (c) se enquadre no contexto do site da parte vinculada:<\/p>\n<ul>\n<li>Ag\u00eancias governamentais;<\/li>\n<li>Motores de busca;<\/li>\n<li>Organiza\u00e7\u00f5es de not\u00edcias;<\/li>\n<li>Os distribuidores de diret\u00f3rios on-line, quando nos listam no diret\u00f3rio, podem vincular-se ao nosso site na mesma<br \/>\nmaneira como eles linkam para os sites de outras empresas listadas; e<\/li>\n<li>Empresas credenciadas em todo o sistema, exceto solicitar organiza\u00e7\u00f5es sem fins lucrativos, shopping centers de caridade,<br \/>\ne grupos de angaria\u00e7\u00e3o de fundos de caridade que podem n\u00e3o ter hiperliga\u00e7\u00f5es para o nosso site.<\/li>\n<\/ul>\n<p>We may consider and approve in our sole discretion other link requests from the following types of organizations &#8211;&nbsp;We will approve link requests from these organizations if we determine that: (a) the link would not reflect unfavorably on us or our accredited businesses (for example, trade associations or other organizations representing inherently suspect types of business, such as work-at-home opportunities, shall not be allowed to link); (b) the organization does not have an unsatisfactory record with us; (c) the benefit to us from the visibility associated with the hyperlink outweighs the absence of <!--?=$companyName?-->; e (d) quando o link estiver no contexto de informa\u00e7\u00f5es gerais sobre recursos ou for consistente com o conte\u00fado editorial de um boletim informativo ou produto similar, promovendo a miss\u00e3o da organiza\u00e7\u00e3o:<\/p>\n<ul>\n<li>fontes de informa\u00e7\u00f5es de consumidores e\/ou neg\u00f3cios comumente conhecidas, como C\u00e2maras de Com\u00e9rcio, American Automobile Association, AARP e Consumers Union;<\/li>\n<li>sites da comunidade ponto.com;<\/li>\n<li>associa\u00e7\u00f5es ou outros grupos que representam institui\u00e7\u00f5es de caridade, incluindo sites de caridade,<\/li>\n<li>distribuidores de diret\u00f3rios on-line;<\/li>\n<li>portais de internet;<\/li>\n<li>escrit\u00f3rios de contabilidade, advocacia e consultoria cujos principais clientes s\u00e3o empresas; e<\/li>\n<li>institui\u00e7\u00f5es de ensino e associa\u00e7\u00f5es comerciais.<\/li>\n<\/ul>\n<p>Essas organiza\u00e7\u00f5es podem criar links para nossa p\u00e1gina inicial, publica\u00e7\u00f5es ou outras informa\u00e7\u00f5es do site, desde que o link: (a) n\u00e3o seja enganoso de forma alguma; (b) n\u00e3o implique falsamente patroc\u00ednio, endosso ou aprova\u00e7\u00e3o da parte vinculada e seus produtos ou servi\u00e7os; e (c) se enquadre no contexto do site da parte vinculada. Se voc\u00ea est\u00e1 entre as organiza\u00e7\u00f5es listadas no par\u00e1grafo 2 acima e est\u00e1 interessado em se conectar ao nosso site, voc\u00ea deve nos notificar enviando um e-mail para <a title=\"envie um email para team@projectgo.pro\" href=\"mailto:team@projectgo.pro\">team@projectgo.pro<\/a>.<\/p>\n<p>Inclua seu nome, o nome da sua organiza\u00e7\u00e3o, informa\u00e7\u00f5es de contato (como n\u00famero de telefone e\/ou endere\u00e7o de e-mail), bem como o URL do seu site, uma lista de todos os URLs dos quais voc\u00ea pretende vincular ao nosso site, e uma lista do(s) URL(s) em nosso site para o qual voc\u00ea gostaria de vincular. Aguarde 2-3 semanas para uma resposta. As organiza\u00e7\u00f5es aprovadas podem criar links para o nosso site da seguinte forma:<\/p>\n<ul>\n<li>Pelo uso de nosso nome corporativo; ou<\/li>\n<li>Pelo uso do localizador uniforme de recursos (endere\u00e7o da web) ao qual est\u00e1 vinculado; ou<\/li>\n<li>Ao usar qualquer outra descri\u00e7\u00e3o de nosso site ou material vinculado ao qual fa\u00e7a sentido dentro do<br \/>\ncontexto e formato do conte\u00fado no site da parte vinculada.<\/li>\n<\/ul>\n<h2><strong>Reserva de Direitos<\/strong><\/h2>\n<p>Reservamo-nos o direito de, a qualquer momento e a seu exclusivo crit\u00e9rio, solicitar que voc\u00ea remova todos os links ou qualquer link espec\u00edfico para nosso site. Voc\u00ea concorda em remover imediatamente todos os links para nosso site mediante tal solicita\u00e7\u00e3o. Tamb\u00e9m nos reservamos o direito de alterar estes termos e condi\u00e7\u00f5es e sua pol\u00edtica de vincula\u00e7\u00e3o a qualquer momento. Ao continuar a vincular nosso site, voc\u00ea concorda em se comprometer e cumprir estes termos e condi\u00e7\u00f5es de vincula\u00e7\u00e3o.<\/p>\n<h2><strong>Remo\u00e7\u00e3o de links do nosso site<\/strong><\/h2>\n<p>Se voc\u00ea encontrar qualquer link em nosso site ou qualquer site vinculado censur\u00e1vel por qualquer motivo, entre em contato conosco sobre isso. Consideraremos solicita\u00e7\u00f5es para remover links, mas n\u00e3o teremos obriga\u00e7\u00e3o de faz\u00ea-lo ou responder diretamente a voc\u00ea. Embora nos esforcemos para garantir que as informa\u00e7\u00f5es neste site estejam corretas, n\u00e3o garantimos sua integridade ou precis\u00e3o; nem nos comprometemos a garantir que o site permane\u00e7a dispon\u00edvel ou que o material no site seja mantido atualizado.<\/p>\n<h2><strong>Responsabilidade de conte\u00fado<\/strong><\/h2>\n<p>N\u00e3o teremos nenhuma responsabilidade ou obriga\u00e7\u00e3o por qualquer conte\u00fado que apare\u00e7a em seu site. Voc\u00ea concorda em indenizar e nos defender contra todas as reivindica\u00e7\u00f5es decorrentes ou baseadas em seu site. Nenhum link pode aparecer em qualquer p\u00e1gina do seu site ou em qualquer contexto que contenha conte\u00fado ou materiais que possam ser interpretados como caluniosos, obscenos ou criminosos, ou que infrinja, viole de outra forma ou defenda a viola\u00e7\u00e3o ou outra viola\u00e7\u00e3o de qualquer direitos de terceiros.<\/p>\n<h2><strong>Isen\u00e7\u00e3o de responsabilidade<\/strong><\/h2>\n<p>Na extens\u00e3o m\u00e1xima permitida pela lei aplic\u00e1vel, exclu\u00edmos todas as representa\u00e7\u00f5es, garantias e condi\u00e7\u00f5es relacionadas ao nosso site e ao uso deste site (incluindo, sem limita\u00e7\u00e3o, quaisquer garantias impl\u00edcitas por lei em rela\u00e7\u00e3o \u00e0 qualidade satisfat\u00f3ria, adequa\u00e7\u00e3o ao prop\u00f3sito e\/ou o uso de cuidado e habilidade razo\u00e1veis). Nada neste aviso legal ir\u00e1:<\/p>\n<ul>\n<li>limitar ou excluir nossa ou sua responsabilidade por morte ou danos pessoais resultantes de neglig\u00eancia;<\/li>\n<li>limitar ou excluir nossa ou sua responsabilidade por fraude ou deturpa\u00e7\u00e3o fraudulenta;<\/li>\n<li>limitar qualquer uma de nossas ou suas responsabilidades de qualquer forma que n\u00e3o seja permitida pela lei aplic\u00e1vel; ou<\/li>\n<li>excluir qualquer uma de nossas ou suas responsabilidades que n\u00e3o possam ser exclu\u00eddas pela lei aplic\u00e1vel.<\/li>\n<\/ul>\n<p>As limita\u00e7\u00f5es e exclus\u00f5es de responsabilidade estabelecidas nesta Se\u00e7\u00e3o e em outras partes desta isen\u00e7\u00e3o de responsabilidade: (a) est\u00e3o sujeitas ao par\u00e1grafo anterior; e (b) reger todas as responsabilidades decorrentes da isen\u00e7\u00e3o de responsabilidade ou em rela\u00e7\u00e3o ao assunto desta isen\u00e7\u00e3o de responsabilidade, incluindo responsabilidades decorrentes de contrato, ato il\u00edcito (incluindo neglig\u00eancia) e viola\u00e7\u00e3o de dever legal. Na medida em que o site e as informa\u00e7\u00f5es e servi\u00e7os no site s\u00e3o fornecidos gratuitamente, n\u00e3o seremos respons\u00e1veis por quaisquer perdas ou danos de qualquer natureza.<\/p>\n<h2><strong>Isen\u00e7\u00e3o de responsabilidade da GoPro, Inc.<\/strong><\/h2>\n<p>GoPro, HERO, Session, Karma and their respective logos are trademarks or registered trademarks of GoPro, Inc. Any mention of GoPro, Inc. is purely for the purpose of illustration and education. ProjectGo is&nbsp;not associated with any product or vendor mentioned in this website, nor in any of its products. All trademarks are the property of their respective owners.<\/p>\n<h2>Informa\u00e7\u00f5es de contato<\/h2>\n<p>If you have any questions or concerns regarding out T&amp;C, or if you wish to contact us by email, you can reach us at the following address: <a href=\"mailto:team@projectgo.pro\" target=\"_new\" rel=\"noopener\">team@projectgo.pro<\/a><\/p>\n<p>Em alternativa, pode contactar o nosso servi\u00e7o de apoio durante o hor\u00e1rio de expediente (hora do Pac\u00edfico dos EUA): +1 689 2058467<\/p>\n<p>Se desejar contactar-nos por correio, pode faz\u00ea-lo atrav\u00e9s do seguinte endere\u00e7o:<\/p>\n<p><strong>Projeto GO<\/strong><br \/>\n7345 W Sand Lake Rd.<br \/>\nOrlando, Fl\u00f3rida 32819<br \/>\nEstados Unidos<\/p>\n<p><strong>Observa\u00e7\u00e3o:<\/strong> N\u00e3o aceitaremos qualquer entrega se n\u00e3o nos informar previamente por correio eletr\u00f3nico.<\/p>","protected":false},"excerpt":{"rendered":"<p>These terms and conditions outline the rules and regulations for the use of ProjectGo&#8216;s website. By accessing this website we assume you accept these terms&#8230;<\/p>","protected":false},"author":519,"featured_media":0,"parent":0,"menu_order":0,"comment_status":"closed","ping_status":"closed","template":"","meta":{"tpgb_global_settings":"","_et_pb_use_builder":"off","_et_pb_old_content":"","_et_gb_content_width":"","_lmt_disableupdate":"","_lmt_disable":"","footnotes":""},"categories":[],"tags":[],"class_list":["post-13888","page","type-page","status-publish","hentry"],"yoast_head":"<!-- This site is optimized with the Yoast SEO Premium plugin v23.6 (Yoast SEO v27.3) - https:\/\/yoast.com\/product\/yoast-seo-premium-wordpress\/ -->\n<title>Terms and Conditions &#187; ProjectGO<\/title>\n<meta name=\"description\" content=\"For rules and regulations regarding the use of our website (cookies, hyperlinking, commenting) please read our terms and conditions page.\" \/>\n<meta name=\"robots\" content=\"index, follow, max-snippet:-1, max-image-preview:large, max-video-preview:-1\" \/>\n<link rel=\"canonical\" href=\"https:\/\/projectgo.pro\/pt\/termos-e-condicoes\/\" \/>\n<meta property=\"og:locale\" content=\"pt_PT\" \/>\n<meta property=\"og:type\" content=\"article\" \/>\n<meta property=\"og:title\" content=\"Terms and Conditions\" \/>\n<meta property=\"og:description\" content=\"For rules and regulations regarding the use of our website (cookies, hyperlinking, commenting) please read our terms and conditions page.\" \/>\n<meta property=\"og:url\" content=\"https:\/\/projectgo.pro\/pt\/termos-e-condicoes\/\" \/>\n<meta property=\"og:site_name\" content=\"ProjectGO\" \/>\n<meta property=\"article:publisher\" content=\"https:\/\/www.facebook.com\/pages\/ProjectGoPro\/1424889017736927\" \/>\n<meta property=\"article:modified_time\" content=\"2023-12-16T16:40:33+00:00\" \/>\n<meta name=\"twitter:card\" content=\"summary_large_image\" \/>\n<meta name=\"twitter:label1\" content=\"Tempo estimado de leitura\" \/>\n\t<meta name=\"twitter:data1\" content=\"9 minutos\" \/>\n<script type=\"application\/ld+json\" class=\"yoast-schema-graph\">{\"@context\":\"https:\\\/\\\/schema.org\",\"@graph\":[{\"@type\":\"WebPage\",\"@id\":\"https:\\\/\\\/projectgo.pro\\\/terms-and-conditions\\\/\",\"url\":\"https:\\\/\\\/projectgo.pro\\\/terms-and-conditions\\\/\",\"name\":\"Terms and Conditions &#187; ProjectGO\",\"isPartOf\":{\"@id\":\"https:\\\/\\\/projectgo.pro\\\/#website\"},\"datePublished\":\"2018-12-14T13:40:36+00:00\",\"dateModified\":\"2023-12-16T16:40:33+00:00\",\"description\":\"For rules and regulations regarding the use of our website (cookies, hyperlinking, commenting) please read our terms and conditions page.\",\"inLanguage\":\"pt-PT\",\"potentialAction\":[{\"@type\":\"ReadAction\",\"target\":[\"https:\\\/\\\/projectgo.pro\\\/terms-and-conditions\\\/\"]}]},{\"@type\":\"WebSite\",\"@id\":\"https:\\\/\\\/projectgo.pro\\\/#website\",\"url\":\"https:\\\/\\\/projectgo.pro\\\/\",\"name\":\"ProjectGO\",\"description\":\"Action Camera Guides &amp; Gear Reviews for Creators\",\"publisher\":{\"@id\":\"https:\\\/\\\/projectgo.pro\\\/#organization\"},\"potentialAction\":[{\"@type\":\"SearchAction\",\"target\":{\"@type\":\"EntryPoint\",\"urlTemplate\":\"https:\\\/\\\/projectgo.pro\\\/?s={search_term_string}\"},\"query-input\":{\"@type\":\"PropertyValueSpecification\",\"valueRequired\":true,\"valueName\":\"search_term_string\"}}],\"inLanguage\":\"pt-PT\"},{\"@type\":\"Organization\",\"@id\":\"https:\\\/\\\/projectgo.pro\\\/#organization\",\"name\":\"ProjectGO\",\"url\":\"https:\\\/\\\/projectgo.pro\\\/\",\"logo\":{\"@type\":\"ImageObject\",\"inLanguage\":\"pt-PT\",\"@id\":\"https:\\\/\\\/projectgo.pro\\\/#\\\/schema\\\/logo\\\/image\\\/\",\"url\":\"https:\\\/\\\/projectgo.pro\\\/wp-content\\\/uploads\\\/2023\\\/10\\\/ProjectGO-favicon.png\",\"contentUrl\":\"https:\\\/\\\/projectgo.pro\\\/wp-content\\\/uploads\\\/2023\\\/10\\\/ProjectGO-favicon.png\",\"width\":513,\"height\":512,\"caption\":\"ProjectGO\"},\"image\":{\"@id\":\"https:\\\/\\\/projectgo.pro\\\/#\\\/schema\\\/logo\\\/image\\\/\"},\"sameAs\":[\"https:\\\/\\\/www.facebook.com\\\/pages\\\/ProjectGoPro\\\/1424889017736927\",\"https:\\\/\\\/www.youtube.com\\\/channel\\\/UCa7KT9TjfpHE0Tcgy727RNg\"]}]}<\/script>\n<!-- \/ Yoast SEO Premium plugin. -->","yoast_head_json":{"title":"Termos e condi\u00e7\u00f5es \" ProjectGO","description":"Para regras e regulamentos sobre o uso de nosso site (cookies, hiperlinks, coment\u00e1rios), leia nossa p\u00e1gina de termos e condi\u00e7\u00f5es.","robots":{"index":"index","follow":"follow","max-snippet":"max-snippet:-1","max-image-preview":"max-image-preview:large","max-video-preview":"max-video-preview:-1"},"canonical":"https:\/\/projectgo.pro\/pt\/termos-e-condicoes\/","og_locale":"pt_PT","og_type":"article","og_title":"Terms and Conditions","og_description":"For rules and regulations regarding the use of our website (cookies, hyperlinking, commenting) please read our terms and conditions page.","og_url":"https:\/\/projectgo.pro\/pt\/termos-e-condicoes\/","og_site_name":"ProjectGO","article_publisher":"https:\/\/www.facebook.com\/pages\/ProjectGoPro\/1424889017736927","article_modified_time":"2023-12-16T16:40:33+00:00","twitter_card":"summary_large_image","twitter_misc":{"Tempo estimado de leitura":"9 minutos"},"schema":{"@context":"https:\/\/schema.org","@graph":[{"@type":"WebPage","@id":"https:\/\/projectgo.pro\/terms-and-conditions\/","url":"https:\/\/projectgo.pro\/terms-and-conditions\/","name":"Termos e condi\u00e7\u00f5es \" ProjectGO","isPartOf":{"@id":"https:\/\/projectgo.pro\/#website"},"datePublished":"2018-12-14T13:40:36+00:00","dateModified":"2023-12-16T16:40:33+00:00","description":"Para regras e regulamentos sobre o uso de nosso site (cookies, hiperlinks, coment\u00e1rios), leia nossa p\u00e1gina de termos e condi\u00e7\u00f5es.","inLanguage":"pt-PT","potentialAction":[{"@type":"ReadAction","target":["https:\/\/projectgo.pro\/terms-and-conditions\/"]}]},{"@type":"WebSite","@id":"https:\/\/projectgo.pro\/#website","url":"https:\/\/projectgo.pro\/","name":"Projeto GO","description":"Guias de c\u00e2maras de a\u00e7\u00e3o e an\u00e1lises de equipamento para criadores","publisher":{"@id":"https:\/\/projectgo.pro\/#organization"},"potentialAction":[{"@type":"SearchAction","target":{"@type":"EntryPoint","urlTemplate":"https:\/\/projectgo.pro\/?s={search_term_string}"},"query-input":{"@type":"PropertyValueSpecification","valueRequired":true,"valueName":"search_term_string"}}],"inLanguage":"pt-PT"},{"@type":"Organization","@id":"https:\/\/projectgo.pro\/#organization","name":"Projeto GO","url":"https:\/\/projectgo.pro\/","logo":{"@type":"ImageObject","inLanguage":"pt-PT","@id":"https:\/\/projectgo.pro\/#\/schema\/logo\/image\/","url":"https:\/\/projectgo.pro\/wp-content\/uploads\/2023\/10\/ProjectGO-favicon.png","contentUrl":"https:\/\/projectgo.pro\/wp-content\/uploads\/2023\/10\/ProjectGO-favicon.png","width":513,"height":512,"caption":"ProjectGO"},"image":{"@id":"https:\/\/projectgo.pro\/#\/schema\/logo\/image\/"},"sameAs":["https:\/\/www.facebook.com\/pages\/ProjectGoPro\/1424889017736927","https:\/\/www.youtube.com\/channel\/UCa7KT9TjfpHE0Tcgy727RNg"]}]}},"tpgb_featured_images":null,"tpgb_post_meta_info":{"get_date":"Dezembro 16, 2023","get_modified_date":"Dezembro 16, 2023","category_list":{"category":false,"post_tag":false},"author_name":"Andy Magri","author_url":"https:\/\/projectgo.pro\/pt\/author\/andy-magri\/","author_email":"projectgopromail@gmail.com","author_website":"http:\/\/projectgo.pro","author_description":"I\u2019m Andy Magri, an Italian filmmaker and content creator. After graduating from University, I set off to explore the world while creating guides and reviews featuring the video gear I love and use the most. With the help of my awesome team, we share tips and reviews about GoPro, Insta360, DJI, smartphone cameras, drones, editing software and anything around action video-making. I hope my guides not only help you find the perfect camera equipment, but also inspire you to get out there and create! Since publishing my first tutorial on ProjectGO, seven years ago, our content has helped over 2M creators worldwide. Start by downloading the <a href=\"http:\/\/projectgo.pro\/\">FREE GoPro Settings Cheat Sheet.","author_facebook":"","author_twitter":"","author_instagram":"","author_role":["administrator"],"author_firstname":"Andy","author_lastname":"Magri","user_login":"andy-magri","author_avatar":"<img alt='' src='https:\/\/secure.gravatar.com\/avatar\/ecb40f3aef4515d91d6060803d92cea39ca50d0051a359a9068f99661051e95e?s=200&#038;d=mm&#038;r=g' srcset='https:\/\/secure.gravatar.com\/avatar\/ecb40f3aef4515d91d6060803d92cea39ca50d0051a359a9068f99661051e95e?s=400&#038;d=mm&#038;r=g 2x' class='avatar avatar-200 photo' height='200' width='200' decoding='async'\/>","author_avatar_url":"https:\/\/secure.gravatar.com\/avatar\/ecb40f3aef4515d91d6060803d92cea39ca50d0051a359a9068f99661051e95e?s=96&d=mm&r=g","comment_count":0,"post_likes":0,"post_views":0},"tpgb_post_category":[],"amp_enabled":true,"_links":{"self":[{"href":"https:\/\/projectgo.pro\/pt\/wp-json\/wp\/v2\/pages\/13888","targetHints":{"allow":["GET"]}}],"collection":[{"href":"https:\/\/projectgo.pro\/pt\/wp-json\/wp\/v2\/pages"}],"about":[{"href":"https:\/\/projectgo.pro\/pt\/wp-json\/wp\/v2\/types\/page"}],"author":[{"embeddable":true,"href":"https:\/\/projectgo.pro\/pt\/wp-json\/wp\/v2\/users\/519"}],"replies":[{"embeddable":true,"href":"https:\/\/projectgo.pro\/pt\/wp-json\/wp\/v2\/comments?post=13888"}],"version-history":[{"count":0,"href":"https:\/\/projectgo.pro\/pt\/wp-json\/wp\/v2\/pages\/13888\/revisions"}],"wp:attachment":[{"href":"https:\/\/projectgo.pro\/pt\/wp-json\/wp\/v2\/media?parent=13888"}],"wp:term":[{"taxonomy":"category","embeddable":true,"href":"https:\/\/projectgo.pro\/pt\/wp-json\/wp\/v2\/categories?post=13888"},{"taxonomy":"post_tag","embeddable":true,"href":"https:\/\/projectgo.pro\/pt\/wp-json\/wp\/v2\/tags?post=13888"}],"curies":[{"name":"wp","href":"https:\/\/api.w.org\/{rel}","templated":true}]}}