{"id":9508,"date":"2015-02-06T20:10:07","date_gmt":"2015-02-07T04:10:07","guid":{"rendered":"http:\/\/projectgo.pro\/privacy-policy\/"},"modified":"2023-12-16T08:40:40","modified_gmt":"2023-12-16T16:40:40","slug":"privacy-policy","status":"publish","type":"page","link":"https:\/\/projectgo.pro\/it\/politica-sulla-riservatezza\/","title":{"rendered":"Informativa sulla privacy"},"content":{"rendered":"<p>Questa politica sulla privacy \u00e8 stata compilata per servire meglio coloro che sono interessati a come le loro &quot;Informazioni di identificazione personale&quot; (PII) vengono utilizzate online. Le PII, come utilizzate nella legge sulla privacy e sulla sicurezza delle informazioni degli Stati Uniti, sono informazioni che possono essere utilizzate da sole o con altre informazioni per identificare, contattare o localizzare una singola persona o per identificare un individuo nel contesto. Si prega di leggere attentamente la nostra politica sulla privacy per avere una chiara comprensione di come raccogliamo, utilizziamo, proteggiamo o gestiamo in altro modo le tue informazioni di identificazione personale in conformit\u00e0 con il nostro sito web.<\/p>\n<p>Per saperne di pi\u00f9 sull'ProjectGO, visitate il nostro sito web <a href=\"https:\/\/projectgo.pro\/about\/\">Pagina di approfondimento<\/a>.<\/p>\n<p>Per i termini e le condizioni visitate il sito <a href=\"https:\/\/projectgo.pro\/terms-and-conditions\/\">questa pagina<\/a>.<\/p>\n<h2><strong>Quali informazioni personali raccogliamo dalle persone che visitano il nostro blog, sito Web o app?<\/strong><\/h2>\n<p>Quando utilizzi il nostro sito, a seconda dei casi, ti potrebbe essere chiesto di inserire il tuo nome, indirizzo e-mail o altri dettagli per aiutarti con la tua esperienza.<\/p>\n<h2><strong>Come utilizziamo le tue informazioni?<\/strong><\/h2>\n<p>Potremmo utilizzare le informazioni che raccogliamo da te quando ti registri, effettui un acquisto, ti iscrivi alla nostra newsletter, sblocchi il contenuto, rispondi a un sondaggio o a una comunicazione di marketing, navighi sul sito Web o utilizzi determinate altre funzionalit\u00e0 del sito nei seguenti modi:<\/p>\n<ul>\n<li>Per personalizzare l&#039;esperienza dell&#039;utente e per permetterci di fornire il tipo di contenuto e le offerte di prodotti a cui sei pi\u00f9 interessato<\/li>\n<li>Per migliorare il nostro sito Web al fine di offrirti un servizio migliore.<\/li>\n<li>Per consentirci di offrirti un servizio migliore nel rispondere alle tue richieste di assistenza clienti.<\/li>\n<li>Per amministrare un concorso, una promozione, un sondaggio o altre funzionalit\u00e0 del sito.<\/li>\n<li>Per inviare e-mail periodiche riguardanti il tuo ordine o altri prodotti e servizi.<\/li>\n<\/ul>\n<h2><strong>Utilizziamo i &quot;cookie&quot;?<\/strong><\/h2>\n<p>S\u00ec. I cookie sono piccoli file che un sito o il suo fornitore di servizi trasferisce sul disco rigido del tuo computer tramite il tuo browser Web (se consentito) che consente ai sistemi del sito o del fornitore di servizi di riconoscere il tuo browser e acquisire e ricordare determinate informazioni. Ad esempio, utilizziamo i cookie per aiutarci a ricordare ed elaborare gli articoli nel tuo carrello. Vengono anche utilizzati per aiutarci a comprendere le tue preferenze in base all&#039;attivit\u00e0 del sito precedente o attuale, il che ci consente di fornirti servizi migliori. Utilizziamo anche i cookie per aiutarci a compilare dati aggregati sul traffico del sito e sull&#039;interazione del sito in modo da poter offrire migliori esperienze e strumenti del sito in futuro.<\/p>\n<p>Utilizziamo i cookie per:<\/p>\n<ul>\n<li>Comprendere e salvare le preferenze dell&#039;utente per le visite future.<\/li>\n<li>Memorizza gli utenti che hanno sbloccato l&#039;accesso ai contenuti premium.<\/li>\n<\/ul>\n<p>Se disabiliti i cookie, alcune funzionalit\u00e0 verranno disabilitate. Influir\u00e0 sull&#039;esperienza degli utenti e alcuni dei nostri servizi non funzioneranno correttamente.<\/p>\n<h2><strong>Divulgazione di terze parti<\/strong><\/h2>\n<p>Non vendiamo, scambiamo o trasferiamo in altro modo a soggetti esterni le tue informazioni di identificazione personale a meno che non ti forniamo un preavviso. Ci\u00f2 non include i partner di hosting di siti Web e altre parti che ci assistono nella gestione del nostro sito Web, nella conduzione della nostra attivit\u00e0 o nell&#039;assistenza all&#039;utente, a condizione che tali parti accettino di mantenere riservate queste informazioni. Potremmo anche rilasciare le tue informazioni quando riteniamo che il rilascio sia appropriato per rispettare la legge, far rispettare le nostre politiche del sito o proteggere i nostri o altri diritti, propriet\u00e0 o sicurezza.<\/p>\n<p>Tuttavia, le informazioni sui visitatori che non consentono l&#039;identificazione personale possono essere fornite ad altre parti per scopi di marketing, pubblicit\u00e0 o altri usi.<\/p>\n<h2><strong>Collegamenti di terze parti<\/strong><\/h2>\n<p>Occasionalmente, a nostra discrezione, possiamo includere o offrire prodotti o servizi di terzi sul nostro sito web. Questi siti di terze parti hanno politiche sulla privacy separate e indipendenti. Pertanto, non abbiamo alcuna responsabilit\u00e0 per il contenuto e le attivit\u00e0 di questi siti collegati. Tuttavia, cerchiamo di proteggere l&#039;integrit\u00e0 del nostro sito e accogliamo con favore qualsiasi feedback su questi siti.<\/p>\n<h2>Pubblicit\u00e0 programmatica Mediavine (versione 1.1)<\/h2>\n<p>Il Sito web collabora con Mediavine per gestire la pubblicit\u00e0 basata sugli interessi di terzi che appare sul Sito web. Mediavine serve contenuti e pubblicit\u00e0 quando visitate il Sito web, che possono utilizzare cookie di prima e di terza parte. Un cookie \u00e8 un piccolo file di testo che viene inviato al computer o al dispositivo mobile dell'utente (indicato in questa informativa come \"dispositivo\") dal server web in modo che un sito web possa ricordare alcune informazioni sulla sua attivit\u00e0 di navigazione sul Sito.<\/p>\n<p>I cookie di prima parte sono creati dal sito web che state visitando. I cookie di terze parti sono spesso utilizzati per la pubblicit\u00e0 comportamentale e l'analisi e sono creati da un dominio diverso dal sito web che state visitando. Cookie di terze parti, tag, pixel, beacon e altre tecnologie simili (collettivamente, \"tag\") possono essere collocati sul sito web per monitorare l'interazione con i contenuti pubblicitari e per indirizzare e ottimizzare la pubblicit\u00e0. Ogni browser internet dispone di una funzionalit\u00e0 che consente di bloccare i cookie sia di prima che di terza parte e di cancellare la cache del browser. La funzione \"Aiuto\" della barra dei menu della maggior parte dei browser indica come non accettare pi\u00f9 nuovi cookie, come ricevere notifiche di nuovi cookie, come disabilitare i cookie esistenti e come cancellare la cache del browser. Per ulteriori informazioni sui cookie e su come disabilitarli, \u00e8 possibile consultare le informazioni riportate su <a href=\"https:\/\/www.allaboutcookies.org\/manage-cookies\/\" target=\"_blank\" rel=\"noreferrer noopener nofollow\">Tutto sui biscotti<\/a>.<\/p>\n<p>Senza i cookie l'utente potrebbe non essere in grado di sfruttare appieno i contenuti e le funzionalit\u00e0 del Sito. Si noti che il rifiuto dei cookie non significa che non si vedranno pi\u00f9 gli annunci pubblicitari quando si visita il nostro Sito. In caso di rifiuto, l'utente continuer\u00e0 a visualizzare annunci pubblicitari non personalizzati sul Sito.<\/p>\n<p>Il Sito Web raccoglie i seguenti dati utilizzando un cookie quando serve annunci personalizzati:<\/p>\n<ul>\n<li>Indirizzo IP<\/li>\n<li>Tipo di sistema operativo<\/li>\n<li>Versione del sistema operativo<\/li>\n<li>Tipo di dispositivo<\/li>\n<li>Lingua del sito web<\/li>\n<li>Tipo di browser web<\/li>\n<li>Email (in forma di hash)<\/li>\n<\/ul>\n<p>I partner Mediavine (le societ\u00e0 elencate di seguito con cui Mediavine condivide i dati) possono anche utilizzare questi dati per collegarli ad altre informazioni sull'utente finale che il partner ha raccolto autonomamente per fornire pubblicit\u00e0 mirata. I partner Mediavine possono anche raccogliere separatamente dati sugli utenti finali da altre fonti, come ID pubblicitari o pixel, e collegarli ai dati raccolti dagli editori Mediavine al fine di fornire pubblicit\u00e0 basata sugli interessi in tutta l'esperienza online dell'utente, compresi dispositivi, browser e app. Questi dati includono dati di utilizzo, informazioni sui cookie, informazioni sui dispositivi, informazioni sulle interazioni tra gli utenti e le pubblicit\u00e0 e i siti web, dati di geolocalizzazione, dati sul traffico e informazioni sulla fonte di riferimento di un visitatore per un determinato sito web. Mediavine Partners pu\u00f2 anche creare ID univoci per creare segmenti di pubblico, utilizzati per fornire pubblicit\u00e0 mirata.<\/p>\n<p>Se desiderate maggiori informazioni su questa pratica e conoscere le vostre scelte di opt-in o opt-out da questa raccolta di dati, visitate il sito <a href=\"https:\/\/thenai.org\/opt-out\/\" target=\"_blank\" rel=\"noreferrer noopener nofollow\">Pagina di opt-out della National Advertising Initiative<\/a>. Potete anche visitare <a href=\"http:\/\/optout.aboutads.info\/#\/\" target=\"_blank\" rel=\"noreferrer noopener nofollow\">Sito web della Digital Advertising Alliance<\/a> e <a href=\"http:\/\/optout.networkadvertising.org\/#\" target=\"_blank\" rel=\"noreferrer noopener nofollow\">Sito web della Network Advertising Initiative<\/a> per avere maggiori informazioni sulla pubblicit\u00e0 basata sugli interessi. \u00c8 possibile scaricare l'applicazione AppChoices all'indirizzo <a href=\"https:\/\/youradchoices.com\/appchoices\" target=\"_blank\" rel=\"noreferrer noopener nofollow\">Applicazione AppChoices dell'Alleanza per la pubblicit\u00e0 digitale<\/a> per rinunciare alle applicazioni mobili, o utilizzare i controlli della piattaforma sul vostro dispositivo mobile per rinunciare.<\/p>\n<p>Per informazioni specifiche su Mediavine Partners, sui dati raccolti da ciascuno e sulle loro politiche di raccolta dati e di privacy, visitate il sito <a href=\"https:\/\/www.mediavine.com\/ad-partners\/\" target=\"_blank\" rel=\"noreferrer noopener nofollow\">Partner Mediavine<\/a>.<\/p>\n<p>In caso di domande sulla presente informativa sulla privacy, puoi contattarci.<\/p>\n<h2>Informazioni di contatto<\/h2>\n<p>In caso di domande o dubbi relativi alla presente Informativa sulla privacy, \u00e8 possibile inviare un'e-mail all'indirizzo: <a href=\"mailto:team@projectgo.pro\" target=\"_new\" rel=\"noopener\">team@projectgo.pro<\/a><\/p>\n<p>In alternativa, \u00e8 possibile chiamare il nostro supporto durante l'orario d'ufficio (US Pacific Time): +1 689 2058467<\/p>\n<p>Se desiderate contattarci per posta, potete raggiungerci al seguente indirizzo:<\/p>\n<p><strong>ProgettoGO<\/strong><br \/>\n7345 W Sand Lake Rd.<br \/>\nOrlando, Florida 32819<br \/>\nStati Uniti<\/p>\n<p><strong>Nota:<\/strong> Non accetteremo alcuna consegna se non ci informerete in anticipo via e-mail.<\/p>","protected":false},"excerpt":{"rendered":"<p>This privacy policy has been compiled to better serve those who are concerned with how their &#8216;Personally identifiable information&#8217; (PII) is being used online. PII,&#8230;<\/p>","protected":false},"author":519,"featured_media":0,"parent":0,"menu_order":0,"comment_status":"open","ping_status":"closed","template":"","meta":{"tpgb_global_settings":"","_et_pb_use_builder":"off","_et_pb_old_content":"","_et_gb_content_width":"","_lmt_disableupdate":"","_lmt_disable":"","footnotes":""},"categories":[],"tags":[],"class_list":["post-9508","page","type-page","status-publish","hentry"],"yoast_head":"<!-- This site is optimized with the Yoast SEO Premium plugin v23.6 (Yoast SEO v27.3) - https:\/\/yoast.com\/product\/yoast-seo-premium-wordpress\/ -->\n<title>Privacy Policy &#187; ProjectGO<\/title>\n<meta name=\"description\" content=\"We recommend all readers visit our privacy policy to learn more about how visitor data and personal information is handled.\" \/>\n<meta name=\"robots\" content=\"index, follow, max-snippet:-1, max-image-preview:large, max-video-preview:-1\" \/>\n<link rel=\"canonical\" href=\"https:\/\/projectgo.pro\/it\/politica-sulla-riservatezza\/\" \/>\n<meta property=\"og:locale\" content=\"it_IT\" \/>\n<meta property=\"og:type\" content=\"article\" \/>\n<meta property=\"og:title\" content=\"Privacy Policy\" \/>\n<meta property=\"og:description\" content=\"We recommend all readers visit our privacy policy to learn more about how visitor data and personal information is handled.\" \/>\n<meta property=\"og:url\" content=\"https:\/\/projectgo.pro\/it\/politica-sulla-riservatezza\/\" \/>\n<meta property=\"og:site_name\" content=\"ProjectGO\" \/>\n<meta property=\"article:publisher\" content=\"https:\/\/www.facebook.com\/pages\/ProjectGoPro\/1424889017736927\" \/>\n<meta property=\"article:modified_time\" content=\"2023-12-16T16:40:40+00:00\" \/>\n<meta name=\"twitter:card\" content=\"summary_large_image\" \/>\n<meta name=\"twitter:label1\" content=\"Tempo di lettura stimato\" \/>\n\t<meta name=\"twitter:data1\" content=\"6 minuti\" \/>\n<script type=\"application\/ld+json\" class=\"yoast-schema-graph\">{\"@context\":\"https:\\\/\\\/schema.org\",\"@graph\":[{\"@type\":\"WebPage\",\"@id\":\"https:\\\/\\\/projectgo.pro\\\/privacy-policy\\\/\",\"url\":\"https:\\\/\\\/projectgo.pro\\\/privacy-policy\\\/\",\"name\":\"Privacy Policy &#187; ProjectGO\",\"isPartOf\":{\"@id\":\"https:\\\/\\\/projectgo.pro\\\/#website\"},\"datePublished\":\"2015-02-07T04:10:07+00:00\",\"dateModified\":\"2023-12-16T16:40:40+00:00\",\"description\":\"We recommend all readers visit our privacy policy to learn more about how visitor data and personal information is handled.\",\"inLanguage\":\"it-IT\",\"potentialAction\":[{\"@type\":\"ReadAction\",\"target\":[\"https:\\\/\\\/projectgo.pro\\\/privacy-policy\\\/\"]}]},{\"@type\":\"WebSite\",\"@id\":\"https:\\\/\\\/projectgo.pro\\\/#website\",\"url\":\"https:\\\/\\\/projectgo.pro\\\/\",\"name\":\"ProjectGO\",\"description\":\"Action Camera Guides &amp; Gear Reviews for Creators\",\"publisher\":{\"@id\":\"https:\\\/\\\/projectgo.pro\\\/#organization\"},\"potentialAction\":[{\"@type\":\"SearchAction\",\"target\":{\"@type\":\"EntryPoint\",\"urlTemplate\":\"https:\\\/\\\/projectgo.pro\\\/?s={search_term_string}\"},\"query-input\":{\"@type\":\"PropertyValueSpecification\",\"valueRequired\":true,\"valueName\":\"search_term_string\"}}],\"inLanguage\":\"it-IT\"},{\"@type\":\"Organization\",\"@id\":\"https:\\\/\\\/projectgo.pro\\\/#organization\",\"name\":\"ProjectGO\",\"url\":\"https:\\\/\\\/projectgo.pro\\\/\",\"logo\":{\"@type\":\"ImageObject\",\"inLanguage\":\"it-IT\",\"@id\":\"https:\\\/\\\/projectgo.pro\\\/#\\\/schema\\\/logo\\\/image\\\/\",\"url\":\"https:\\\/\\\/projectgo.pro\\\/wp-content\\\/uploads\\\/2023\\\/10\\\/ProjectGO-favicon.png\",\"contentUrl\":\"https:\\\/\\\/projectgo.pro\\\/wp-content\\\/uploads\\\/2023\\\/10\\\/ProjectGO-favicon.png\",\"width\":513,\"height\":512,\"caption\":\"ProjectGO\"},\"image\":{\"@id\":\"https:\\\/\\\/projectgo.pro\\\/#\\\/schema\\\/logo\\\/image\\\/\"},\"sameAs\":[\"https:\\\/\\\/www.facebook.com\\\/pages\\\/ProjectGoPro\\\/1424889017736927\",\"https:\\\/\\\/www.youtube.com\\\/channel\\\/UCa7KT9TjfpHE0Tcgy727RNg\"]}]}<\/script>\n<!-- \/ Yoast SEO Premium plugin. -->","yoast_head_json":{"title":"Informativa sulla privacy \" ProjectGO","description":"Consigliamo a tutti i lettori di visitare la nostra politica sulla privacy per saperne di pi\u00f9 su come vengono trattati i dati dei visitatori e le informazioni personali.","robots":{"index":"index","follow":"follow","max-snippet":"max-snippet:-1","max-image-preview":"max-image-preview:large","max-video-preview":"max-video-preview:-1"},"canonical":"https:\/\/projectgo.pro\/it\/politica-sulla-riservatezza\/","og_locale":"it_IT","og_type":"article","og_title":"Privacy Policy","og_description":"We recommend all readers visit our privacy policy to learn more about how visitor data and personal information is handled.","og_url":"https:\/\/projectgo.pro\/it\/politica-sulla-riservatezza\/","og_site_name":"ProjectGO","article_publisher":"https:\/\/www.facebook.com\/pages\/ProjectGoPro\/1424889017736927","article_modified_time":"2023-12-16T16:40:40+00:00","twitter_card":"summary_large_image","twitter_misc":{"Tempo di lettura stimato":"6 minuti"},"schema":{"@context":"https:\/\/schema.org","@graph":[{"@type":"WebPage","@id":"https:\/\/projectgo.pro\/privacy-policy\/","url":"https:\/\/projectgo.pro\/privacy-policy\/","name":"Informativa sulla privacy \" ProjectGO","isPartOf":{"@id":"https:\/\/projectgo.pro\/#website"},"datePublished":"2015-02-07T04:10:07+00:00","dateModified":"2023-12-16T16:40:40+00:00","description":"Consigliamo a tutti i lettori di visitare la nostra politica sulla privacy per saperne di pi\u00f9 su come vengono trattati i dati dei visitatori e le informazioni personali.","inLanguage":"it-IT","potentialAction":[{"@type":"ReadAction","target":["https:\/\/projectgo.pro\/privacy-policy\/"]}]},{"@type":"WebSite","@id":"https:\/\/projectgo.pro\/#website","url":"https:\/\/projectgo.pro\/","name":"ProgettoGO","description":"Guide per videocamere d'azione e recensioni di attrezzature per creativi","publisher":{"@id":"https:\/\/projectgo.pro\/#organization"},"potentialAction":[{"@type":"SearchAction","target":{"@type":"EntryPoint","urlTemplate":"https:\/\/projectgo.pro\/?s={search_term_string}"},"query-input":{"@type":"PropertyValueSpecification","valueRequired":true,"valueName":"search_term_string"}}],"inLanguage":"it-IT"},{"@type":"Organization","@id":"https:\/\/projectgo.pro\/#organization","name":"ProgettoGO","url":"https:\/\/projectgo.pro\/","logo":{"@type":"ImageObject","inLanguage":"it-IT","@id":"https:\/\/projectgo.pro\/#\/schema\/logo\/image\/","url":"https:\/\/projectgo.pro\/wp-content\/uploads\/2023\/10\/ProjectGO-favicon.png","contentUrl":"https:\/\/projectgo.pro\/wp-content\/uploads\/2023\/10\/ProjectGO-favicon.png","width":513,"height":512,"caption":"ProjectGO"},"image":{"@id":"https:\/\/projectgo.pro\/#\/schema\/logo\/image\/"},"sameAs":["https:\/\/www.facebook.com\/pages\/ProjectGoPro\/1424889017736927","https:\/\/www.youtube.com\/channel\/UCa7KT9TjfpHE0Tcgy727RNg"]}]}},"tpgb_featured_images":null,"tpgb_post_meta_info":{"get_date":"Dicembre 16, 2023","get_modified_date":"Dicembre 16, 2023","category_list":{"category":false,"post_tag":false},"author_name":"Andy Magri","author_url":"https:\/\/projectgo.pro\/it\/author\/andy-magri\/","author_email":"projectgopromail@gmail.com","author_website":"http:\/\/projectgo.pro","author_description":"I\u2019m Andy Magri, an Italian filmmaker and content creator. After graduating from University, I set off to explore the world while creating guides and reviews featuring the video gear I love and use the most. With the help of my awesome team, we share tips and reviews about GoPro, Insta360, DJI, smartphone cameras, drones, editing software and anything around action video-making. I hope my guides not only help you find the perfect camera equipment, but also inspire you to get out there and create! Since publishing my first tutorial on ProjectGO, seven years ago, our content has helped over 2M creators worldwide. Start by downloading the <a href=\"http:\/\/projectgo.pro\/\">FREE GoPro Settings Cheat Sheet.","author_facebook":"","author_twitter":"","author_instagram":"","author_role":["administrator"],"author_firstname":"Andy","author_lastname":"Magri","user_login":"andy-magri","author_avatar":"<img alt='' src='https:\/\/secure.gravatar.com\/avatar\/ecb40f3aef4515d91d6060803d92cea39ca50d0051a359a9068f99661051e95e?s=200&#038;d=mm&#038;r=g' srcset='https:\/\/secure.gravatar.com\/avatar\/ecb40f3aef4515d91d6060803d92cea39ca50d0051a359a9068f99661051e95e?s=400&#038;d=mm&#038;r=g 2x' class='avatar avatar-200 photo' height='200' width='200' decoding='async'\/>","author_avatar_url":"https:\/\/secure.gravatar.com\/avatar\/ecb40f3aef4515d91d6060803d92cea39ca50d0051a359a9068f99661051e95e?s=96&d=mm&r=g","comment_count":16,"post_likes":0,"post_views":0},"tpgb_post_category":[],"amp_enabled":true,"_links":{"self":[{"href":"https:\/\/projectgo.pro\/it\/wp-json\/wp\/v2\/pages\/9508","targetHints":{"allow":["GET"]}}],"collection":[{"href":"https:\/\/projectgo.pro\/it\/wp-json\/wp\/v2\/pages"}],"about":[{"href":"https:\/\/projectgo.pro\/it\/wp-json\/wp\/v2\/types\/page"}],"author":[{"embeddable":true,"href":"https:\/\/projectgo.pro\/it\/wp-json\/wp\/v2\/users\/519"}],"replies":[{"embeddable":true,"href":"https:\/\/projectgo.pro\/it\/wp-json\/wp\/v2\/comments?post=9508"}],"version-history":[{"count":0,"href":"https:\/\/projectgo.pro\/it\/wp-json\/wp\/v2\/pages\/9508\/revisions"}],"wp:attachment":[{"href":"https:\/\/projectgo.pro\/it\/wp-json\/wp\/v2\/media?parent=9508"}],"wp:term":[{"taxonomy":"category","embeddable":true,"href":"https:\/\/projectgo.pro\/it\/wp-json\/wp\/v2\/categories?post=9508"},{"taxonomy":"post_tag","embeddable":true,"href":"https:\/\/projectgo.pro\/it\/wp-json\/wp\/v2\/tags?post=9508"}],"curies":[{"name":"wp","href":"https:\/\/api.w.org\/{rel}","templated":true}]}}