{"id":4313,"date":"2014-01-18T05:33:49","date_gmt":"2014-01-18T05:33:49","guid":{"rendered":"http:\/\/projectgo.pro\/?page_id=4313"},"modified":"2023-12-16T08:39:57","modified_gmt":"2023-12-16T16:39:57","slug":"contact","status":"publish","type":"page","link":"https:\/\/projectgo.pro\/it\/contatti\/","title":{"rendered":"Contatti"},"content":{"rendered":"<p>Per favore, prendetevi un secondo per vedere se la vostra domanda ha gi\u00e0 ricevuto una risposta, altrimenti potete contattarci direttamente via e-mail (in fondo a questa pagina).<\/p>\n<h2>FAQ<\/h2>\n<p><strong>Qual \u00e8 la vostra politica di restituzione?<\/strong><\/p>\n<p class=\"p1\">Offriamo una garanzia di 30 giorni con rimborso totale su tutti i prodotti. Se non siete soddisfatti, fatecelo sapere scrivendo a <a href=\"mailto:team@projectgo.pro\">team@projectgo.pro<\/a>&nbsp;e vi rimborseremo il vostro acquisto.<\/p>\n<p><strong>Qual \u00e8 lo scopo del vostro sito web?<\/strong><\/p>\n<p>ProjectGO \u00e8 stato creato per insegnare agli utenti di livello base GoPro come padroneggiare le basi della videografia e del cinema attraverso tutorial gratuiti sul sito Web e prodotti educativi a pagamento.<\/p>\n<p><strong>Chi ha creato il vostro sito web?<\/strong><\/p>\n<p><span class=\"s1\">ProjectGO \u00e8 gestito da Andy, filmmaker e dall&#039;utente GoPro di lunga data. In questo blog condivide le sue conoscenze acquisite negli anni di regia professionale con GoPro e action cameras attraverso tutorial, recensioni e videocorsi gratuiti.<\/span><\/p>\n<p><strong>Che cos'\u00e8 Cheat Sheet GoPro?<\/strong><\/p>\n<p>GoPro Cheat sheet \u00e8 una risorsa gratuita che fornisce configurazioni di impostazioni per diverse condizioni di produzioni cinematografiche.<\/p>\n<p><strong>Cos'\u00e8 GoPro Handbook?<\/strong><\/p>\n<p>GoPro Handbook \u00e8 un libro progettato per insegnare agli utenti GoPro principianti come impostare, girare e modificare video GoPro di qualit\u00e0 professionale.<\/p>\n<p><strong>Che cos'\u00e8 il pacchetto GoPro LUTs Color Grading?<\/strong><\/p>\n<p>GoPro LUT's Pack \u00e8 una raccolta di preimpostazioni di color grading appositamente studiate per valorizzare i colori delle riprese GoPro in post-produzione.<\/p>\n<h2>Collaborazioni<\/h2>\n<p>In <a href=\"https:\/\/projectgo.pro\/about\/\">ProgettoGO<\/a>Siamo appassionati di creazione di connessioni e partnership significative. Cerchiamo attivamente collaborazioni con marchi selezionati per offrire al nostro pubblico recensioni approfondite di prodotti e software. La nostra attenzione \u00e8 rivolta alla qualit\u00e0 e alla rilevanza, assicurando che ogni collaborazione sia in linea con gli interessi e le esigenze della nostra comunit\u00e0.<\/p>\n<p><strong>Perch\u00e9 collaborare con noi?<\/strong><\/p>\n<ul>\n<li><strong>Raggiungere il pubblico<\/strong>: La nostra piattaforma raggiunge un pubblico eterogeneo e impegnato, appassionato delle ultime novit\u00e0 in fatto di videografia e tecnologia delle action camera.<\/li>\n<li><strong>Competenza e autenticit\u00e0<\/strong>: Grazie alla profonda conoscenza della nicchia video e audio da parte del nostro videomaker Andy Magri, forniamo recensioni oneste e approfondite, offrendo al nostro pubblico e ai nostri partner un valore autentico.<\/li>\n<li><strong>Visibilit\u00e0 del marchio<\/strong>: Collaborare con noi significa che il vostro prodotto o servizio verr\u00e0 presentato a migliaia di creatori di video, aumentando la visibilit\u00e0 e la portata del vostro marchio.<\/li>\n<\/ul>\n<p><strong>Siete interessati a collaborare?<\/strong><\/p>\n<p>Se rappresentate un marchio che ha a che fare con l'avventura, la tecnologia e la creativit\u00e0 e credete che il vostro prodotto o servizio possa aggiungere valore al nostro pubblico, saremo lieti di ascoltarvi.<\/p>\n<p>Contattateci al numero:&nbsp; <a href=\"mailto:team@projectgo.pro\" target=\"_new\" rel=\"noopener\">team@projectgo.pro<\/a><\/p>\n<h2>Seguiteci!<\/h2>\n<p>Rimanete creativi seguendoci sui vostri social media preferiti:<\/p>\n<p><strong>&gt;<\/strong>&nbsp;<a href=\"https:\/\/www.youtube.com\/@project-go\/videos\" target=\"_blank\" rel=\"nofollow external noopener noreferrer\" data-wpel-link=\"external\">Youtube<\/a><br \/>\n<strong>&gt;<\/strong>&nbsp;<a href=\"https:\/\/www.facebook.com\/projectgovideography\" target=\"_blank\" rel=\"nofollow external noopener noreferrer\" data-wpel-link=\"external\">Facebook<\/a><br \/>\n<strong>&gt;<\/strong>&nbsp;<a href=\"https:\/\/www.instagram.com\/projectgovideo\" target=\"_blank\" rel=\"nofollow external noopener noreferrer\" data-wpel-link=\"external\">Instagram<\/a><br \/>\n<strong>&gt;<\/strong>&nbsp;<a href=\"https:\/\/linkedin.com\/company\/projectgo-video\" target=\"_blank\" rel=\"nofollow external noopener noreferrer\" data-wpel-link=\"external\">LinkedIn<\/a><\/p>\n<h2>Informazioni di contatto<\/h2>\n<p>Se si verificano problemi con il nostro sito Web o i nostri prodotti, o se si hanno altre domande relative a ProjectGO, si prega di contattarci via e-mail: <a href=\"mailto:team@projectgo.pro\" target=\"_blank\" rel=\"noopener noreferrer\">team@projectgo.pro<\/a><\/p>\n<p>In alternativa, \u00e8 possibile chiamare la nostra linea di assistenza durante l'orario d'ufficio (US Pacific Time): +1 689 2058467<\/p>","protected":false},"excerpt":{"rendered":"<p>Please take a second to see if your question has already been answered, otherwise you can contact us directly via email (bottom of this page)&#8230;.<\/p>","protected":false},"author":519,"featured_media":0,"parent":0,"menu_order":0,"comment_status":"open","ping_status":"closed","template":"","meta":{"tpgb_global_settings":"","_et_pb_use_builder":"off","_et_pb_old_content":"","_et_gb_content_width":"","_lmt_disableupdate":"","_lmt_disable":"","footnotes":""},"categories":[],"tags":[],"class_list":["post-4313","page","type-page","status-publish","hentry"],"yoast_head":"<!-- This site is optimized with the Yoast SEO Premium plugin v23.6 (Yoast SEO v27.3) - https:\/\/yoast.com\/product\/yoast-seo-premium-wordpress\/ -->\n<title>Contacts<\/title>\n<meta name=\"description\" content=\"For questions regarding our products, for collaborations or for general inquires, please contact us via email.\" \/>\n<meta name=\"robots\" content=\"index, follow, max-snippet:-1, max-image-preview:large, max-video-preview:-1\" \/>\n<link rel=\"canonical\" href=\"https:\/\/projectgo.pro\/it\/contatti\/\" \/>\n<meta property=\"og:locale\" content=\"it_IT\" \/>\n<meta property=\"og:type\" content=\"article\" \/>\n<meta property=\"og:title\" content=\"Contact\" \/>\n<meta property=\"og:description\" content=\"For questions regarding our products, for collaborations or for general inquires, please contact us via email.\" \/>\n<meta property=\"og:url\" content=\"https:\/\/projectgo.pro\/it\/contatti\/\" \/>\n<meta property=\"og:site_name\" content=\"ProjectGO\" \/>\n<meta property=\"article:publisher\" content=\"https:\/\/www.facebook.com\/pages\/ProjectGoPro\/1424889017736927\" \/>\n<meta property=\"article:modified_time\" content=\"2023-12-16T16:39:57+00:00\" \/>\n<meta name=\"twitter:card\" content=\"summary_large_image\" \/>\n<meta name=\"twitter:label1\" content=\"Tempo di lettura stimato\" \/>\n\t<meta name=\"twitter:data1\" content=\"2 minuti\" \/>\n<script type=\"application\/ld+json\" class=\"yoast-schema-graph\">{\"@context\":\"https:\\\/\\\/schema.org\",\"@graph\":[{\"@type\":\"WebPage\",\"@id\":\"https:\\\/\\\/projectgo.pro\\\/contact\\\/\",\"url\":\"https:\\\/\\\/projectgo.pro\\\/contact\\\/\",\"name\":\"Contacts\",\"isPartOf\":{\"@id\":\"https:\\\/\\\/projectgo.pro\\\/#website\"},\"datePublished\":\"2014-01-18T05:33:49+00:00\",\"dateModified\":\"2023-12-16T16:39:57+00:00\",\"description\":\"For questions regarding our products, for collaborations or for general inquires, please contact us via email.\",\"inLanguage\":\"it-IT\",\"potentialAction\":[{\"@type\":\"ReadAction\",\"target\":[\"https:\\\/\\\/projectgo.pro\\\/contact\\\/\"]}]},{\"@type\":\"WebSite\",\"@id\":\"https:\\\/\\\/projectgo.pro\\\/#website\",\"url\":\"https:\\\/\\\/projectgo.pro\\\/\",\"name\":\"ProjectGO\",\"description\":\"Action Camera Guides &amp; Gear Reviews for Creators\",\"publisher\":{\"@id\":\"https:\\\/\\\/projectgo.pro\\\/#organization\"},\"potentialAction\":[{\"@type\":\"SearchAction\",\"target\":{\"@type\":\"EntryPoint\",\"urlTemplate\":\"https:\\\/\\\/projectgo.pro\\\/?s={search_term_string}\"},\"query-input\":{\"@type\":\"PropertyValueSpecification\",\"valueRequired\":true,\"valueName\":\"search_term_string\"}}],\"inLanguage\":\"it-IT\"},{\"@type\":\"Organization\",\"@id\":\"https:\\\/\\\/projectgo.pro\\\/#organization\",\"name\":\"ProjectGO\",\"url\":\"https:\\\/\\\/projectgo.pro\\\/\",\"logo\":{\"@type\":\"ImageObject\",\"inLanguage\":\"it-IT\",\"@id\":\"https:\\\/\\\/projectgo.pro\\\/#\\\/schema\\\/logo\\\/image\\\/\",\"url\":\"https:\\\/\\\/projectgo.pro\\\/wp-content\\\/uploads\\\/2023\\\/10\\\/ProjectGO-favicon.png\",\"contentUrl\":\"https:\\\/\\\/projectgo.pro\\\/wp-content\\\/uploads\\\/2023\\\/10\\\/ProjectGO-favicon.png\",\"width\":513,\"height\":512,\"caption\":\"ProjectGO\"},\"image\":{\"@id\":\"https:\\\/\\\/projectgo.pro\\\/#\\\/schema\\\/logo\\\/image\\\/\"},\"sameAs\":[\"https:\\\/\\\/www.facebook.com\\\/pages\\\/ProjectGoPro\\\/1424889017736927\",\"https:\\\/\\\/www.youtube.com\\\/channel\\\/UCa7KT9TjfpHE0Tcgy727RNg\"]}]}<\/script>\n<!-- \/ Yoast SEO Premium plugin. -->","yoast_head_json":{"title":"Contatti","description":"Per domande sui nostri prodotti, per collaborazioni o per richieste generali, contattateci via e-mail.","robots":{"index":"index","follow":"follow","max-snippet":"max-snippet:-1","max-image-preview":"max-image-preview:large","max-video-preview":"max-video-preview:-1"},"canonical":"https:\/\/projectgo.pro\/it\/contatti\/","og_locale":"it_IT","og_type":"article","og_title":"Contact","og_description":"For questions regarding our products, for collaborations or for general inquires, please contact us via email.","og_url":"https:\/\/projectgo.pro\/it\/contatti\/","og_site_name":"ProjectGO","article_publisher":"https:\/\/www.facebook.com\/pages\/ProjectGoPro\/1424889017736927","article_modified_time":"2023-12-16T16:39:57+00:00","twitter_card":"summary_large_image","twitter_misc":{"Tempo di lettura stimato":"2 minuti"},"schema":{"@context":"https:\/\/schema.org","@graph":[{"@type":"WebPage","@id":"https:\/\/projectgo.pro\/contact\/","url":"https:\/\/projectgo.pro\/contact\/","name":"Contatti","isPartOf":{"@id":"https:\/\/projectgo.pro\/#website"},"datePublished":"2014-01-18T05:33:49+00:00","dateModified":"2023-12-16T16:39:57+00:00","description":"Per domande sui nostri prodotti, per collaborazioni o per richieste generali, contattateci via e-mail.","inLanguage":"it-IT","potentialAction":[{"@type":"ReadAction","target":["https:\/\/projectgo.pro\/contact\/"]}]},{"@type":"WebSite","@id":"https:\/\/projectgo.pro\/#website","url":"https:\/\/projectgo.pro\/","name":"ProgettoGO","description":"Guide per videocamere d'azione e recensioni di attrezzature per creativi","publisher":{"@id":"https:\/\/projectgo.pro\/#organization"},"potentialAction":[{"@type":"SearchAction","target":{"@type":"EntryPoint","urlTemplate":"https:\/\/projectgo.pro\/?s={search_term_string}"},"query-input":{"@type":"PropertyValueSpecification","valueRequired":true,"valueName":"search_term_string"}}],"inLanguage":"it-IT"},{"@type":"Organization","@id":"https:\/\/projectgo.pro\/#organization","name":"ProgettoGO","url":"https:\/\/projectgo.pro\/","logo":{"@type":"ImageObject","inLanguage":"it-IT","@id":"https:\/\/projectgo.pro\/#\/schema\/logo\/image\/","url":"https:\/\/projectgo.pro\/wp-content\/uploads\/2023\/10\/ProjectGO-favicon.png","contentUrl":"https:\/\/projectgo.pro\/wp-content\/uploads\/2023\/10\/ProjectGO-favicon.png","width":513,"height":512,"caption":"ProjectGO"},"image":{"@id":"https:\/\/projectgo.pro\/#\/schema\/logo\/image\/"},"sameAs":["https:\/\/www.facebook.com\/pages\/ProjectGoPro\/1424889017736927","https:\/\/www.youtube.com\/channel\/UCa7KT9TjfpHE0Tcgy727RNg"]}]}},"tpgb_featured_images":null,"tpgb_post_meta_info":{"get_date":"Dicembre 16, 2023","get_modified_date":"Dicembre 16, 2023","category_list":{"category":false,"post_tag":false},"author_name":"Andy Magri","author_url":"https:\/\/projectgo.pro\/it\/author\/andy-magri\/","author_email":"projectgopromail@gmail.com","author_website":"http:\/\/projectgo.pro","author_description":"I\u2019m Andy Magri, an Italian filmmaker and content creator. After graduating from University, I set off to explore the world while creating guides and reviews featuring the video gear I love and use the most. With the help of my awesome team, we share tips and reviews about GoPro, Insta360, DJI, smartphone cameras, drones, editing software and anything around action video-making. I hope my guides not only help you find the perfect camera equipment, but also inspire you to get out there and create! Since publishing my first tutorial on ProjectGO, seven years ago, our content has helped over 2M creators worldwide. Start by downloading the <a href=\"http:\/\/projectgo.pro\/\">FREE GoPro Settings Cheat Sheet.","author_facebook":"","author_twitter":"","author_instagram":"","author_role":["administrator"],"author_firstname":"Andy","author_lastname":"Magri","user_login":"andy-magri","author_avatar":"<img alt='' src='https:\/\/secure.gravatar.com\/avatar\/ecb40f3aef4515d91d6060803d92cea39ca50d0051a359a9068f99661051e95e?s=200&#038;d=mm&#038;r=g' srcset='https:\/\/secure.gravatar.com\/avatar\/ecb40f3aef4515d91d6060803d92cea39ca50d0051a359a9068f99661051e95e?s=400&#038;d=mm&#038;r=g 2x' class='avatar avatar-200 photo' height='200' width='200' decoding='async'\/>","author_avatar_url":"https:\/\/secure.gravatar.com\/avatar\/ecb40f3aef4515d91d6060803d92cea39ca50d0051a359a9068f99661051e95e?s=96&d=mm&r=g","comment_count":381,"post_likes":0,"post_views":0},"tpgb_post_category":[],"amp_enabled":true,"_links":{"self":[{"href":"https:\/\/projectgo.pro\/it\/wp-json\/wp\/v2\/pages\/4313","targetHints":{"allow":["GET"]}}],"collection":[{"href":"https:\/\/projectgo.pro\/it\/wp-json\/wp\/v2\/pages"}],"about":[{"href":"https:\/\/projectgo.pro\/it\/wp-json\/wp\/v2\/types\/page"}],"author":[{"embeddable":true,"href":"https:\/\/projectgo.pro\/it\/wp-json\/wp\/v2\/users\/519"}],"replies":[{"embeddable":true,"href":"https:\/\/projectgo.pro\/it\/wp-json\/wp\/v2\/comments?post=4313"}],"version-history":[{"count":0,"href":"https:\/\/projectgo.pro\/it\/wp-json\/wp\/v2\/pages\/4313\/revisions"}],"wp:attachment":[{"href":"https:\/\/projectgo.pro\/it\/wp-json\/wp\/v2\/media?parent=4313"}],"wp:term":[{"taxonomy":"category","embeddable":true,"href":"https:\/\/projectgo.pro\/it\/wp-json\/wp\/v2\/categories?post=4313"},{"taxonomy":"post_tag","embeddable":true,"href":"https:\/\/projectgo.pro\/it\/wp-json\/wp\/v2\/tags?post=4313"}],"curies":[{"name":"wp","href":"https:\/\/api.w.org\/{rel}","templated":true}]}}