{"id":13888,"date":"2018-12-14T05:40:36","date_gmt":"2018-12-14T13:40:36","guid":{"rendered":"http:\/\/projectgo.pro\/?page_id=13888"},"modified":"2023-12-16T08:40:33","modified_gmt":"2023-12-16T16:40:33","slug":"terms-and-conditions","status":"publish","type":"page","link":"https:\/\/projectgo.pro\/it\/termini-e-condizioni\/","title":{"rendered":"Termini e condizioni"},"content":{"rendered":"<p>I presenti termini e condizioni illustrano le norme e i regolamenti per l'utilizzo di <a href=\"https:\/\/projectgo.pro\/about\/\">ProgettoGo<\/a>del sito web. Accedendo a questo sito web si presume che l'utente accetti integralmente questi termini e condizioni. Non continuare a utilizzare il sito web di ProjectGo se non si accettano tutti i termini e le condizioni indicati in questa pagina.<\/p>\n<p>La seguente terminologia si applica a questi termini e condizioni, all'informativa sulla privacy e all'avviso sul disclaimer e a qualsiasi o tutti gli accordi: \"Cliente\", \"Tu\" e \"Tuo\" si riferisce a te, la persona che accede a questo sito web e accetta i termini e le condizioni della societ\u00e0. \"La Societ\u00e0\", \"Noi\", \"Noi\", \"Nostro\" e \"Noi\", si riferisce alla nostra Societ\u00e0. \"Parte\", \"Parti\", o \"Noi\", si riferisce sia al cliente che a noi stessi, o al cliente o a noi stessi.<\/p>\n<p>Tutti i termini si riferiscono all'offerta, all'accettazione e alla considerazione del pagamento necessario per intraprendere il processo della nostra assistenza al cliente nel modo pi\u00f9 appropriato, sia attraverso incontri formali di una durata fissa, o qualsiasi altro mezzo, allo scopo esplicito di soddisfare le esigenze del cliente per quanto riguarda la fornitura dei servizi\/prodotti dichiarati dalla societ\u00e0, in conformit\u00e0 e soggetto alla legge vigente negli Stati Uniti. Qualsiasi uso della terminologia di cui sopra o altre parole al singolare, plurale, maiuscole e\/o lui\/lei o loro, sono presi come intercambiabili e quindi come riferiti allo stesso.<\/p>\n<h2><strong>Biscotti<\/strong><\/h2>\n<p>Utilizziamo l&#039;uso dei cookie. Utilizzando il sito Web di ProjectGo acconsenti all&#039;uso dei cookie in conformit\u00e0 con ProjectGo <a href=\"\/privacy-policy\/\">informativa sulla privacy<\/a>. La maggior parte dei moderni siti web interattivi utilizza i cookie per consentire di recuperare i dettagli dell'utente per ogni visita. I cookie sono utilizzati in alcune aree del nostro sito per consentire la funzionalit\u00e0 di questa area e la facilit\u00e0 d'uso per le persone che visitano. Anche alcuni dei nostri partner affiliati\/pubblicitari possono utilizzare i cookie.<\/p>\n<h2><strong>Licenza<\/strong><\/h2>\n<p>Salvo diversa indicazione, ProjectGo e\/oi suoi licenziatari detengono i diritti di propriet\u00e0 intellettuale per tutto il materiale su ProjectGo. Tutti i diritti di propriet\u00e0 intellettuale sono riservati. \u00c8 possibile visualizzare e\/o stampare pagine da http:\/\/projectgo.pro per uso personale soggetto alle restrizioni stabilite in questi termini e condizioni.<\/p>\n<h2><strong>Non si deve:<\/strong><\/h2>\n<ul>\n<li>Ripubblica materiale da http:\/\/projectgo.pro senza il nostro consenso<\/li>\n<li>Vendere, affittare o sub-licenziare materiale da http:\/\/projectgo.pro<\/li>\n<li>Riprodurre, duplicare o copiare materiale da http:\/\/projectgo.pro<\/li>\n<li>Ridistribuire il contenuto da ProjectGo (a meno che il contenuto non sia stato creato specificamente per la ridistribuzione).<\/li>\n<\/ul>\n<h2><strong>Commenti degli utenti<\/strong><\/h2>\n<p>Il presente accordo ha inizio alla data del presente documento.<\/p>\n<ul>\n<li>Alcune parti di questo sito Web offrono agli utenti l&#039;opportunit\u00e0 di pubblicare e scambiare opinioni, informazioni, materiale e dati (&quot;Commenti&quot;) in aree del sito Web. ProjectGo non seleziona, modifica, pubblica o rivede i commenti prima della loro apparizione sul sito Web ei commenti non riflettono le opinioni o le opinioni di ProjectGo, dei suoi agenti o affiliati. I commenti riflettono il punto di vista e l&#039;opinione della persona che pubblica tale punto di vista o opinione. Nella misura consentita dalle leggi applicabili, ProjectGo non sar\u00e0 responsabile per i commenti o per qualsiasi costo di perdita, responsabilit\u00e0, danno o spesa causati eo subiti a seguito di qualsiasi uso e\/o pubblicazione e\/o aspetto del commenti su questo sito.<\/li>\n<li>ProjectGo si riserva il diritto di monitorare tutti i commenti e di rimuovere tutti i commenti che ritiene, a sua assoluta discrezione, inappropriati, offensivi o comunque in violazione di questi termini e condizioni.<\/li>\n<li>Lei garantisce e dichiara che:<\/li>\n<li>Lei \u00e8 autorizzato a pubblicare i commenti sul nostro sito web e ha tutte le licenze e i consensi necessari per farlo;<\/li>\n<li>I commenti non violano alcun diritto di propriet\u00e0 intellettuale, compresi, senza limitazione, i diritti d'autore, i brevetti o i marchi di fabbrica, o altri diritti di propriet\u00e0 di terzi;<\/li>\n<li>I commenti non contengono materiale diffamatorio, calunnioso, offensivo, indecente o altrimenti illegale o materiale che sia un'invasione della privacy<\/li>\n<li>I commenti non saranno utilizzati per sollecitare o promuovere affari o costumi o presentare attivit\u00e0 commerciali o attivit\u00e0 illegali.<\/li>\n<li>Con la presente concedi a ProjectGo una licenza non esclusiva esente da royalty per utilizzare, riprodurre, modificare e autorizzare altri a utilizzare, riprodurre e modificare qualsiasi tuo commento in qualsiasi forma, formato o supporto.<\/li>\n<\/ul>\n<h2><strong>Collegamento ipertestuale al nostro contenuto<\/strong><\/h2>\n<p>Le seguenti organizzazioni possono collegarsi al nostro sito web senza previa approvazione scritta - queste organizzazioni possono collegarsi alla nostra home page, a pubblicazioni o ad altre informazioni del sito web a condizione che il collegamento: (a) non sia in alcun modo fuorviante; (b) non implichi falsamente la sponsorizzazione, l'avallo o l'approvazione della parte che effettua il link e dei suoi prodotti o servizi; e (c) si adatti al contesto del sito della parte che effettua il link:<\/p>\n<ul>\n<li>Agenzie governative;<\/li>\n<li>Motori di ricerca;<\/li>\n<li>Organizzazioni di notizie;<\/li>\n<li>I distributori di elenchi online quando ci elencano nell'elenco possono collegare il nostro sito web nello stesso<br \/>\nin quanto si collegano in modo ipertestuale ai siti web di altre imprese elencate; e<\/li>\n<li>Imprese accreditate in tutto il sistema, eccetto la sollecitazione di organizzazioni senza scopo di lucro, centri commerciali di beneficenza,<br \/>\ne gruppi di raccolta fondi per beneficenza che non possono avere un collegamento ipertestuale al nostro sito web.<\/li>\n<\/ul>\n<p>Possiamo prendere in considerazione e approvare a nostra esclusiva discrezione altre richieste di link da parte dei seguenti tipi di organizzazioni - Approveremo le richieste di link da parte di queste organizzazioni se determineremo che: (a) il link non si rifletta sfavorevolmente su di noi o sulle nostre attivit\u00e0 accreditate (ad esempio, le associazioni di categoria o altre organizzazioni che rappresentano tipi di attivit\u00e0 intrinsecamente sospette, come le opportunit\u00e0 di lavoro a domicilio, non saranno autorizzate a inserire il link); (b) l'organizzazione non abbia precedenti insoddisfacenti con noi; (c) il beneficio per noi derivante dalla visibilit\u00e0 associata al collegamento ipertestuale sia superiore all'assenza di un link. <!--?=$companyName?-->e (d) quando il link \u00e8 nel contesto di informazioni generali sulle risorse o \u00e8 altrimenti coerente con il contenuto editoriale in una newsletter o un prodotto simile che promuove la missione dell'organizzazione:<\/p>\n<ul>\n<li>fonti d'informazione per consumatori e\/o imprese comunemente conosciute, come le Camere di Commercio, l'American Automobile Association, l'AARP e la Consumers Union;<\/li>\n<li>siti di comunit\u00e0 dot.com;<\/li>\n<li>associazioni o altri gruppi che rappresentano enti di beneficenza, compresi i siti di donazione di beneficenza,<\/li>\n<li>distributori di elenchi online;<\/li>\n<li>portali internet;<\/li>\n<li>societ\u00e0 di contabilit\u00e0, legge e consulenza i cui clienti principali sono imprese; e<\/li>\n<li>istituzioni educative e associazioni di categoria.<\/li>\n<\/ul>\n<p>Queste organizzazioni possono collegarsi alla nostra home page, a pubblicazioni o ad altre informazioni del sito web a condizione che il collegamento: (a) non sia in alcun modo fuorviante; (b) non implichi falsamente la sponsorizzazione, l'avallo o l'approvazione della parte che effettua il link e dei suoi prodotti o servizi; e (c) si adatti al contesto del sito della parte che effettua il link. Se siete tra le organizzazioni elencate nel paragrafo 2 di cui sopra e siete interessati a collegarvi al nostro sito web, dovete informarci inviando una e-mail a <a title=\"invia un&#039;e-mail a team@projectgo.pro\" href=\"mailto:team@projectgo.pro\">team@projectgo.pro<\/a>.<\/p>\n<p>Per favore includete il vostro nome, il nome della vostra organizzazione, le informazioni di contatto (come un numero di telefono e\/o un indirizzo e-mail) e l'URL del vostro sito, una lista di qualsiasi URL da cui intendete collegarvi al nostro sito web, e una lista dell'URL(i) sul nostro sito a cui vorreste collegarvi. Attendere 2-3 settimane per una risposta. Le organizzazioni approvate possono creare collegamenti ipertestuali al nostro sito web come segue:<\/p>\n<ul>\n<li>Con l'uso della nostra ragione sociale; o<\/li>\n<li>Tramite l'uso del localizzatore di risorse uniformi (indirizzo web) a cui \u00e8 collegato; o<\/li>\n<li>Con l'uso di qualsiasi altra descrizione del nostro sito web o del materiale a cui \u00e8 collegato che abbia senso all'interno del<br \/>\nil contesto e il formato del contenuto del sito della parte linkante.<\/li>\n<\/ul>\n<h2><strong>Riserva di diritti<\/strong><\/h2>\n<p>Ci riserviamo il diritto, in qualsiasi momento e a sua sola discrezione, di richiedere la rimozione di tutti i link o di qualsiasi link particolare al nostro sito web. L'utente accetta di rimuovere immediatamente tutti i link al nostro sito web su tale richiesta. Ci riserviamo inoltre il diritto di modificare questi termini e condizioni e la sua politica di collegamento in qualsiasi momento. Continuando a collegarsi al nostro sito web, l'utente accetta di essere vincolato e di rispettare questi termini e condizioni di collegamento.<\/p>\n<h2><strong>Rimozione di link dal nostro sito web<\/strong><\/h2>\n<p>Se trovate qualsiasi link sul nostro sito web o qualsiasi sito web collegato discutibile per qualsiasi motivo, potete contattarci a questo proposito. Prenderemo in considerazione le richieste di rimuovere i link, ma non avremo alcun obbligo di farlo o di rispondere direttamente a voi. Sebbene ci sforziamo di assicurare che le informazioni su questo sito web siano corrette, non garantiamo la loro completezza o accuratezza; n\u00e9 ci impegniamo a garantire che il sito web rimanga disponibile o che il materiale sul sito web sia tenuto aggiornato.<\/p>\n<h2><strong>Responsabilit\u00e0 del contenuto<\/strong><\/h2>\n<p>Non avremo alcuna responsabilit\u00e0 per qualsiasi contenuto che appare sul tuo sito web. Lei accetta di indennizzarci e difenderci da tutti i reclami derivanti da o basati sul suo sito web. Nessun link pu\u00f2 apparire su qualsiasi pagina del tuo sito web o all'interno di qualsiasi contesto contenente contenuti o materiali che possono essere interpretati come diffamatori, osceni o criminali, o che infrangono, violano in altro modo, o sostengono la violazione o altra violazione di qualsiasi diritto di terze parti.<\/p>\n<h2><strong>Disclaimer<\/strong><\/h2>\n<p>Nella misura massima consentita dalla legge applicabile, escludiamo tutte le dichiarazioni, garanzie e condizioni relative al nostro sito web e l'uso di questo sito web (compresa, senza limitazione, qualsiasi garanzia implicita dalla legge per quanto riguarda la qualit\u00e0 soddisfacente, l'idoneit\u00e0 allo scopo e\/o l'uso di ragionevole cura e abilit\u00e0). Nulla in questo disclaimer:<\/p>\n<ul>\n<li>limitare o escludere la nostra o la vostra responsabilit\u00e0 per morte o lesioni personali derivanti da negligenza;<\/li>\n<li>limitare o escludere la nostra o la vostra responsabilit\u00e0 per frode o dichiarazione fraudolenta;<\/li>\n<li>limitare qualsiasi nostra o vostra responsabilit\u00e0 in qualsiasi modo che non sia consentito dalla legge applicabile; o<\/li>\n<li>escludere qualsiasi nostra o vostra responsabilit\u00e0 che non pu\u00f2 essere esclusa in base alla legge applicabile.<\/li>\n<\/ul>\n<p>Le limitazioni ed esclusioni di responsabilit\u00e0 di cui alla presente sezione e altrove nel presente disclaimer: (a) sono soggetti al paragrafo precedente, e (b) regolano tutte le responsabilit\u00e0 derivanti dal disclaimer o in relazione alla materia oggetto del presente disclaimer, comprese le responsabilit\u00e0 derivanti dal contratto, in torto (compresa la negligenza) e per violazione del dovere legale. Nella misura in cui il sito web e le informazioni e i servizi sul sito web sono forniti gratuitamente, non saremo responsabili per qualsiasi perdita o danno di qualsiasi natura.<\/p>\n<h2><strong>Disclaimer per GoPro, Inc.<\/strong><\/h2>\n<p>GoPro, HERO, Session, Karma e i rispettivi loghi sono marchi o marchi registrati di GoPro, Inc. Qualsiasi riferimento a GoPro, Inc. \u00e8 puramente a scopo illustrativo e didattico. ProjectGo non \u00e8 associato a nessun prodotto o fornitore menzionato in questo sito web, n\u00e9 a nessuno dei suoi prodotti. Tutti i marchi sono di propriet\u00e0 dei rispettivi titolari.<\/p>\n<h2>Informazioni di contatto<\/h2>\n<p>In caso di domande o dubbi relativi ai T&amp;C, o se desiderate contattarci via e-mail, potete contattarci al seguente indirizzo: <a href=\"mailto:team@projectgo.pro\" target=\"_new\" rel=\"noopener\">team@projectgo.pro<\/a><\/p>\n<p>In alternativa, \u00e8 possibile chiamare il nostro supporto durante l'orario d'ufficio (US Pacific Time): +1 689 2058467<\/p>\n<p>Se desiderate contattarci per posta, potete raggiungerci al seguente indirizzo:<\/p>\n<p><strong>ProgettoGO<\/strong><br \/>\n7345 W Sand Lake Rd.<br \/>\nOrlando, Florida 32819<br \/>\nStati Uniti<\/p>\n<p><strong>Nota:<\/strong> Non accetteremo alcuna consegna se non ci informerete in anticipo via e-mail.<\/p>","protected":false},"excerpt":{"rendered":"<p>These terms and conditions outline the rules and regulations for the use of ProjectGo&#8216;s website. By accessing this website we assume you accept these terms&#8230;<\/p>","protected":false},"author":519,"featured_media":0,"parent":0,"menu_order":0,"comment_status":"closed","ping_status":"closed","template":"","meta":{"tpgb_global_settings":"","_et_pb_use_builder":"off","_et_pb_old_content":"","_et_gb_content_width":"","_lmt_disableupdate":"","_lmt_disable":"","footnotes":""},"categories":[],"tags":[],"class_list":["post-13888","page","type-page","status-publish","hentry"],"yoast_head":"<!-- This site is optimized with the Yoast SEO Premium plugin v23.6 (Yoast SEO v27.3) - https:\/\/yoast.com\/product\/yoast-seo-premium-wordpress\/ -->\n<title>Terms and Conditions &#187; ProjectGO<\/title>\n<meta name=\"description\" content=\"For rules and regulations regarding the use of our website (cookies, hyperlinking, commenting) please read our terms and conditions page.\" \/>\n<meta name=\"robots\" content=\"index, follow, max-snippet:-1, max-image-preview:large, max-video-preview:-1\" \/>\n<link rel=\"canonical\" href=\"https:\/\/projectgo.pro\/it\/termini-e-condizioni\/\" \/>\n<meta property=\"og:locale\" content=\"it_IT\" \/>\n<meta property=\"og:type\" content=\"article\" \/>\n<meta property=\"og:title\" content=\"Terms and Conditions\" \/>\n<meta property=\"og:description\" content=\"For rules and regulations regarding the use of our website (cookies, hyperlinking, commenting) please read our terms and conditions page.\" \/>\n<meta property=\"og:url\" content=\"https:\/\/projectgo.pro\/it\/termini-e-condizioni\/\" \/>\n<meta property=\"og:site_name\" content=\"ProjectGO\" \/>\n<meta property=\"article:publisher\" content=\"https:\/\/www.facebook.com\/pages\/ProjectGoPro\/1424889017736927\" \/>\n<meta property=\"article:modified_time\" content=\"2023-12-16T16:40:33+00:00\" \/>\n<meta name=\"twitter:card\" content=\"summary_large_image\" \/>\n<meta name=\"twitter:label1\" content=\"Tempo di lettura stimato\" \/>\n\t<meta name=\"twitter:data1\" content=\"9 minuti\" \/>\n<script type=\"application\/ld+json\" class=\"yoast-schema-graph\">{\"@context\":\"https:\\\/\\\/schema.org\",\"@graph\":[{\"@type\":\"WebPage\",\"@id\":\"https:\\\/\\\/projectgo.pro\\\/terms-and-conditions\\\/\",\"url\":\"https:\\\/\\\/projectgo.pro\\\/terms-and-conditions\\\/\",\"name\":\"Terms and Conditions &#187; ProjectGO\",\"isPartOf\":{\"@id\":\"https:\\\/\\\/projectgo.pro\\\/#website\"},\"datePublished\":\"2018-12-14T13:40:36+00:00\",\"dateModified\":\"2023-12-16T16:40:33+00:00\",\"description\":\"For rules and regulations regarding the use of our website (cookies, hyperlinking, commenting) please read our terms and conditions page.\",\"inLanguage\":\"it-IT\",\"potentialAction\":[{\"@type\":\"ReadAction\",\"target\":[\"https:\\\/\\\/projectgo.pro\\\/terms-and-conditions\\\/\"]}]},{\"@type\":\"WebSite\",\"@id\":\"https:\\\/\\\/projectgo.pro\\\/#website\",\"url\":\"https:\\\/\\\/projectgo.pro\\\/\",\"name\":\"ProjectGO\",\"description\":\"Action Camera Guides &amp; Gear Reviews for Creators\",\"publisher\":{\"@id\":\"https:\\\/\\\/projectgo.pro\\\/#organization\"},\"potentialAction\":[{\"@type\":\"SearchAction\",\"target\":{\"@type\":\"EntryPoint\",\"urlTemplate\":\"https:\\\/\\\/projectgo.pro\\\/?s={search_term_string}\"},\"query-input\":{\"@type\":\"PropertyValueSpecification\",\"valueRequired\":true,\"valueName\":\"search_term_string\"}}],\"inLanguage\":\"it-IT\"},{\"@type\":\"Organization\",\"@id\":\"https:\\\/\\\/projectgo.pro\\\/#organization\",\"name\":\"ProjectGO\",\"url\":\"https:\\\/\\\/projectgo.pro\\\/\",\"logo\":{\"@type\":\"ImageObject\",\"inLanguage\":\"it-IT\",\"@id\":\"https:\\\/\\\/projectgo.pro\\\/#\\\/schema\\\/logo\\\/image\\\/\",\"url\":\"https:\\\/\\\/projectgo.pro\\\/wp-content\\\/uploads\\\/2023\\\/10\\\/ProjectGO-favicon.png\",\"contentUrl\":\"https:\\\/\\\/projectgo.pro\\\/wp-content\\\/uploads\\\/2023\\\/10\\\/ProjectGO-favicon.png\",\"width\":513,\"height\":512,\"caption\":\"ProjectGO\"},\"image\":{\"@id\":\"https:\\\/\\\/projectgo.pro\\\/#\\\/schema\\\/logo\\\/image\\\/\"},\"sameAs\":[\"https:\\\/\\\/www.facebook.com\\\/pages\\\/ProjectGoPro\\\/1424889017736927\",\"https:\\\/\\\/www.youtube.com\\\/channel\\\/UCa7KT9TjfpHE0Tcgy727RNg\"]}]}<\/script>\n<!-- \/ Yoast SEO Premium plugin. -->","yoast_head_json":{"title":"Termini e condizioni \" ProjectGO","description":"Per le regole e i regolamenti riguardanti l'uso del nostro sito web (cookie, collegamenti ipertestuali, commenti) si prega di leggere la nostra pagina dei termini e delle condizioni.","robots":{"index":"index","follow":"follow","max-snippet":"max-snippet:-1","max-image-preview":"max-image-preview:large","max-video-preview":"max-video-preview:-1"},"canonical":"https:\/\/projectgo.pro\/it\/termini-e-condizioni\/","og_locale":"it_IT","og_type":"article","og_title":"Terms and Conditions","og_description":"For rules and regulations regarding the use of our website (cookies, hyperlinking, commenting) please read our terms and conditions page.","og_url":"https:\/\/projectgo.pro\/it\/termini-e-condizioni\/","og_site_name":"ProjectGO","article_publisher":"https:\/\/www.facebook.com\/pages\/ProjectGoPro\/1424889017736927","article_modified_time":"2023-12-16T16:40:33+00:00","twitter_card":"summary_large_image","twitter_misc":{"Tempo di lettura stimato":"9 minuti"},"schema":{"@context":"https:\/\/schema.org","@graph":[{"@type":"WebPage","@id":"https:\/\/projectgo.pro\/terms-and-conditions\/","url":"https:\/\/projectgo.pro\/terms-and-conditions\/","name":"Termini e condizioni \" ProjectGO","isPartOf":{"@id":"https:\/\/projectgo.pro\/#website"},"datePublished":"2018-12-14T13:40:36+00:00","dateModified":"2023-12-16T16:40:33+00:00","description":"Per le regole e i regolamenti riguardanti l'uso del nostro sito web (cookie, collegamenti ipertestuali, commenti) si prega di leggere la nostra pagina dei termini e delle condizioni.","inLanguage":"it-IT","potentialAction":[{"@type":"ReadAction","target":["https:\/\/projectgo.pro\/terms-and-conditions\/"]}]},{"@type":"WebSite","@id":"https:\/\/projectgo.pro\/#website","url":"https:\/\/projectgo.pro\/","name":"ProgettoGO","description":"Guide per videocamere d'azione e recensioni di attrezzature per creativi","publisher":{"@id":"https:\/\/projectgo.pro\/#organization"},"potentialAction":[{"@type":"SearchAction","target":{"@type":"EntryPoint","urlTemplate":"https:\/\/projectgo.pro\/?s={search_term_string}"},"query-input":{"@type":"PropertyValueSpecification","valueRequired":true,"valueName":"search_term_string"}}],"inLanguage":"it-IT"},{"@type":"Organization","@id":"https:\/\/projectgo.pro\/#organization","name":"ProgettoGO","url":"https:\/\/projectgo.pro\/","logo":{"@type":"ImageObject","inLanguage":"it-IT","@id":"https:\/\/projectgo.pro\/#\/schema\/logo\/image\/","url":"https:\/\/projectgo.pro\/wp-content\/uploads\/2023\/10\/ProjectGO-favicon.png","contentUrl":"https:\/\/projectgo.pro\/wp-content\/uploads\/2023\/10\/ProjectGO-favicon.png","width":513,"height":512,"caption":"ProjectGO"},"image":{"@id":"https:\/\/projectgo.pro\/#\/schema\/logo\/image\/"},"sameAs":["https:\/\/www.facebook.com\/pages\/ProjectGoPro\/1424889017736927","https:\/\/www.youtube.com\/channel\/UCa7KT9TjfpHE0Tcgy727RNg"]}]}},"tpgb_featured_images":null,"tpgb_post_meta_info":{"get_date":"Dicembre 16, 2023","get_modified_date":"Dicembre 16, 2023","category_list":{"category":false,"post_tag":false},"author_name":"Andy Magri","author_url":"https:\/\/projectgo.pro\/it\/author\/andy-magri\/","author_email":"projectgopromail@gmail.com","author_website":"http:\/\/projectgo.pro","author_description":"I\u2019m Andy Magri, an Italian filmmaker and content creator. After graduating from University, I set off to explore the world while creating guides and reviews featuring the video gear I love and use the most. With the help of my awesome team, we share tips and reviews about GoPro, Insta360, DJI, smartphone cameras, drones, editing software and anything around action video-making. I hope my guides not only help you find the perfect camera equipment, but also inspire you to get out there and create! Since publishing my first tutorial on ProjectGO, seven years ago, our content has helped over 2M creators worldwide. Start by downloading the <a href=\"http:\/\/projectgo.pro\/\">FREE GoPro Settings Cheat Sheet.","author_facebook":"","author_twitter":"","author_instagram":"","author_role":["administrator"],"author_firstname":"Andy","author_lastname":"Magri","user_login":"andy-magri","author_avatar":"<img alt='' src='https:\/\/secure.gravatar.com\/avatar\/ecb40f3aef4515d91d6060803d92cea39ca50d0051a359a9068f99661051e95e?s=200&#038;d=mm&#038;r=g' srcset='https:\/\/secure.gravatar.com\/avatar\/ecb40f3aef4515d91d6060803d92cea39ca50d0051a359a9068f99661051e95e?s=400&#038;d=mm&#038;r=g 2x' class='avatar avatar-200 photo' height='200' width='200' decoding='async'\/>","author_avatar_url":"https:\/\/secure.gravatar.com\/avatar\/ecb40f3aef4515d91d6060803d92cea39ca50d0051a359a9068f99661051e95e?s=96&d=mm&r=g","comment_count":0,"post_likes":0,"post_views":0},"tpgb_post_category":[],"amp_enabled":true,"_links":{"self":[{"href":"https:\/\/projectgo.pro\/it\/wp-json\/wp\/v2\/pages\/13888","targetHints":{"allow":["GET"]}}],"collection":[{"href":"https:\/\/projectgo.pro\/it\/wp-json\/wp\/v2\/pages"}],"about":[{"href":"https:\/\/projectgo.pro\/it\/wp-json\/wp\/v2\/types\/page"}],"author":[{"embeddable":true,"href":"https:\/\/projectgo.pro\/it\/wp-json\/wp\/v2\/users\/519"}],"replies":[{"embeddable":true,"href":"https:\/\/projectgo.pro\/it\/wp-json\/wp\/v2\/comments?post=13888"}],"version-history":[{"count":0,"href":"https:\/\/projectgo.pro\/it\/wp-json\/wp\/v2\/pages\/13888\/revisions"}],"wp:attachment":[{"href":"https:\/\/projectgo.pro\/it\/wp-json\/wp\/v2\/media?parent=13888"}],"wp:term":[{"taxonomy":"category","embeddable":true,"href":"https:\/\/projectgo.pro\/it\/wp-json\/wp\/v2\/categories?post=13888"},{"taxonomy":"post_tag","embeddable":true,"href":"https:\/\/projectgo.pro\/it\/wp-json\/wp\/v2\/tags?post=13888"}],"curies":[{"name":"wp","href":"https:\/\/api.w.org\/{rel}","templated":true}]}}