{"id":9508,"date":"2015-02-06T20:10:07","date_gmt":"2015-02-07T04:10:07","guid":{"rendered":"http:\/\/projectgo.pro\/privacy-policy\/"},"modified":"2023-12-16T08:40:40","modified_gmt":"2023-12-16T16:40:40","slug":"privacy-policy","status":"publish","type":"page","link":"https:\/\/projectgo.pro\/fr\/politique-de-confidentialite\/","title":{"rendered":"Politique de confidentialit\u00e9"},"content":{"rendered":"<p>Cette politique de confidentialit\u00e9 a \u00e9t\u00e9 compil\u00e9e pour mieux servir ceux qui sont pr\u00e9occup\u00e9s par la fa\u00e7on dont leurs \u00ab\u00a0informations personnelles identifiables\u00a0\u00bb (PII) sont utilis\u00e9es en ligne. Les PII, telles qu&#039;utilis\u00e9es dans la loi am\u00e9ricaine sur la confidentialit\u00e9 et la s\u00e9curit\u00e9 des informations, sont des informations qui peuvent \u00eatre utilis\u00e9es seules ou avec d&#039;autres informations pour identifier, contacter ou localiser une seule personne, ou pour identifier une personne dans son contexte. Veuillez lire attentivement notre politique de confidentialit\u00e9 pour bien comprendre comment nous recueillons, utilisons, prot\u00e9geons ou traitons autrement vos informations personnelles identifiables conform\u00e9ment \u00e0 notre site Web.<\/p>\n<p>To learn more about ProjectGO, please visit our <a href=\"https:\/\/projectgo.pro\/about\/\">About page<\/a>.<\/p>\n<p>For terms and conditions visit <a href=\"https:\/\/projectgo.pro\/terms-and-conditions\/\">cette page<\/a>.<\/p>\n<h2><strong>Quelles informations personnelles collectons-nous aupr\u00e8s des personnes qui visitent notre blog, notre site Web ou notre application\u00a0?<\/strong><\/h2>\n<p>Lorsque vous utilisez notre site, le cas \u00e9ch\u00e9ant, vous pouvez \u00eatre invit\u00e9 \u00e0 entrer votre nom, votre adresse e-mail ou d&#039;autres d\u00e9tails pour vous aider dans votre exp\u00e9rience.<\/p>\n<h2><strong>Comment utilisons-nous vos informations?<\/strong><\/h2>\n<p>Nous pouvons utiliser les informations que nous recueillons aupr\u00e8s de vous lorsque vous vous inscrivez, effectuez un achat, vous inscrivez \u00e0 notre newsletter, d\u00e9verrouillez le contenu, r\u00e9pondez \u00e0 une enqu\u00eate ou \u00e0 une communication marketing, naviguez sur le site Web ou utilisez certaines autres fonctionnalit\u00e9s du site de la mani\u00e8re suivante\u00a0:<\/p>\n<ul>\n<li>Pour personnaliser l&#039;exp\u00e9rience de l&#039;utilisateur et nous permettre de fournir le type de contenu et les offres de produits qui vous int\u00e9ressent le plus<\/li>\n<li>Pour am\u00e9liorer notre site Web afin de mieux vous servir.<\/li>\n<li>Pour nous permettre de mieux vous servir en r\u00e9pondant \u00e0 vos demandes de service client.<\/li>\n<li>Pour administrer un concours, une promotion, un sondage ou une autre fonctionnalit\u00e9 du site.<\/li>\n<li>Pour envoyer des e-mails p\u00e9riodiques concernant votre commande ou d&#039;autres produits et services.<\/li>\n<\/ul>\n<h2><strong>Utilisons-nous des \u00ab cookies \u00bb ?<\/strong><\/h2>\n<p>Oui. Les cookies sont de petits fichiers qu&#039;un site ou son fournisseur de services transf\u00e8re sur le disque dur de votre ordinateur via votre navigateur Web (si vous le permettez) qui permettent aux syst\u00e8mes du site ou du fournisseur de services de reconna\u00eetre votre navigateur et de capturer et de m\u00e9moriser certaines informations. Par exemple, nous utilisons des cookies pour nous aider \u00e0 m\u00e9moriser et \u00e0 traiter les articles de votre panier. Ils sont \u00e9galement utilis\u00e9s pour nous aider \u00e0 comprendre vos pr\u00e9f\u00e9rences en fonction de l&#039;activit\u00e9 pr\u00e9c\u00e9dente ou actuelle du site, ce qui nous permet de vous fournir des services am\u00e9lior\u00e9s. Nous utilisons \u00e9galement des cookies pour nous aider \u00e0 compiler des donn\u00e9es agr\u00e9g\u00e9es sur le trafic du site et l&#039;interaction du site afin que nous puissions offrir de meilleures exp\u00e9riences et outils sur le site \u00e0 l&#039;avenir.<\/p>\n<p>Nous utilisons des cookies pour :<\/p>\n<ul>\n<li>Comprendre et enregistrer les pr\u00e9f\u00e9rences de l&#039;utilisateur pour de futures visites.<\/li>\n<li>M\u00e9morisez les utilisateurs qui ont d\u00e9verrouill\u00e9 l&#039;acc\u00e8s au contenu premium.<\/li>\n<\/ul>\n<p>Si vous d\u00e9sactivez les cookies, certaines fonctionnalit\u00e9s seront d\u00e9sactiv\u00e9es. Cela affectera l&#039;exp\u00e9rience des utilisateurs et certains de nos services ne fonctionneront pas correctement.<\/p>\n<h2><strong>Divulgation \u00e0 des tiers<\/strong><\/h2>\n<p>Nous ne vendons, n&#039;\u00e9changeons ni ne transf\u00e9rons autrement \u00e0 des tiers vos informations personnellement identifiables, sauf si nous vous en informons \u00e0 l&#039;avance. Cela n&#039;inclut pas les partenaires d&#039;h\u00e9bergement de sites Web et les autres parties qui nous aident \u00e0 exploiter notre site Web, \u00e0 mener nos activit\u00e9s ou \u00e0 vous servir, tant que ces parties acceptent de garder ces informations confidentielles. Nous pouvons \u00e9galement divulguer vos informations lorsque nous pensons que la divulgation est appropri\u00e9e pour se conformer \u00e0 la loi, appliquer les politiques de notre site ou prot\u00e9ger nos droits, notre propri\u00e9t\u00e9 ou notre s\u00e9curit\u00e9 ou ceux d&#039;autrui.<\/p>\n<p>Cependant, des informations non personnellement identifiables sur les visiteurs peuvent \u00eatre fournies \u00e0 d&#039;autres parties \u00e0 des fins de marketing, de publicit\u00e9 ou \u00e0 d&#039;autres fins.<\/p>\n<h2><strong>Liens tiers<\/strong><\/h2>\n<p>Occasionnellement, \u00e0 notre discr\u00e9tion, nous pouvons inclure ou proposer des produits ou services tiers sur notre site Web. Ces sites tiers ont des politiques de confidentialit\u00e9 distinctes et ind\u00e9pendantes. Nous d\u00e9clinons donc toute responsabilit\u00e9 quant au contenu et aux activit\u00e9s de ces sites li\u00e9s. N\u00e9anmoins, nous cherchons \u00e0 prot\u00e9ger l&#039;int\u00e9grit\u00e9 de notre site et appr\u00e9cions tout commentaire sur ces sites.<\/p>\n<h2>Mediavine Programmatic Advertising (Ver 1.1)<\/h2>\n<p>The Website works with Mediavine to manage third-party interest-based advertising appearing on the Website. Mediavine serves content and advertisements when you visit the Website, which may use first and third-party cookies. A cookie is a small text file which is sent to your computer or mobile device (referred to in this policy as a \u201cdevice\u201d) by the web server so that a website can remember some information about your browsing activity on the Website.<\/p>\n<p>First party cookies are created by the website that you are visiting. A third-party cookie is frequently used in behavioral advertising and analytics and is created by a domain other than the website you are visiting. Third-party cookies, tags, pixels, beacons and other similar technologies (collectively, \u201cTags\u201d) may be placed on the Website to monitor interaction with advertising content and to target and optimize advertising. Each internet browser has functionality so that you can block both first and third-party cookies and clear your browser\u2019s cache. The &#8220;help&#8221; feature of the menu bar on most browsers will tell you how to stop accepting new cookies, how to receive notification of new cookies, how to disable existing cookies and how to clear your browser\u2019s cache. For more information about cookies and how to disable them, you can consult the information at <a href=\"https:\/\/www.allaboutcookies.org\/manage-cookies\/\" target=\"_blank\" rel=\"noreferrer noopener nofollow\">All About Cookies<\/a>.<\/p>\n<p>Without cookies you may not be able to take full advantage of the Website content and features. Please note that rejecting cookies does not mean that you will no longer see ads when you visit our Site. In the event you opt-out, you will still see non-personalized advertisements on the Website.<\/p>\n<p>The Website collects the following data using a cookie when serving personalized ads:<\/p>\n<ul>\n<li>IP Address<\/li>\n<li>Operating System type<\/li>\n<li>Operating System version<\/li>\n<li>Device Type<\/li>\n<li>Language of the website<\/li>\n<li>Web browser type<\/li>\n<li>Email (in hashed form)<\/li>\n<\/ul>\n<p>Mediavine Partners (companies listed below with whom Mediavine shares data) may also use this data to link to other end user information the partner has independently collected to deliver targeted advertisements. Mediavine Partners may also separately collect data about end users from other sources, such as advertising IDs or pixels, and link that data to data collected from Mediavine publishers in order to provide interest-based advertising across your online experience, including devices, browsers and apps. This data includes usage data, cookie information, device information, information about interactions between users and advertisements and websites, geolocation data, traffic data, and information about a visitor\u2019s referral source to a particular website. Mediavine Partners may also create unique IDs to create audience segments, which are used to provide targeted advertising.<\/p>\n<p>If you would like more information about this practice and to know your choices to opt-in or opt-out of this data collection, please visit <a href=\"https:\/\/thenai.org\/opt-out\/\" target=\"_blank\" rel=\"noreferrer noopener nofollow\">National Advertising Initiative opt out page<\/a>. You may also visit <a href=\"http:\/\/optout.aboutads.info\/#\/\" target=\"_blank\" rel=\"noreferrer noopener nofollow\">Digital Advertising Alliance website<\/a> et <a href=\"http:\/\/optout.networkadvertising.org\/#\" target=\"_blank\" rel=\"noreferrer noopener nofollow\">Network Advertising Initiative website<\/a> to learn more information about interest-based advertising. You may download the AppChoices app at <a href=\"https:\/\/youradchoices.com\/appchoices\" target=\"_blank\" rel=\"noreferrer noopener nofollow\">Digital Advertising Alliance\u2019s AppChoices app<\/a> to opt out in connection with mobile apps, or use the platform controls on your mobile device to opt out.<\/p>\n<p>For specific information about Mediavine Partners, the data each collects and their data collection and privacy policies, please visit <a href=\"https:\/\/www.mediavine.com\/ad-partners\/\" target=\"_blank\" rel=\"noreferrer noopener nofollow\">Mediavine Partners<\/a>.<\/p>\n<p>Si vous avez des questions concernant cette politique de confidentialit\u00e9, vous pouvez nous contacter.<\/p>\n<h2>Informations de contact<\/h2>\n<p>If you have any questions or concerns regarding this Privacy Policy you can email us at: <a href=\"mailto:team@projectgo.pro\" target=\"_new\" rel=\"noopener\">team@projectgo.pro<\/a><\/p>\n<p>Alternatively, you can call our support during office hours (US Pacific Time): +1 689 2058467<\/p>\n<p>If you wish to contact us by mail, you can reach us at the following address:<\/p>\n<p><strong>ProjetGO<\/strong><br \/>\n7345 W Sand Lake Rd.<br \/>\nOrlando, Floride 32819<br \/>\n\u00c9tats-Unis<\/p>\n<p><strong>Note :<\/strong> We will not accept any delivery unless you inform us in advance by email.<\/p>","protected":false},"excerpt":{"rendered":"<p>This privacy policy has been compiled to better serve those who are concerned with how their &#8216;Personally identifiable information&#8217; (PII) is being used online. PII,&#8230;<\/p>","protected":false},"author":519,"featured_media":0,"parent":0,"menu_order":0,"comment_status":"open","ping_status":"closed","template":"","meta":{"tpgb_global_settings":"","_et_pb_use_builder":"off","_et_pb_old_content":"","_et_gb_content_width":"","_lmt_disableupdate":"","_lmt_disable":"","footnotes":""},"categories":[],"tags":[],"class_list":["post-9508","page","type-page","status-publish","hentry"],"yoast_head":"<!-- This site is optimized with the Yoast SEO Premium plugin v23.6 (Yoast SEO v27.3) - https:\/\/yoast.com\/product\/yoast-seo-premium-wordpress\/ -->\n<title>Privacy Policy &#187; ProjectGO<\/title>\n<meta name=\"description\" content=\"We recommend all readers visit our privacy policy to learn more about how visitor data and personal information is handled.\" \/>\n<meta name=\"robots\" content=\"index, follow, max-snippet:-1, max-image-preview:large, max-video-preview:-1\" \/>\n<link rel=\"canonical\" href=\"https:\/\/projectgo.pro\/fr\/politique-de-confidentialite\/\" \/>\n<meta property=\"og:locale\" content=\"fr_FR\" \/>\n<meta property=\"og:type\" content=\"article\" \/>\n<meta property=\"og:title\" content=\"Privacy Policy\" \/>\n<meta property=\"og:description\" content=\"We recommend all readers visit our privacy policy to learn more about how visitor data and personal information is handled.\" \/>\n<meta property=\"og:url\" content=\"https:\/\/projectgo.pro\/fr\/politique-de-confidentialite\/\" \/>\n<meta property=\"og:site_name\" content=\"ProjectGO\" \/>\n<meta property=\"article:publisher\" content=\"https:\/\/www.facebook.com\/pages\/ProjectGoPro\/1424889017736927\" \/>\n<meta property=\"article:modified_time\" content=\"2023-12-16T16:40:40+00:00\" \/>\n<meta name=\"twitter:card\" content=\"summary_large_image\" \/>\n<meta name=\"twitter:label1\" content=\"Dur\u00e9e de lecture estim\u00e9e\" \/>\n\t<meta name=\"twitter:data1\" content=\"6 minutes\" \/>\n<script type=\"application\/ld+json\" class=\"yoast-schema-graph\">{\"@context\":\"https:\\\/\\\/schema.org\",\"@graph\":[{\"@type\":\"WebPage\",\"@id\":\"https:\\\/\\\/projectgo.pro\\\/privacy-policy\\\/\",\"url\":\"https:\\\/\\\/projectgo.pro\\\/privacy-policy\\\/\",\"name\":\"Privacy Policy &#187; ProjectGO\",\"isPartOf\":{\"@id\":\"https:\\\/\\\/projectgo.pro\\\/#website\"},\"datePublished\":\"2015-02-07T04:10:07+00:00\",\"dateModified\":\"2023-12-16T16:40:40+00:00\",\"description\":\"We recommend all readers visit our privacy policy to learn more about how visitor data and personal information is handled.\",\"inLanguage\":\"fr-FR\",\"potentialAction\":[{\"@type\":\"ReadAction\",\"target\":[\"https:\\\/\\\/projectgo.pro\\\/privacy-policy\\\/\"]}]},{\"@type\":\"WebSite\",\"@id\":\"https:\\\/\\\/projectgo.pro\\\/#website\",\"url\":\"https:\\\/\\\/projectgo.pro\\\/\",\"name\":\"ProjectGO\",\"description\":\"Action Camera Guides &amp; Gear Reviews for Creators\",\"publisher\":{\"@id\":\"https:\\\/\\\/projectgo.pro\\\/#organization\"},\"potentialAction\":[{\"@type\":\"SearchAction\",\"target\":{\"@type\":\"EntryPoint\",\"urlTemplate\":\"https:\\\/\\\/projectgo.pro\\\/?s={search_term_string}\"},\"query-input\":{\"@type\":\"PropertyValueSpecification\",\"valueRequired\":true,\"valueName\":\"search_term_string\"}}],\"inLanguage\":\"fr-FR\"},{\"@type\":\"Organization\",\"@id\":\"https:\\\/\\\/projectgo.pro\\\/#organization\",\"name\":\"ProjectGO\",\"url\":\"https:\\\/\\\/projectgo.pro\\\/\",\"logo\":{\"@type\":\"ImageObject\",\"inLanguage\":\"fr-FR\",\"@id\":\"https:\\\/\\\/projectgo.pro\\\/#\\\/schema\\\/logo\\\/image\\\/\",\"url\":\"https:\\\/\\\/projectgo.pro\\\/wp-content\\\/uploads\\\/2023\\\/10\\\/ProjectGO-favicon.png\",\"contentUrl\":\"https:\\\/\\\/projectgo.pro\\\/wp-content\\\/uploads\\\/2023\\\/10\\\/ProjectGO-favicon.png\",\"width\":513,\"height\":512,\"caption\":\"ProjectGO\"},\"image\":{\"@id\":\"https:\\\/\\\/projectgo.pro\\\/#\\\/schema\\\/logo\\\/image\\\/\"},\"sameAs\":[\"https:\\\/\\\/www.facebook.com\\\/pages\\\/ProjectGoPro\\\/1424889017736927\",\"https:\\\/\\\/www.youtube.com\\\/channel\\\/UCa7KT9TjfpHE0Tcgy727RNg\"]}]}<\/script>\n<!-- \/ Yoast SEO Premium plugin. -->","yoast_head_json":{"title":"Politique de confidentialit\u00e9 \" ProjectGO","description":"Nous recommandons \u00e0 tous les lecteurs de consulter notre politique de confidentialit\u00e9 pour en savoir plus sur la mani\u00e8re dont les donn\u00e9es des visiteurs et les informations personnelles sont trait\u00e9es.","robots":{"index":"index","follow":"follow","max-snippet":"max-snippet:-1","max-image-preview":"max-image-preview:large","max-video-preview":"max-video-preview:-1"},"canonical":"https:\/\/projectgo.pro\/fr\/politique-de-confidentialite\/","og_locale":"fr_FR","og_type":"article","og_title":"Privacy Policy","og_description":"We recommend all readers visit our privacy policy to learn more about how visitor data and personal information is handled.","og_url":"https:\/\/projectgo.pro\/fr\/politique-de-confidentialite\/","og_site_name":"ProjectGO","article_publisher":"https:\/\/www.facebook.com\/pages\/ProjectGoPro\/1424889017736927","article_modified_time":"2023-12-16T16:40:40+00:00","twitter_card":"summary_large_image","twitter_misc":{"Dur\u00e9e de lecture estim\u00e9e":"6 minutes"},"schema":{"@context":"https:\/\/schema.org","@graph":[{"@type":"WebPage","@id":"https:\/\/projectgo.pro\/privacy-policy\/","url":"https:\/\/projectgo.pro\/privacy-policy\/","name":"Politique de confidentialit\u00e9 \" ProjectGO","isPartOf":{"@id":"https:\/\/projectgo.pro\/#website"},"datePublished":"2015-02-07T04:10:07+00:00","dateModified":"2023-12-16T16:40:40+00:00","description":"Nous recommandons \u00e0 tous les lecteurs de consulter notre politique de confidentialit\u00e9 pour en savoir plus sur la mani\u00e8re dont les donn\u00e9es des visiteurs et les informations personnelles sont trait\u00e9es.","inLanguage":"fr-FR","potentialAction":[{"@type":"ReadAction","target":["https:\/\/projectgo.pro\/privacy-policy\/"]}]},{"@type":"WebSite","@id":"https:\/\/projectgo.pro\/#website","url":"https:\/\/projectgo.pro\/","name":"ProjetGO","description":"Guides sur les cam\u00e9ras d'action et revues de mat\u00e9riel pour les cr\u00e9ateurs","publisher":{"@id":"https:\/\/projectgo.pro\/#organization"},"potentialAction":[{"@type":"SearchAction","target":{"@type":"EntryPoint","urlTemplate":"https:\/\/projectgo.pro\/?s={search_term_string}"},"query-input":{"@type":"PropertyValueSpecification","valueRequired":true,"valueName":"search_term_string"}}],"inLanguage":"fr-FR"},{"@type":"Organization","@id":"https:\/\/projectgo.pro\/#organization","name":"ProjetGO","url":"https:\/\/projectgo.pro\/","logo":{"@type":"ImageObject","inLanguage":"fr-FR","@id":"https:\/\/projectgo.pro\/#\/schema\/logo\/image\/","url":"https:\/\/projectgo.pro\/wp-content\/uploads\/2023\/10\/ProjectGO-favicon.png","contentUrl":"https:\/\/projectgo.pro\/wp-content\/uploads\/2023\/10\/ProjectGO-favicon.png","width":513,"height":512,"caption":"ProjectGO"},"image":{"@id":"https:\/\/projectgo.pro\/#\/schema\/logo\/image\/"},"sameAs":["https:\/\/www.facebook.com\/pages\/ProjectGoPro\/1424889017736927","https:\/\/www.youtube.com\/channel\/UCa7KT9TjfpHE0Tcgy727RNg"]}]}},"tpgb_featured_images":null,"tpgb_post_meta_info":{"get_date":"d\u00e9cembre 16, 2023","get_modified_date":"d\u00e9cembre 16, 2023","category_list":{"category":false,"post_tag":false},"author_name":"Andy Magri","author_url":"https:\/\/projectgo.pro\/fr\/author\/andy-magri\/","author_email":"projectgopromail@gmail.com","author_website":"http:\/\/projectgo.pro","author_description":"I\u2019m Andy Magri, an Italian filmmaker and content creator. After graduating from University, I set off to explore the world while creating guides and reviews featuring the video gear I love and use the most. With the help of my awesome team, we share tips and reviews about GoPro, Insta360, DJI, smartphone cameras, drones, editing software and anything around action video-making. I hope my guides not only help you find the perfect camera equipment, but also inspire you to get out there and create! Since publishing my first tutorial on ProjectGO, seven years ago, our content has helped over 2M creators worldwide. Start by downloading the <a href=\"http:\/\/projectgo.pro\/\">FREE GoPro Settings Cheat Sheet.","author_facebook":"","author_twitter":"","author_instagram":"","author_role":["administrator"],"author_firstname":"Andy","author_lastname":"Magri","user_login":"andy-magri","author_avatar":"<img alt='' src='https:\/\/secure.gravatar.com\/avatar\/ecb40f3aef4515d91d6060803d92cea39ca50d0051a359a9068f99661051e95e?s=200&#038;d=mm&#038;r=g' srcset='https:\/\/secure.gravatar.com\/avatar\/ecb40f3aef4515d91d6060803d92cea39ca50d0051a359a9068f99661051e95e?s=400&#038;d=mm&#038;r=g 2x' class='avatar avatar-200 photo' height='200' width='200' decoding='async'\/>","author_avatar_url":"https:\/\/secure.gravatar.com\/avatar\/ecb40f3aef4515d91d6060803d92cea39ca50d0051a359a9068f99661051e95e?s=96&d=mm&r=g","comment_count":16,"post_likes":0,"post_views":0},"tpgb_post_category":[],"amp_enabled":true,"_links":{"self":[{"href":"https:\/\/projectgo.pro\/fr\/wp-json\/wp\/v2\/pages\/9508","targetHints":{"allow":["GET"]}}],"collection":[{"href":"https:\/\/projectgo.pro\/fr\/wp-json\/wp\/v2\/pages"}],"about":[{"href":"https:\/\/projectgo.pro\/fr\/wp-json\/wp\/v2\/types\/page"}],"author":[{"embeddable":true,"href":"https:\/\/projectgo.pro\/fr\/wp-json\/wp\/v2\/users\/519"}],"replies":[{"embeddable":true,"href":"https:\/\/projectgo.pro\/fr\/wp-json\/wp\/v2\/comments?post=9508"}],"version-history":[{"count":0,"href":"https:\/\/projectgo.pro\/fr\/wp-json\/wp\/v2\/pages\/9508\/revisions"}],"wp:attachment":[{"href":"https:\/\/projectgo.pro\/fr\/wp-json\/wp\/v2\/media?parent=9508"}],"wp:term":[{"taxonomy":"category","embeddable":true,"href":"https:\/\/projectgo.pro\/fr\/wp-json\/wp\/v2\/categories?post=9508"},{"taxonomy":"post_tag","embeddable":true,"href":"https:\/\/projectgo.pro\/fr\/wp-json\/wp\/v2\/tags?post=9508"}],"curies":[{"name":"wp","href":"https:\/\/api.w.org\/{rel}","templated":true}]}}