{"id":4313,"date":"2014-01-18T05:33:49","date_gmt":"2014-01-18T05:33:49","guid":{"rendered":"http:\/\/projectgo.pro\/?page_id=4313"},"modified":"2023-12-16T08:39:57","modified_gmt":"2023-12-16T16:39:57","slug":"contact","status":"publish","type":"page","link":"https:\/\/projectgo.pro\/fr\/contactez\/","title":{"rendered":"Contactez"},"content":{"rendered":"<p>Prenez le temps de v\u00e9rifier si la r\u00e9ponse \u00e0 votre question n'a pas d\u00e9j\u00e0 \u00e9t\u00e9 donn\u00e9e. Sinon, vous pouvez nous contacter directement par courrier \u00e9lectronique (en bas de cette page).<\/p>\n<h2>FAQs<\/h2>\n<p><strong>Quelle est votre politique de retour ?<\/strong><\/p>\n<p class=\"p1\">Nous offrons une garantie de remboursement int\u00e9gral de 30 jours sur tous les produits. Si vous n'\u00eates pas satisfait, veuillez nous le faire savoir \u00e0 l'adresse <a href=\"mailto:team@projectgo.pro\">team@projectgo.pro<\/a>&nbsp;et nous vous rembourserons votre achat.<\/p>\n<p><strong>Quel est l'objectif de votre site web ?<\/strong><\/p>\n<p>ProjectGO a \u00e9t\u00e9 cr\u00e9\u00e9 pour enseigner aux utilisateurs d\u00e9butants de GoPro comment ma\u00eetriser les bases de la vid\u00e9ographie et de la r\u00e9alisation de films gr\u00e2ce \u00e0 des didacticiels gratuits sur le site Web et \u00e0 des produits \u00e9ducatifs payants.<\/p>\n<p><strong>Qui a cr\u00e9\u00e9 votre site web ?<\/strong><\/p>\n<p><span class=\"s1\">ProjectGO est g\u00e9r\u00e9 par Andy, filmmaker et utilisateur de longue date de GoPro. Dans ce blog, il partage ses connaissances acquises au fil des ann\u00e9es de r\u00e9alisation professionnelle avec GoPro et action cameras \u00e0 travers des tutoriels gratuits, des critiques et des cours vid\u00e9o.<\/span><\/p>\n<p><strong>Qu'est-ce que la fiche de fraude GoPro ?<\/strong><\/p>\n<p>La fiche GoPro Cheat est une ressource gratuite qui fournit des configurations de r\u00e9glages pour une vari\u00e9t\u00e9 de conditions de r\u00e9alisation de films.<\/p>\n<p><strong>Qu'est-ce que le manuel GoPro ?<\/strong><\/p>\n<p>Le manuel GoPro est un livre con\u00e7u pour enseigner aux utilisateurs d\u00e9butants de GoPro comment installer, filmer et monter des vid\u00e9os GoPro de qualit\u00e9 professionnelle.<\/p>\n<p><strong>Qu'est-ce que le pack d'\u00e9talonnage des couleurs GoPro LUTs ?<\/strong><\/p>\n<p>Le Pack GoPro LUT est une collection de pr\u00e9r\u00e9glages d'\u00e9talonnage sp\u00e9cialement con\u00e7us pour am\u00e9liorer les couleurs des s\u00e9quences GoPro en post-production.<\/p>\n<h2>Collaborations<\/h2>\n<p>\u00c0 <a href=\"https:\/\/projectgo.pro\/about\/\">ProjetGO<\/a>Nous sommes passionn\u00e9s par la cr\u00e9ation de liens et de partenariats significatifs. Nous recherchons activement des collaborations avec des marques s\u00e9lectionn\u00e9es afin d'offrir \u00e0 notre public des avis \u00e9clair\u00e9s sur les produits et les logiciels. Nous mettons l'accent sur la qualit\u00e9 et la pertinence, en veillant \u00e0 ce que chaque collaboration corresponde aux int\u00e9r\u00eats et aux besoins de notre communaut\u00e9.<\/p>\n<p><strong>Pourquoi collaborer avec nous ?<\/strong><\/p>\n<ul>\n<li><strong>Port\u00e9e de l'audience<\/strong>: Notre plateforme s'adresse \u00e0 un public diversifi\u00e9 et engag\u00e9, friand des derni\u00e8res technologies en mati\u00e8re de vid\u00e9ographie et de cam\u00e9ras d'action.<\/li>\n<li><strong>Expertise et authenticit\u00e9<\/strong>: Gr\u00e2ce \u00e0 la connaissance approfondie de la niche vid\u00e9o et audio de notre videomaker Andy Magri, nous fournissons des \u00e9valuations honn\u00eates et approfondies, offrant \u00e0 notre public et \u00e0 nos partenaires une v\u00e9ritable valeur ajout\u00e9e.<\/li>\n<li><strong>Visibilit\u00e9 de la marque<\/strong>: En collaborant avec nous, votre produit ou service sera pr\u00e9sent\u00e9 \u00e0 des milliers de cr\u00e9ateurs de vid\u00e9os, ce qui am\u00e9liorera la visibilit\u00e9 et la port\u00e9e de votre marque.<\/li>\n<\/ul>\n<p><strong>Int\u00e9ress\u00e9 par une collaboration ?<\/strong><\/p>\n<p>Si vous repr\u00e9sentez une marque qui \u00e9voque l'aventure, la technologie et la cr\u00e9ativit\u00e9, et si vous pensez que votre produit ou service peut apporter une valeur ajout\u00e9e \u00e0 notre public, nous serions ravis de vous entendre.<\/p>\n<p>N'h\u00e9sitez pas \u00e0 nous contacter :&nbsp; <a href=\"mailto:team@projectgo.pro\" target=\"_new\" rel=\"noopener\">team@projectgo.pro<\/a><\/p>\n<h2>Suivez-nous !<\/h2>\n<p>Restez cr\u00e9atifs en nous suivant sur vos m\u00e9dias sociaux pr\u00e9f\u00e9r\u00e9s :<\/p>\n<p><strong>&gt;<\/strong>&nbsp;<a href=\"https:\/\/www.youtube.com\/@project-go\/videos\" target=\"_blank\" rel=\"nofollow external noopener noreferrer\" data-wpel-link=\"external\">Youtube<\/a><br \/>\n<strong>&gt;<\/strong>&nbsp;<a href=\"https:\/\/www.facebook.com\/projectgovideography\" target=\"_blank\" rel=\"nofollow external noopener noreferrer\" data-wpel-link=\"external\">Facebook<\/a><br \/>\n<strong>&gt;<\/strong>&nbsp;<a href=\"https:\/\/www.instagram.com\/projectgovideo\" target=\"_blank\" rel=\"nofollow external noopener noreferrer\" data-wpel-link=\"external\">Instagram<\/a><br \/>\n<strong>&gt;<\/strong>&nbsp;<a href=\"https:\/\/linkedin.com\/company\/projectgo-video\" target=\"_blank\" rel=\"nofollow external noopener noreferrer\" data-wpel-link=\"external\">LinkedIn<\/a><\/p>\n<h2>Informations de contact<\/h2>\n<p>Si vous rencontrez des probl\u00e8mes avec notre site web ou nos produits, ou si vous avez d'autres questions concernant ProjectGO, veuillez nous contacter par courrier \u00e9lectronique : <a href=\"mailto:team@projectgo.pro\" target=\"_blank\" rel=\"noopener noreferrer\">team@projectgo.pro<\/a><\/p>\n<p>Vous pouvez \u00e9galement appeler notre ligne d'assistance pendant les heures de bureau (heure du Pacifique) : +1 689 2058467<\/p>","protected":false},"excerpt":{"rendered":"<p>Please take a second to see if your question has already been answered, otherwise you can contact us directly via email (bottom of this page)&#8230;.<\/p>","protected":false},"author":519,"featured_media":0,"parent":0,"menu_order":0,"comment_status":"open","ping_status":"closed","template":"","meta":{"tpgb_global_settings":"","_et_pb_use_builder":"off","_et_pb_old_content":"","_et_gb_content_width":"","_lmt_disableupdate":"","_lmt_disable":"","footnotes":""},"categories":[],"tags":[],"class_list":["post-4313","page","type-page","status-publish","hentry"],"yoast_head":"<!-- This site is optimized with the Yoast SEO Premium plugin v23.6 (Yoast SEO v27.3) - https:\/\/yoast.com\/product\/yoast-seo-premium-wordpress\/ -->\n<title>Contacts<\/title>\n<meta name=\"description\" content=\"For questions regarding our products, for collaborations or for general inquires, please contact us via email.\" \/>\n<meta name=\"robots\" content=\"index, follow, max-snippet:-1, max-image-preview:large, max-video-preview:-1\" \/>\n<link rel=\"canonical\" href=\"https:\/\/projectgo.pro\/fr\/contactez\/\" \/>\n<meta property=\"og:locale\" content=\"fr_FR\" \/>\n<meta property=\"og:type\" content=\"article\" \/>\n<meta property=\"og:title\" content=\"Contact\" \/>\n<meta property=\"og:description\" content=\"For questions regarding our products, for collaborations or for general inquires, please contact us via email.\" \/>\n<meta property=\"og:url\" content=\"https:\/\/projectgo.pro\/fr\/contactez\/\" \/>\n<meta property=\"og:site_name\" content=\"ProjectGO\" \/>\n<meta property=\"article:publisher\" content=\"https:\/\/www.facebook.com\/pages\/ProjectGoPro\/1424889017736927\" \/>\n<meta property=\"article:modified_time\" content=\"2023-12-16T16:39:57+00:00\" \/>\n<meta name=\"twitter:card\" content=\"summary_large_image\" \/>\n<meta name=\"twitter:label1\" content=\"Dur\u00e9e de lecture estim\u00e9e\" \/>\n\t<meta name=\"twitter:data1\" content=\"2 minutes\" \/>\n<script type=\"application\/ld+json\" class=\"yoast-schema-graph\">{\"@context\":\"https:\\\/\\\/schema.org\",\"@graph\":[{\"@type\":\"WebPage\",\"@id\":\"https:\\\/\\\/projectgo.pro\\\/contact\\\/\",\"url\":\"https:\\\/\\\/projectgo.pro\\\/contact\\\/\",\"name\":\"Contacts\",\"isPartOf\":{\"@id\":\"https:\\\/\\\/projectgo.pro\\\/#website\"},\"datePublished\":\"2014-01-18T05:33:49+00:00\",\"dateModified\":\"2023-12-16T16:39:57+00:00\",\"description\":\"For questions regarding our products, for collaborations or for general inquires, please contact us via email.\",\"inLanguage\":\"fr-FR\",\"potentialAction\":[{\"@type\":\"ReadAction\",\"target\":[\"https:\\\/\\\/projectgo.pro\\\/contact\\\/\"]}]},{\"@type\":\"WebSite\",\"@id\":\"https:\\\/\\\/projectgo.pro\\\/#website\",\"url\":\"https:\\\/\\\/projectgo.pro\\\/\",\"name\":\"ProjectGO\",\"description\":\"Action Camera Guides &amp; Gear Reviews for Creators\",\"publisher\":{\"@id\":\"https:\\\/\\\/projectgo.pro\\\/#organization\"},\"potentialAction\":[{\"@type\":\"SearchAction\",\"target\":{\"@type\":\"EntryPoint\",\"urlTemplate\":\"https:\\\/\\\/projectgo.pro\\\/?s={search_term_string}\"},\"query-input\":{\"@type\":\"PropertyValueSpecification\",\"valueRequired\":true,\"valueName\":\"search_term_string\"}}],\"inLanguage\":\"fr-FR\"},{\"@type\":\"Organization\",\"@id\":\"https:\\\/\\\/projectgo.pro\\\/#organization\",\"name\":\"ProjectGO\",\"url\":\"https:\\\/\\\/projectgo.pro\\\/\",\"logo\":{\"@type\":\"ImageObject\",\"inLanguage\":\"fr-FR\",\"@id\":\"https:\\\/\\\/projectgo.pro\\\/#\\\/schema\\\/logo\\\/image\\\/\",\"url\":\"https:\\\/\\\/projectgo.pro\\\/wp-content\\\/uploads\\\/2023\\\/10\\\/ProjectGO-favicon.png\",\"contentUrl\":\"https:\\\/\\\/projectgo.pro\\\/wp-content\\\/uploads\\\/2023\\\/10\\\/ProjectGO-favicon.png\",\"width\":513,\"height\":512,\"caption\":\"ProjectGO\"},\"image\":{\"@id\":\"https:\\\/\\\/projectgo.pro\\\/#\\\/schema\\\/logo\\\/image\\\/\"},\"sameAs\":[\"https:\\\/\\\/www.facebook.com\\\/pages\\\/ProjectGoPro\\\/1424889017736927\",\"https:\\\/\\\/www.youtube.com\\\/channel\\\/UCa7KT9TjfpHE0Tcgy727RNg\"]}]}<\/script>\n<!-- \/ Yoast SEO Premium plugin. -->","yoast_head_json":{"title":"Contacts","description":"Pour toute question concernant nos produits, pour des collaborations ou pour des demandes g\u00e9n\u00e9rales, veuillez nous contacter par courrier \u00e9lectronique.","robots":{"index":"index","follow":"follow","max-snippet":"max-snippet:-1","max-image-preview":"max-image-preview:large","max-video-preview":"max-video-preview:-1"},"canonical":"https:\/\/projectgo.pro\/fr\/contactez\/","og_locale":"fr_FR","og_type":"article","og_title":"Contact","og_description":"For questions regarding our products, for collaborations or for general inquires, please contact us via email.","og_url":"https:\/\/projectgo.pro\/fr\/contactez\/","og_site_name":"ProjectGO","article_publisher":"https:\/\/www.facebook.com\/pages\/ProjectGoPro\/1424889017736927","article_modified_time":"2023-12-16T16:39:57+00:00","twitter_card":"summary_large_image","twitter_misc":{"Dur\u00e9e de lecture estim\u00e9e":"2 minutes"},"schema":{"@context":"https:\/\/schema.org","@graph":[{"@type":"WebPage","@id":"https:\/\/projectgo.pro\/contact\/","url":"https:\/\/projectgo.pro\/contact\/","name":"Contacts","isPartOf":{"@id":"https:\/\/projectgo.pro\/#website"},"datePublished":"2014-01-18T05:33:49+00:00","dateModified":"2023-12-16T16:39:57+00:00","description":"Pour toute question concernant nos produits, pour des collaborations ou pour des demandes g\u00e9n\u00e9rales, veuillez nous contacter par courrier \u00e9lectronique.","inLanguage":"fr-FR","potentialAction":[{"@type":"ReadAction","target":["https:\/\/projectgo.pro\/contact\/"]}]},{"@type":"WebSite","@id":"https:\/\/projectgo.pro\/#website","url":"https:\/\/projectgo.pro\/","name":"ProjetGO","description":"Guides sur les cam\u00e9ras d'action et revues de mat\u00e9riel pour les cr\u00e9ateurs","publisher":{"@id":"https:\/\/projectgo.pro\/#organization"},"potentialAction":[{"@type":"SearchAction","target":{"@type":"EntryPoint","urlTemplate":"https:\/\/projectgo.pro\/?s={search_term_string}"},"query-input":{"@type":"PropertyValueSpecification","valueRequired":true,"valueName":"search_term_string"}}],"inLanguage":"fr-FR"},{"@type":"Organization","@id":"https:\/\/projectgo.pro\/#organization","name":"ProjetGO","url":"https:\/\/projectgo.pro\/","logo":{"@type":"ImageObject","inLanguage":"fr-FR","@id":"https:\/\/projectgo.pro\/#\/schema\/logo\/image\/","url":"https:\/\/projectgo.pro\/wp-content\/uploads\/2023\/10\/ProjectGO-favicon.png","contentUrl":"https:\/\/projectgo.pro\/wp-content\/uploads\/2023\/10\/ProjectGO-favicon.png","width":513,"height":512,"caption":"ProjectGO"},"image":{"@id":"https:\/\/projectgo.pro\/#\/schema\/logo\/image\/"},"sameAs":["https:\/\/www.facebook.com\/pages\/ProjectGoPro\/1424889017736927","https:\/\/www.youtube.com\/channel\/UCa7KT9TjfpHE0Tcgy727RNg"]}]}},"tpgb_featured_images":null,"tpgb_post_meta_info":{"get_date":"d\u00e9cembre 16, 2023","get_modified_date":"d\u00e9cembre 16, 2023","category_list":{"category":false,"post_tag":false},"author_name":"Andy Magri","author_url":"https:\/\/projectgo.pro\/fr\/author\/andy-magri\/","author_email":"projectgopromail@gmail.com","author_website":"http:\/\/projectgo.pro","author_description":"I\u2019m Andy Magri, an Italian filmmaker and content creator. After graduating from University, I set off to explore the world while creating guides and reviews featuring the video gear I love and use the most. With the help of my awesome team, we share tips and reviews about GoPro, Insta360, DJI, smartphone cameras, drones, editing software and anything around action video-making. I hope my guides not only help you find the perfect camera equipment, but also inspire you to get out there and create! Since publishing my first tutorial on ProjectGO, seven years ago, our content has helped over 2M creators worldwide. Start by downloading the <a href=\"http:\/\/projectgo.pro\/\">FREE GoPro Settings Cheat Sheet.","author_facebook":"","author_twitter":"","author_instagram":"","author_role":["administrator"],"author_firstname":"Andy","author_lastname":"Magri","user_login":"andy-magri","author_avatar":"<img alt='' src='https:\/\/secure.gravatar.com\/avatar\/ecb40f3aef4515d91d6060803d92cea39ca50d0051a359a9068f99661051e95e?s=200&#038;d=mm&#038;r=g' srcset='https:\/\/secure.gravatar.com\/avatar\/ecb40f3aef4515d91d6060803d92cea39ca50d0051a359a9068f99661051e95e?s=400&#038;d=mm&#038;r=g 2x' class='avatar avatar-200 photo' height='200' width='200' decoding='async'\/>","author_avatar_url":"https:\/\/secure.gravatar.com\/avatar\/ecb40f3aef4515d91d6060803d92cea39ca50d0051a359a9068f99661051e95e?s=96&d=mm&r=g","comment_count":381,"post_likes":0,"post_views":0},"tpgb_post_category":[],"amp_enabled":true,"_links":{"self":[{"href":"https:\/\/projectgo.pro\/fr\/wp-json\/wp\/v2\/pages\/4313","targetHints":{"allow":["GET"]}}],"collection":[{"href":"https:\/\/projectgo.pro\/fr\/wp-json\/wp\/v2\/pages"}],"about":[{"href":"https:\/\/projectgo.pro\/fr\/wp-json\/wp\/v2\/types\/page"}],"author":[{"embeddable":true,"href":"https:\/\/projectgo.pro\/fr\/wp-json\/wp\/v2\/users\/519"}],"replies":[{"embeddable":true,"href":"https:\/\/projectgo.pro\/fr\/wp-json\/wp\/v2\/comments?post=4313"}],"version-history":[{"count":0,"href":"https:\/\/projectgo.pro\/fr\/wp-json\/wp\/v2\/pages\/4313\/revisions"}],"wp:attachment":[{"href":"https:\/\/projectgo.pro\/fr\/wp-json\/wp\/v2\/media?parent=4313"}],"wp:term":[{"taxonomy":"category","embeddable":true,"href":"https:\/\/projectgo.pro\/fr\/wp-json\/wp\/v2\/categories?post=4313"},{"taxonomy":"post_tag","embeddable":true,"href":"https:\/\/projectgo.pro\/fr\/wp-json\/wp\/v2\/tags?post=4313"}],"curies":[{"name":"wp","href":"https:\/\/api.w.org\/{rel}","templated":true}]}}