{"id":13888,"date":"2018-12-14T05:40:36","date_gmt":"2018-12-14T13:40:36","guid":{"rendered":"http:\/\/projectgo.pro\/?page_id=13888"},"modified":"2023-12-16T08:40:33","modified_gmt":"2023-12-16T16:40:33","slug":"terms-and-conditions","status":"publish","type":"page","link":"https:\/\/projectgo.pro\/fr\/termes-et-conditions\/","title":{"rendered":"Termes et conditions"},"content":{"rendered":"<p>These terms and conditions outline the rules and regulations for the use of <a href=\"https:\/\/projectgo.pro\/about\/\">ProjectGo<\/a>&#8216;s website. By accessing this website we assume you accept these terms and conditions in full. Do not continue to use ProjectGo&#8217;s website if you do not accept all of the terms and conditions stated on this page.<\/p>\n<p>La terminologie suivante s&#039;applique \u00e0 ces termes et conditions, \u00e0 la d\u00e9claration de confidentialit\u00e9 et \u00e0 l&#039;avis de non-responsabilit\u00e9 et \u00e0 tous les accords\u00a0: &quot;Client&quot;, &quot;Vous&quot; et &quot;Votre&quot; font r\u00e9f\u00e9rence \u00e0 vous, la personne acc\u00e9dant \u00e0 ce site Web et acceptant les termes et conditions de l&#039;entreprise. \u00ab\u00a0La Soci\u00e9t\u00e9\u00a0\u00bb, \u00ab\u00a0Nous-m\u00eames\u00a0\u00bb, \u00ab\u00a0Nous\u00a0\u00bb, \u00ab\u00a0Notre\u00a0\u00bb et \u00ab\u00a0Nous\u00a0\u00bb font r\u00e9f\u00e9rence \u00e0 notre Soci\u00e9t\u00e9. \u00ab\u00a0Partie\u00a0\u00bb, \u00ab\u00a0Parties\u00a0\u00bb ou \u00ab\u00a0Nous\u00a0\u00bb d\u00e9signent \u00e0 la fois le client et nous-m\u00eames, ou le client ou nous-m\u00eames.<\/p>\n<p>Tous les termes se r\u00e9f\u00e8rent \u00e0 l&#039;offre, l&#039;acceptation et la consid\u00e9ration de paiement n\u00e9cessaires pour entreprendre le processus de notre assistance au client de la mani\u00e8re la plus appropri\u00e9e, que ce soit par des r\u00e9unions formelles d&#039;une dur\u00e9e d\u00e9termin\u00e9e, ou tout autre moyen, dans le but expr\u00e8s de r\u00e9pondre aux les besoins du client en ce qui concerne la fourniture des services\/produits d\u00e9clar\u00e9s de la soci\u00e9t\u00e9, conform\u00e9ment et sous r\u00e9serve de la l\u00e9gislation en vigueur aux \u00c9tats-Unis. Toute utilisation de la terminologie ci-dessus ou d&#039;autres mots au singulier, au pluriel, en majuscules et\/ou il\/elle ou ils, sont consid\u00e9r\u00e9s comme interchangeables et donc comme faisant r\u00e9f\u00e9rence \u00e0 ceux-ci.<\/p>\n<h2><strong>Biscuits<\/strong><\/h2>\n<p>Nous employons l&#039;utilisation de cookies. En utilisant le site Web de ProjectGo, vous consentez \u00e0 l&#039;utilisation de cookies conform\u00e9ment \u00e0 la politique de ProjectGo. <a href=\"\/privacy-policy\/\">politique de confidentialit\u00e9<\/a>. La plupart des sites Web interactifs modernes utilisent des cookies pour nous permettre de r\u00e9cup\u00e9rer les d\u00e9tails de l&#039;utilisateur pour chaque visite. Les cookies sont utilis\u00e9s dans certaines zones de notre site pour permettre la fonctionnalit\u00e9 de cette zone et la facilit\u00e9 d&#039;utilisation pour les personnes qui visitent. Certains de nos partenaires affili\u00e9s\/publicitaires peuvent \u00e9galement utiliser des cookies.<\/p>\n<h2><strong>Licence<\/strong><\/h2>\n<p>Sauf indication contraire, ProjectGo et\/ou ses conc\u00e9dants de licence d\u00e9tiennent les droits de propri\u00e9t\u00e9 intellectuelle pour tout le mat\u00e9riel sur ProjectGo. Tous les droits de propri\u00e9t\u00e9 intellectuelle sont r\u00e9serv\u00e9s. Vous pouvez afficher et\/ou imprimer des pages de http:\/\/projectgo.pro pour votre usage personnel sous r\u00e9serve des restrictions d\u00e9finies dans les pr\u00e9sentes conditions g\u00e9n\u00e9rales.<\/p>\n<h2><strong>Il ne faut pas:<\/strong><\/h2>\n<ul>\n<li>Republier le mat\u00e9riel de http:\/\/projectgo.pro sans notre consentement<\/li>\n<li>Vendre, louer ou sous-licencier du mat\u00e9riel de http:\/\/projectgo.pro<\/li>\n<li>Reproduire, dupliquer ou copier le mat\u00e9riel de http:\/\/projectgo.pro<\/li>\n<li>Redistribuez le contenu de ProjectGo (sauf si le contenu est sp\u00e9cifiquement con\u00e7u pour la redistribution).<\/li>\n<\/ul>\n<h2><strong>Commentaires des utilisateurs<\/strong><\/h2>\n<p>Le pr\u00e9sent accord prend effet \u00e0 la date des pr\u00e9sentes.<\/p>\n<ul>\n<li>Certaines parties de ce site Web offrent aux utilisateurs la possibilit\u00e9 de publier et d&#039;\u00e9changer des opinions, des informations, du mat\u00e9riel et des donn\u00e9es (\u00ab\u00a0Commentaires\u00a0\u00bb) dans des zones du site Web. ProjectGo&#039;s ne filtre pas, ne modifie pas, ne publie pas ou ne r\u00e9vise pas les commentaires avant leur apparition sur le site Web et les commentaires ne refl\u00e8tent pas les points de vue ou les opinions de ProjectGo, de ses agents ou de ses affili\u00e9s. Les commentaires refl\u00e8tent le point de vue et l&#039;opinion de la personne qui publie ce point de vue ou cette opinion. Dans la mesure permise par les lois applicables, ProjectGo ne sera pas responsable des commentaires ou de tout co\u00fbt de perte, responsabilit\u00e9, dommages ou d\u00e9penses caus\u00e9s et ou subis \u00e0 la suite de toute utilisation et\/ou publication et\/ou apparition du commentaires sur ce site.<\/li>\n<li>ProjectGo se r\u00e9serve le droit de surveiller tous les commentaires et de supprimer tout commentaire qu&#039;il consid\u00e8re, \u00e0 son enti\u00e8re discr\u00e9tion, comme inappropri\u00e9, offensant ou autrement contraire aux pr\u00e9sentes conditions g\u00e9n\u00e9rales.<\/li>\n<li>Vous garantissez et d\u00e9clarez que\u00a0:<\/li>\n<li>Vous avez le droit de publier les commentaires sur notre site Web et disposez de toutes les licences et autorisations n\u00e9cessaires pour le faire\u00a0;<\/li>\n<li>Les commentaires n&#039;enfreignent aucun droit de propri\u00e9t\u00e9 intellectuelle, y compris, sans s&#039;y limiter, le droit d&#039;auteur, le brevet ou la marque, ou tout autre droit de propri\u00e9t\u00e9 d&#039;un tiers\u00a0;<\/li>\n<li>Les commentaires ne contiennent aucun mat\u00e9riel diffamatoire, diffamatoire, offensant, ind\u00e9cent ou autrement ill\u00e9gal ou qui constitue une atteinte \u00e0 la vie priv\u00e9e<\/li>\n<li>Les commentaires ne seront pas utilis\u00e9s pour solliciter ou promouvoir des activit\u00e9s commerciales ou personnalis\u00e9es ou pr\u00e9senter des activit\u00e9s commerciales ou des activit\u00e9s ill\u00e9gales.<\/li>\n<li>Par la pr\u00e9sente, vous accordez \u00e0 ProjectGo une licence non exclusive et libre de droits pour utiliser, reproduire, \u00e9diter et autoriser d&#039;autres personnes \u00e0 utiliser, reproduire et \u00e9diter n&#039;importe lequel de vos commentaires sous toutes formes, formats ou supports.<\/li>\n<\/ul>\n<h2><strong>Hyperlien vers notre contenu<\/strong><\/h2>\n<p>Les organisations suivantes peuvent cr\u00e9er un lien vers notre site Web sans autorisation \u00e9crite pr\u00e9alable - ces organisations peuvent cr\u00e9er un lien vers notre page d&#039;accueil, vers des publications ou vers d&#039;autres informations du site Web tant que le lien: (a) n&#039;est en aucun cas trompeur; (b) n&#039;implique pas faussement le parrainage, l&#039;approbation ou l&#039;approbation de la partie de liaison et de ses produits ou services\u00a0; et (c) s&#039;inscrit dans le contexte du site de la partie de liaison\u00a0:<\/p>\n<ul>\n<li>Organismes gouvernementaux;<\/li>\n<li>Moteurs de recherche;<\/li>\n<li>Organismes de presse\u00a0;<\/li>\n<li>Les distributeurs d&#039;annuaires en ligne, lorsqu&#039;ils nous inscrivent dans l&#039;annuaire, peuvent cr\u00e9er un lien vers notre site Web dans le m\u00eame<br \/>\nmani\u00e8re qu&#039;ils hyperliens vers les sites Web d&#039;autres entreprises cot\u00e9es\u00a0; et<\/li>\n<li>Entreprises accr\u00e9dit\u00e9es \u00e0 l&#039;\u00e9chelle du syst\u00e8me, \u00e0 l&#039;exception des organisations \u00e0 but non lucratif, des centres commerciaux caritatifs,<br \/>\net des groupes de collecte de fonds caritatifs qui ne peuvent pas cr\u00e9er de lien hypertexte vers notre site Web.<\/li>\n<\/ul>\n<p>We may consider and approve in our sole discretion other link requests from the following types of organizations &#8211;&nbsp;We will approve link requests from these organizations if we determine that: (a) the link would not reflect unfavorably on us or our accredited businesses (for example, trade associations or other organizations representing inherently suspect types of business, such as work-at-home opportunities, shall not be allowed to link); (b) the organization does not have an unsatisfactory record with us; (c) the benefit to us from the visibility associated with the hyperlink outweighs the absence of <!--?=$companyName?-->; et (d) lorsque le lien se trouve dans le contexte d&#039;informations g\u00e9n\u00e9rales sur les ressources ou est autrement coh\u00e9rent avec le contenu \u00e9ditorial d&#039;un bulletin d&#039;information ou d&#039;un produit similaire contribuant \u00e0 la mission de l&#039;organisation\u00a0:<\/p>\n<ul>\n<li>des sources d&#039;information sur les consommateurs et\/ou les entreprises bien connues telles que les chambres de commerce, l&#039;American Automobile Association, l&#039;AARP et l&#039;Union des consommateurs\u00a0;<\/li>\n<li>les sites communautaires dot.com\u00a0;<\/li>\n<li>associations ou autres groupes repr\u00e9sentant des \u0153uvres caritatives, y compris des sites de dons caritatifs,<\/li>\n<li>distributeurs d&#039;annuaires en ligne;<\/li>\n<li>portails Internet;<\/li>\n<li>les cabinets comptables, juridiques et de conseil dont les principaux clients sont des entreprises\u00a0; et<\/li>\n<li>les \u00e9tablissements d&#039;enseignement et les associations professionnelles.<\/li>\n<\/ul>\n<p>Ces organisations peuvent cr\u00e9er un lien vers notre page d&#039;accueil, vers des publications ou vers d&#039;autres informations du site Web tant que le lien : (a) n&#039;est en aucun cas trompeur ; (b) n&#039;implique pas faussement le parrainage, l&#039;approbation ou l&#039;approbation de la partie de liaison et de ses produits ou services\u00a0; et (c) s&#039;inscrit dans le contexte du site de la partie de liaison. Si vous faites partie des organisations \u00e9num\u00e9r\u00e9es au paragraphe 2 ci-dessus et que vous souhaitez cr\u00e9er un lien vers notre site Web, vous devez nous en informer en envoyant un e-mail \u00e0 <a title=\"envoyer un e-mail \u00e0 team@projectgo.pro\" href=\"mailto:team@projectgo.pro\">team@projectgo.pro<\/a>.<\/p>\n<p>Veuillez inclure votre nom, le nom de votre organisation, vos coordonn\u00e9es (telles qu&#039;un num\u00e9ro de t\u00e9l\u00e9phone et\/ou une adresse e-mail) ainsi que l&#039;URL de votre site, une liste de toutes les URL \u00e0 partir desquelles vous avez l&#039;intention de cr\u00e9er un lien vers notre site Web, et une liste des URL de notre site vers lesquelles vous souhaitez cr\u00e9er un lien. Pr\u00e9voyez 2 \u00e0 3 semaines pour une r\u00e9ponse. Les organisations approuv\u00e9es peuvent cr\u00e9er un lien hypertexte vers notre site Web comme suit\u00a0:<\/p>\n<ul>\n<li>En utilisant notre d\u00e9nomination sociale\u00a0; ou<\/li>\n<li>En utilisant le localisateur de ressources uniformes (adresse Web) auquel il est li\u00e9\u00a0; ou<\/li>\n<li>En utilisant toute autre description de notre site Web ou du mat\u00e9riel auquel il est li\u00e9 qui a du sens dans le<br \/>\nle contexte et le format du contenu sur le site de la partie de liaison.<\/li>\n<\/ul>\n<h2><strong>R\u00e9serve de droits<\/strong><\/h2>\n<p>Nous nous r\u00e9servons le droit, \u00e0 tout moment et \u00e0 sa seule discr\u00e9tion, de vous demander de supprimer tous les liens ou tout lien particulier vers notre site Web. Vous acceptez de supprimer imm\u00e9diatement tous les liens vers notre site Web sur une telle demande. Nous nous r\u00e9servons \u00e9galement le droit de modifier ces termes et conditions et sa politique de liens \u00e0 tout moment. En continuant \u00e0 cr\u00e9er un lien vers notre site Web, vous acceptez d&#039;\u00eatre li\u00e9 et de respecter ces termes et conditions de lien.<\/p>\n<h2><strong>Suppression de liens de notre site Web<\/strong><\/h2>\n<p>Si vous trouvez un lien sur notre site Web ou tout site Web li\u00e9 r\u00e9pr\u00e9hensible pour une raison quelconque, vous pouvez nous contacter \u00e0 ce sujet. Nous examinerons les demandes de suppression de liens mais n&#039;aurons aucune obligation de le faire ou de vous r\u00e9pondre directement. Bien que nous nous efforcions de nous assurer que les informations sur ce site Web sont correctes, nous ne garantissons pas leur exhaustivit\u00e9 ou leur exactitude\u00a0; nous ne nous engageons pas non plus \u00e0 garantir que le site Web reste disponible ou que le contenu du site Web est tenu \u00e0 jour.<\/p>\n<h2><strong>Responsabilit\u00e9 relative au contenu<\/strong><\/h2>\n<p>Nous n&#039;aurons aucune responsabilit\u00e9 pour tout contenu apparaissant sur votre site Web. Vous acceptez de nous indemniser et de nous d\u00e9fendre contre toutes les r\u00e9clamations d\u00e9coulant de ou bas\u00e9es sur votre site Web. Aucun lien ne peut appara\u00eetre sur une page de votre site Web ou dans un contexte contenant du contenu ou des \u00e9l\u00e9ments pouvant \u00eatre interpr\u00e9t\u00e9s comme diffamatoires, obsc\u00e8nes ou criminels, ou qui enfreignent, violent autrement ou pr\u00e9conisent la violation ou toute autre violation de tout droits des tiers.<\/p>\n<h2><strong>Clause de non-responsabilit\u00e9<\/strong><\/h2>\n<p>Dans la mesure maximale permise par la loi applicable, nous excluons toutes les repr\u00e9sentations, garanties et conditions relatives \u00e0 notre site Web et \u00e0 l&#039;utilisation de ce site Web (y compris, sans s&#039;y limiter, toute garantie implicite par la loi en ce qui concerne la qualit\u00e9 satisfaisante, l&#039;ad\u00e9quation \u00e0 l&#039;usage et\/ou l&#039;utilisation de soins et de comp\u00e9tences raisonnables). Rien dans cette clause de non-responsabilit\u00e9\u00a0:<\/p>\n<ul>\n<li>limiter ou exclure notre ou votre responsabilit\u00e9 en cas de d\u00e9c\u00e8s ou de blessures r\u00e9sultant d&#039;une n\u00e9gligence\u00a0;<\/li>\n<li>limiter ou exclure notre ou votre responsabilit\u00e9 en cas de fraude ou de fausse d\u00e9claration frauduleuse\u00a0;<\/li>\n<li>limiter l&#039;une de nos ou vos responsabilit\u00e9s d&#039;une mani\u00e8re qui n&#039;est pas autoris\u00e9e par la loi applicable\u00a0; ou<\/li>\n<li>exclure l&#039;une de nos ou vos responsabilit\u00e9s qui ne peuvent \u00eatre exclues en vertu de la loi applicable.<\/li>\n<\/ul>\n<p>Les limitations et exclusions de responsabilit\u00e9 \u00e9nonc\u00e9es dans la pr\u00e9sente section et ailleurs dans la pr\u00e9sente clause de non-responsabilit\u00e9\u00a0: (a) sont soumises au paragraphe pr\u00e9c\u00e9dent\u00a0; et (b) r\u00e9gissent toutes les responsabilit\u00e9s d\u00e9coulant de la clause de non-responsabilit\u00e9 ou en relation avec l&#039;objet de la pr\u00e9sente clause de non-responsabilit\u00e9, y compris les responsabilit\u00e9s d\u00e9coulant d&#039;un contrat, d&#039;un d\u00e9lit (y compris la n\u00e9gligence) et d&#039;un manquement \u00e0 une obligation l\u00e9gale. Dans la mesure o\u00f9 le site Web et les informations et services sur le site Web sont fournis gratuitement, nous ne serons pas responsables de toute perte ou dommage de quelque nature que ce soit.<\/p>\n<h2><strong>Avis de non-responsabilit\u00e9 pour GoPro, Inc.<\/strong><\/h2>\n<p>GoPro, HERO, Session, Karma and their respective logos are trademarks or registered trademarks of GoPro, Inc. Any mention of GoPro, Inc. is purely for the purpose of illustration and education. ProjectGo is&nbsp;not associated with any product or vendor mentioned in this website, nor in any of its products. All trademarks are the property of their respective owners.<\/p>\n<h2>Informations de contact<\/h2>\n<p>If you have any questions or concerns regarding out T&amp;C, or if you wish to contact us by email, you can reach us at the following address: <a href=\"mailto:team@projectgo.pro\" target=\"_new\" rel=\"noopener\">team@projectgo.pro<\/a><\/p>\n<p>Alternatively, you can call our support during office hours (US Pacific Time): +1 689 2058467<\/p>\n<p>If you wish to contact us by mail, you can reach us at the following address:<\/p>\n<p><strong>ProjetGO<\/strong><br \/>\n7345 W Sand Lake Rd.<br \/>\nOrlando, Floride 32819<br \/>\n\u00c9tats-Unis<\/p>\n<p><strong>Note :<\/strong> We will not accept any delivery unless you inform us in advance by email.<\/p>","protected":false},"excerpt":{"rendered":"<p>These terms and conditions outline the rules and regulations for the use of ProjectGo&#8216;s website. By accessing this website we assume you accept these terms&#8230;<\/p>","protected":false},"author":519,"featured_media":0,"parent":0,"menu_order":0,"comment_status":"closed","ping_status":"closed","template":"","meta":{"tpgb_global_settings":"","_et_pb_use_builder":"off","_et_pb_old_content":"","_et_gb_content_width":"","_lmt_disableupdate":"","_lmt_disable":"","footnotes":""},"categories":[],"tags":[],"class_list":["post-13888","page","type-page","status-publish","hentry"],"yoast_head":"<!-- This site is optimized with the Yoast SEO Premium plugin v23.6 (Yoast SEO v27.3) - https:\/\/yoast.com\/product\/yoast-seo-premium-wordpress\/ -->\n<title>Terms and Conditions &#187; ProjectGO<\/title>\n<meta name=\"description\" content=\"For rules and regulations regarding the use of our website (cookies, hyperlinking, commenting) please read our terms and conditions page.\" \/>\n<meta name=\"robots\" content=\"index, follow, max-snippet:-1, max-image-preview:large, max-video-preview:-1\" \/>\n<link rel=\"canonical\" href=\"https:\/\/projectgo.pro\/fr\/termes-et-conditions\/\" \/>\n<meta property=\"og:locale\" content=\"fr_FR\" \/>\n<meta property=\"og:type\" content=\"article\" \/>\n<meta property=\"og:title\" content=\"Terms and Conditions\" \/>\n<meta property=\"og:description\" content=\"For rules and regulations regarding the use of our website (cookies, hyperlinking, commenting) please read our terms and conditions page.\" \/>\n<meta property=\"og:url\" content=\"https:\/\/projectgo.pro\/fr\/termes-et-conditions\/\" \/>\n<meta property=\"og:site_name\" content=\"ProjectGO\" \/>\n<meta property=\"article:publisher\" content=\"https:\/\/www.facebook.com\/pages\/ProjectGoPro\/1424889017736927\" \/>\n<meta property=\"article:modified_time\" content=\"2023-12-16T16:40:33+00:00\" \/>\n<meta name=\"twitter:card\" content=\"summary_large_image\" \/>\n<meta name=\"twitter:label1\" content=\"Dur\u00e9e de lecture estim\u00e9e\" \/>\n\t<meta name=\"twitter:data1\" content=\"9 minutes\" \/>\n<script type=\"application\/ld+json\" class=\"yoast-schema-graph\">{\"@context\":\"https:\\\/\\\/schema.org\",\"@graph\":[{\"@type\":\"WebPage\",\"@id\":\"https:\\\/\\\/projectgo.pro\\\/terms-and-conditions\\\/\",\"url\":\"https:\\\/\\\/projectgo.pro\\\/terms-and-conditions\\\/\",\"name\":\"Terms and Conditions &#187; ProjectGO\",\"isPartOf\":{\"@id\":\"https:\\\/\\\/projectgo.pro\\\/#website\"},\"datePublished\":\"2018-12-14T13:40:36+00:00\",\"dateModified\":\"2023-12-16T16:40:33+00:00\",\"description\":\"For rules and regulations regarding the use of our website (cookies, hyperlinking, commenting) please read our terms and conditions page.\",\"inLanguage\":\"fr-FR\",\"potentialAction\":[{\"@type\":\"ReadAction\",\"target\":[\"https:\\\/\\\/projectgo.pro\\\/terms-and-conditions\\\/\"]}]},{\"@type\":\"WebSite\",\"@id\":\"https:\\\/\\\/projectgo.pro\\\/#website\",\"url\":\"https:\\\/\\\/projectgo.pro\\\/\",\"name\":\"ProjectGO\",\"description\":\"Action Camera Guides &amp; Gear Reviews for Creators\",\"publisher\":{\"@id\":\"https:\\\/\\\/projectgo.pro\\\/#organization\"},\"potentialAction\":[{\"@type\":\"SearchAction\",\"target\":{\"@type\":\"EntryPoint\",\"urlTemplate\":\"https:\\\/\\\/projectgo.pro\\\/?s={search_term_string}\"},\"query-input\":{\"@type\":\"PropertyValueSpecification\",\"valueRequired\":true,\"valueName\":\"search_term_string\"}}],\"inLanguage\":\"fr-FR\"},{\"@type\":\"Organization\",\"@id\":\"https:\\\/\\\/projectgo.pro\\\/#organization\",\"name\":\"ProjectGO\",\"url\":\"https:\\\/\\\/projectgo.pro\\\/\",\"logo\":{\"@type\":\"ImageObject\",\"inLanguage\":\"fr-FR\",\"@id\":\"https:\\\/\\\/projectgo.pro\\\/#\\\/schema\\\/logo\\\/image\\\/\",\"url\":\"https:\\\/\\\/projectgo.pro\\\/wp-content\\\/uploads\\\/2023\\\/10\\\/ProjectGO-favicon.png\",\"contentUrl\":\"https:\\\/\\\/projectgo.pro\\\/wp-content\\\/uploads\\\/2023\\\/10\\\/ProjectGO-favicon.png\",\"width\":513,\"height\":512,\"caption\":\"ProjectGO\"},\"image\":{\"@id\":\"https:\\\/\\\/projectgo.pro\\\/#\\\/schema\\\/logo\\\/image\\\/\"},\"sameAs\":[\"https:\\\/\\\/www.facebook.com\\\/pages\\\/ProjectGoPro\\\/1424889017736927\",\"https:\\\/\\\/www.youtube.com\\\/channel\\\/UCa7KT9TjfpHE0Tcgy727RNg\"]}]}<\/script>\n<!-- \/ Yoast SEO Premium plugin. -->","yoast_head_json":{"title":"Terms and Conditions &#187; ProjectGO","description":"Pour les r\u00e8gles et r\u00e9glementations concernant l&#039;utilisation de notre site Web (cookies, liens hypertexte, commentaires), veuillez lire notre page termes et conditions.","robots":{"index":"index","follow":"follow","max-snippet":"max-snippet:-1","max-image-preview":"max-image-preview:large","max-video-preview":"max-video-preview:-1"},"canonical":"https:\/\/projectgo.pro\/fr\/termes-et-conditions\/","og_locale":"fr_FR","og_type":"article","og_title":"Terms and Conditions","og_description":"For rules and regulations regarding the use of our website (cookies, hyperlinking, commenting) please read our terms and conditions page.","og_url":"https:\/\/projectgo.pro\/fr\/termes-et-conditions\/","og_site_name":"ProjectGO","article_publisher":"https:\/\/www.facebook.com\/pages\/ProjectGoPro\/1424889017736927","article_modified_time":"2023-12-16T16:40:33+00:00","twitter_card":"summary_large_image","twitter_misc":{"Dur\u00e9e de lecture estim\u00e9e":"9 minutes"},"schema":{"@context":"https:\/\/schema.org","@graph":[{"@type":"WebPage","@id":"https:\/\/projectgo.pro\/terms-and-conditions\/","url":"https:\/\/projectgo.pro\/terms-and-conditions\/","name":"Terms and Conditions &#187; ProjectGO","isPartOf":{"@id":"https:\/\/projectgo.pro\/#website"},"datePublished":"2018-12-14T13:40:36+00:00","dateModified":"2023-12-16T16:40:33+00:00","description":"Pour les r\u00e8gles et r\u00e9glementations concernant l&#039;utilisation de notre site Web (cookies, liens hypertexte, commentaires), veuillez lire notre page termes et conditions.","inLanguage":"fr-FR","potentialAction":[{"@type":"ReadAction","target":["https:\/\/projectgo.pro\/terms-and-conditions\/"]}]},{"@type":"WebSite","@id":"https:\/\/projectgo.pro\/#website","url":"https:\/\/projectgo.pro\/","name":"ProjetGO","description":"Guides sur les cam\u00e9ras d'action et revues de mat\u00e9riel pour les cr\u00e9ateurs","publisher":{"@id":"https:\/\/projectgo.pro\/#organization"},"potentialAction":[{"@type":"SearchAction","target":{"@type":"EntryPoint","urlTemplate":"https:\/\/projectgo.pro\/?s={search_term_string}"},"query-input":{"@type":"PropertyValueSpecification","valueRequired":true,"valueName":"search_term_string"}}],"inLanguage":"fr-FR"},{"@type":"Organization","@id":"https:\/\/projectgo.pro\/#organization","name":"ProjetGO","url":"https:\/\/projectgo.pro\/","logo":{"@type":"ImageObject","inLanguage":"fr-FR","@id":"https:\/\/projectgo.pro\/#\/schema\/logo\/image\/","url":"https:\/\/projectgo.pro\/wp-content\/uploads\/2023\/10\/ProjectGO-favicon.png","contentUrl":"https:\/\/projectgo.pro\/wp-content\/uploads\/2023\/10\/ProjectGO-favicon.png","width":513,"height":512,"caption":"ProjectGO"},"image":{"@id":"https:\/\/projectgo.pro\/#\/schema\/logo\/image\/"},"sameAs":["https:\/\/www.facebook.com\/pages\/ProjectGoPro\/1424889017736927","https:\/\/www.youtube.com\/channel\/UCa7KT9TjfpHE0Tcgy727RNg"]}]}},"tpgb_featured_images":null,"tpgb_post_meta_info":{"get_date":"d\u00e9cembre 16, 2023","get_modified_date":"d\u00e9cembre 16, 2023","category_list":{"category":false,"post_tag":false},"author_name":"Andy Magri","author_url":"https:\/\/projectgo.pro\/fr\/author\/andy-magri\/","author_email":"projectgopromail@gmail.com","author_website":"http:\/\/projectgo.pro","author_description":"I\u2019m Andy Magri, an Italian filmmaker and content creator. After graduating from University, I set off to explore the world while creating guides and reviews featuring the video gear I love and use the most. With the help of my awesome team, we share tips and reviews about GoPro, Insta360, DJI, smartphone cameras, drones, editing software and anything around action video-making. I hope my guides not only help you find the perfect camera equipment, but also inspire you to get out there and create! Since publishing my first tutorial on ProjectGO, seven years ago, our content has helped over 2M creators worldwide. Start by downloading the <a href=\"http:\/\/projectgo.pro\/\">FREE GoPro Settings Cheat Sheet.","author_facebook":"","author_twitter":"","author_instagram":"","author_role":["administrator"],"author_firstname":"Andy","author_lastname":"Magri","user_login":"andy-magri","author_avatar":"<img alt='' src='https:\/\/secure.gravatar.com\/avatar\/ecb40f3aef4515d91d6060803d92cea39ca50d0051a359a9068f99661051e95e?s=200&#038;d=mm&#038;r=g' srcset='https:\/\/secure.gravatar.com\/avatar\/ecb40f3aef4515d91d6060803d92cea39ca50d0051a359a9068f99661051e95e?s=400&#038;d=mm&#038;r=g 2x' class='avatar avatar-200 photo' height='200' width='200' decoding='async'\/>","author_avatar_url":"https:\/\/secure.gravatar.com\/avatar\/ecb40f3aef4515d91d6060803d92cea39ca50d0051a359a9068f99661051e95e?s=96&d=mm&r=g","comment_count":0,"post_likes":0,"post_views":0},"tpgb_post_category":[],"amp_enabled":true,"_links":{"self":[{"href":"https:\/\/projectgo.pro\/fr\/wp-json\/wp\/v2\/pages\/13888","targetHints":{"allow":["GET"]}}],"collection":[{"href":"https:\/\/projectgo.pro\/fr\/wp-json\/wp\/v2\/pages"}],"about":[{"href":"https:\/\/projectgo.pro\/fr\/wp-json\/wp\/v2\/types\/page"}],"author":[{"embeddable":true,"href":"https:\/\/projectgo.pro\/fr\/wp-json\/wp\/v2\/users\/519"}],"replies":[{"embeddable":true,"href":"https:\/\/projectgo.pro\/fr\/wp-json\/wp\/v2\/comments?post=13888"}],"version-history":[{"count":0,"href":"https:\/\/projectgo.pro\/fr\/wp-json\/wp\/v2\/pages\/13888\/revisions"}],"wp:attachment":[{"href":"https:\/\/projectgo.pro\/fr\/wp-json\/wp\/v2\/media?parent=13888"}],"wp:term":[{"taxonomy":"category","embeddable":true,"href":"https:\/\/projectgo.pro\/fr\/wp-json\/wp\/v2\/categories?post=13888"},{"taxonomy":"post_tag","embeddable":true,"href":"https:\/\/projectgo.pro\/fr\/wp-json\/wp\/v2\/tags?post=13888"}],"curies":[{"name":"wp","href":"https:\/\/api.w.org\/{rel}","templated":true}]}}