{"id":9508,"date":"2015-02-06T20:10:07","date_gmt":"2015-02-07T04:10:07","guid":{"rendered":"http:\/\/projectgo.pro\/privacy-policy\/"},"modified":"2023-12-16T08:40:40","modified_gmt":"2023-12-16T16:40:40","slug":"privacy-policy","status":"publish","type":"page","link":"https:\/\/projectgo.pro\/es\/politica-de-privacidad\/","title":{"rendered":"Pol\u00edtica de privacidad"},"content":{"rendered":"<p>Esta pol\u00edtica de privacidad ha sido compilada para brindar un mejor servicio a aquellos que est\u00e1n preocupados por c\u00f3mo se usa en l\u00ednea su &#039;informaci\u00f3n de identificaci\u00f3n personal&#039; (PII). La PII, tal como se usa en la ley de privacidad y seguridad de la informaci\u00f3n de EE. UU., es informaci\u00f3n que se puede usar sola o con otra informaci\u00f3n para identificar, contactar o ubicar a una sola persona, o para identificar a una persona en contexto. Lea nuestra pol\u00edtica de privacidad detenidamente para comprender claramente c\u00f3mo recopilamos, usamos, protegemos o manejamos su informaci\u00f3n de identificaci\u00f3n personal de acuerdo con nuestro sitio web.<\/p>\n<p>To learn more about ProjectGO, please visit our <a href=\"https:\/\/projectgo.pro\/about\/\">About page<\/a>.<\/p>\n<p>For terms and conditions visit <a href=\"https:\/\/projectgo.pro\/terms-and-conditions\/\">esta p\u00e1gina<\/a>.<\/p>\n<h2><strong>\u00bfQu\u00e9 informaci\u00f3n personal recopilamos de las personas que visitan nuestro blog, sitio web o aplicaci\u00f3n?<\/strong><\/h2>\n<p>Cuando utilice nuestro sitio, seg\u00fan corresponda, es posible que se le solicite que ingrese su nombre, direcci\u00f3n de correo electr\u00f3nico u otros detalles para ayudarlo con su experiencia.<\/p>\n<h2><strong>\u00bfC\u00f3mo usamos su informaci\u00f3n?<\/strong><\/h2>\n<p>Podemos utilizar la informaci\u00f3n que recopilamos de usted cuando se registra, realiza una compra, se suscribe a nuestro bolet\u00edn informativo, desbloquea el contenido, responde a una encuesta o comunicaci\u00f3n de marketing, navega por el sitio web o utiliza ciertas otras funciones del sitio de las siguientes maneras:<\/p>\n<ul>\n<li>Para personalizar la experiencia del usuario y permitirnos entregar el tipo de contenido y ofertas de productos en los que est\u00e1 m\u00e1s interesado.<\/li>\n<li>Para mejorar nuestro sitio web con el fin de servirle mejor.<\/li>\n<li>Para permitirnos brindarle un mejor servicio al responder a sus solicitudes de servicio al cliente.<\/li>\n<li>Para administrar un concurso, promoci\u00f3n, encuesta u otra caracter\u00edstica del sitio.<\/li>\n<li>Para enviar correos electr\u00f3nicos peri\u00f3dicos con respecto a su pedido u otros productos y servicios.<\/li>\n<\/ul>\n<h2><strong>\u00bfUtilizamos &#039;cookies&#039;?<\/strong><\/h2>\n<p>S\u00ed. Las cookies son peque\u00f1os archivos que un sitio o su proveedor de servicios transfiere al disco duro de su computadora a trav\u00e9s de su navegador web (si lo permite) que permite que los sistemas del sitio o del proveedor de servicios reconozcan su navegador y capturen y recuerden cierta informaci\u00f3n. Por ejemplo, usamos cookies para ayudarnos a recordar y procesar los art\u00edculos en su carrito de compras. Tambi\u00e9n se utilizan para ayudarnos a comprender sus preferencias en funci\u00f3n de la actividad anterior o actual del sitio, lo que nos permite brindarle servicios mejorados. Tambi\u00e9n usamos cookies para ayudarnos a recopilar datos agregados sobre el tr\u00e1fico del sitio y la interacci\u00f3n del sitio para que podamos ofrecer mejores experiencias y herramientas en el futuro.<\/p>\n<p>Usamos cookies para:<\/p>\n<ul>\n<li>Comprender y guardar las preferencias del usuario para futuras visitas.<\/li>\n<li>Memoriza los usuarios que tienen acceso desbloqueado a contenido premium.<\/li>\n<\/ul>\n<p>Si desactiva las cookies, algunas funciones se desactivar\u00e1n. Afectar\u00e1 la experiencia de los usuarios y algunos de nuestros servicios no funcionar\u00e1n correctamente.<\/p>\n<h2><strong>Divulgaci\u00f3n de terceros<\/strong><\/h2>\n<p>No vendemos, intercambiamos ni transferimos a terceros su informaci\u00f3n de identificaci\u00f3n personal a menos que le proporcionemos un aviso previo. Esto no incluye a los socios de alojamiento de sitios web y otras partes que nos ayuden a operar nuestro sitio web, realizar nuestro negocio o brindarle servicios, siempre que esas partes acuerden mantener esta informaci\u00f3n confidencial. Tambi\u00e9n podemos divulgar su informaci\u00f3n cuando creamos que la divulgaci\u00f3n es apropiada para cumplir con la ley, hacer cumplir las pol\u00edticas de nuestro sitio o proteger nuestros derechos, propiedad o seguridad o los de otros.<\/p>\n<p>Sin embargo, la informaci\u00f3n del visitante no identificable personalmente se puede proporcionar a otras partes para marketing, publicidad u otros usos.<\/p>\n<h2><strong>Enlaces de terceros<\/strong><\/h2>\n<p>Ocasionalmente, a nuestra discreci\u00f3n, podemos incluir u ofrecer productos o servicios de terceros en nuestro sitio web. Estos sitios de terceros tienen pol\u00edticas de privacidad separadas e independientes. Por lo tanto, no tenemos ninguna responsabilidad por el contenido y las actividades de estos sitios vinculados. No obstante, buscamos proteger la integridad de nuestro sitio y agradecemos cualquier comentario sobre estos sitios.<\/p>\n<h2>Mediavine Programmatic Advertising (Ver 1.1)<\/h2>\n<p>The Website works with Mediavine to manage third-party interest-based advertising appearing on the Website. Mediavine serves content and advertisements when you visit the Website, which may use first and third-party cookies. A cookie is a small text file which is sent to your computer or mobile device (referred to in this policy as a \u201cdevice\u201d) by the web server so that a website can remember some information about your browsing activity on the Website.<\/p>\n<p>First party cookies are created by the website that you are visiting. A third-party cookie is frequently used in behavioral advertising and analytics and is created by a domain other than the website you are visiting. Third-party cookies, tags, pixels, beacons and other similar technologies (collectively, \u201cTags\u201d) may be placed on the Website to monitor interaction with advertising content and to target and optimize advertising. Each internet browser has functionality so that you can block both first and third-party cookies and clear your browser\u2019s cache. The &#8220;help&#8221; feature of the menu bar on most browsers will tell you how to stop accepting new cookies, how to receive notification of new cookies, how to disable existing cookies and how to clear your browser\u2019s cache. For more information about cookies and how to disable them, you can consult the information at <a href=\"https:\/\/www.allaboutcookies.org\/manage-cookies\/\" target=\"_blank\" rel=\"noreferrer noopener nofollow\">All About Cookies<\/a>.<\/p>\n<p>Without cookies you may not be able to take full advantage of the Website content and features. Please note that rejecting cookies does not mean that you will no longer see ads when you visit our Site. In the event you opt-out, you will still see non-personalized advertisements on the Website.<\/p>\n<p>The Website collects the following data using a cookie when serving personalized ads:<\/p>\n<ul>\n<li>IP Address<\/li>\n<li>Operating System type<\/li>\n<li>Operating System version<\/li>\n<li>Device Type<\/li>\n<li>Language of the website<\/li>\n<li>Web browser type<\/li>\n<li>Email (in hashed form)<\/li>\n<\/ul>\n<p>Mediavine Partners (companies listed below with whom Mediavine shares data) may also use this data to link to other end user information the partner has independently collected to deliver targeted advertisements. Mediavine Partners may also separately collect data about end users from other sources, such as advertising IDs or pixels, and link that data to data collected from Mediavine publishers in order to provide interest-based advertising across your online experience, including devices, browsers and apps. This data includes usage data, cookie information, device information, information about interactions between users and advertisements and websites, geolocation data, traffic data, and information about a visitor\u2019s referral source to a particular website. Mediavine Partners may also create unique IDs to create audience segments, which are used to provide targeted advertising.<\/p>\n<p>If you would like more information about this practice and to know your choices to opt-in or opt-out of this data collection, please visit <a href=\"https:\/\/thenai.org\/opt-out\/\" target=\"_blank\" rel=\"noreferrer noopener nofollow\">National Advertising Initiative opt out page<\/a>. You may also visit <a href=\"http:\/\/optout.aboutads.info\/#\/\" target=\"_blank\" rel=\"noreferrer noopener nofollow\">Digital Advertising Alliance website<\/a> y <a href=\"http:\/\/optout.networkadvertising.org\/#\" target=\"_blank\" rel=\"noreferrer noopener nofollow\">Network Advertising Initiative website<\/a> to learn more information about interest-based advertising. You may download the AppChoices app at <a href=\"https:\/\/youradchoices.com\/appchoices\" target=\"_blank\" rel=\"noreferrer noopener nofollow\">Digital Advertising Alliance\u2019s AppChoices app<\/a> to opt out in connection with mobile apps, or use the platform controls on your mobile device to opt out.<\/p>\n<p>For specific information about Mediavine Partners, the data each collects and their data collection and privacy policies, please visit <a href=\"https:\/\/www.mediavine.com\/ad-partners\/\" target=\"_blank\" rel=\"noreferrer noopener nofollow\">Mediavine Partners<\/a>.<\/p>\n<p>Si tiene alguna pregunta con respecto a esta pol\u00edtica de privacidad, puede comunicarse con nosotros.<\/p>\n<h2>Informaci\u00f3n de contacto<\/h2>\n<p>If you have any questions or concerns regarding this Privacy Policy you can email us at: <a href=\"mailto:team@projectgo.pro\" target=\"_new\" rel=\"noopener\">team@projectgo.pro<\/a><\/p>\n<p>Tambi\u00e9n puede llamar a nuestro servicio de asistencia en horario de oficina (hora del Pac\u00edfico de EE.UU.): +1 689 2058467<\/p>\n<p>Si desea ponerse en contacto con nosotros por correo, puede hacerlo en la siguiente direcci\u00f3n:<\/p>\n<p><strong>ProyectoGO<\/strong><br \/>\n7345 W Sand Lake Rd.<br \/>\nOrlando, Florida 32819<br \/>\nEstados Unidos<\/p>\n<p><strong>Nota:<\/strong> No aceptaremos ninguna entrega si no nos informa previamente por correo electr\u00f3nico.<\/p>","protected":false},"excerpt":{"rendered":"<p>This privacy policy has been compiled to better serve those who are concerned with how their &#8216;Personally identifiable information&#8217; (PII) is being used online. PII,&#8230;<\/p>","protected":false},"author":519,"featured_media":0,"parent":0,"menu_order":0,"comment_status":"open","ping_status":"closed","template":"","meta":{"tpgb_global_settings":"","_et_pb_use_builder":"off","_et_pb_old_content":"","_et_gb_content_width":"","_lmt_disableupdate":"","_lmt_disable":"","footnotes":""},"categories":[],"tags":[],"class_list":["post-9508","page","type-page","status-publish","hentry"],"yoast_head":"<!-- This site is optimized with the Yoast SEO Premium plugin v23.6 (Yoast SEO v27.3) - https:\/\/yoast.com\/product\/yoast-seo-premium-wordpress\/ -->\n<title>Privacy Policy &#187; ProjectGO<\/title>\n<meta name=\"description\" content=\"We recommend all readers visit our privacy policy to learn more about how visitor data and personal information is handled.\" \/>\n<meta name=\"robots\" content=\"index, follow, max-snippet:-1, max-image-preview:large, max-video-preview:-1\" \/>\n<link rel=\"canonical\" href=\"https:\/\/projectgo.pro\/es\/politica-de-privacidad\/\" \/>\n<meta property=\"og:locale\" content=\"es_ES\" \/>\n<meta property=\"og:type\" content=\"article\" \/>\n<meta property=\"og:title\" content=\"Privacy Policy\" \/>\n<meta property=\"og:description\" content=\"We recommend all readers visit our privacy policy to learn more about how visitor data and personal information is handled.\" \/>\n<meta property=\"og:url\" content=\"https:\/\/projectgo.pro\/es\/politica-de-privacidad\/\" \/>\n<meta property=\"og:site_name\" content=\"ProjectGO\" \/>\n<meta property=\"article:publisher\" content=\"https:\/\/www.facebook.com\/pages\/ProjectGoPro\/1424889017736927\" \/>\n<meta property=\"article:modified_time\" content=\"2023-12-16T16:40:40+00:00\" \/>\n<meta name=\"twitter:card\" content=\"summary_large_image\" \/>\n<meta name=\"twitter:label1\" content=\"Tiempo de lectura\" \/>\n\t<meta name=\"twitter:data1\" content=\"6 minutos\" \/>\n<script type=\"application\/ld+json\" class=\"yoast-schema-graph\">{\"@context\":\"https:\\\/\\\/schema.org\",\"@graph\":[{\"@type\":\"WebPage\",\"@id\":\"https:\\\/\\\/projectgo.pro\\\/privacy-policy\\\/\",\"url\":\"https:\\\/\\\/projectgo.pro\\\/privacy-policy\\\/\",\"name\":\"Privacy Policy &#187; ProjectGO\",\"isPartOf\":{\"@id\":\"https:\\\/\\\/projectgo.pro\\\/#website\"},\"datePublished\":\"2015-02-07T04:10:07+00:00\",\"dateModified\":\"2023-12-16T16:40:40+00:00\",\"description\":\"We recommend all readers visit our privacy policy to learn more about how visitor data and personal information is handled.\",\"inLanguage\":\"es\",\"potentialAction\":[{\"@type\":\"ReadAction\",\"target\":[\"https:\\\/\\\/projectgo.pro\\\/privacy-policy\\\/\"]}]},{\"@type\":\"WebSite\",\"@id\":\"https:\\\/\\\/projectgo.pro\\\/#website\",\"url\":\"https:\\\/\\\/projectgo.pro\\\/\",\"name\":\"ProjectGO\",\"description\":\"Action Camera Guides &amp; Gear Reviews for Creators\",\"publisher\":{\"@id\":\"https:\\\/\\\/projectgo.pro\\\/#organization\"},\"potentialAction\":[{\"@type\":\"SearchAction\",\"target\":{\"@type\":\"EntryPoint\",\"urlTemplate\":\"https:\\\/\\\/projectgo.pro\\\/?s={search_term_string}\"},\"query-input\":{\"@type\":\"PropertyValueSpecification\",\"valueRequired\":true,\"valueName\":\"search_term_string\"}}],\"inLanguage\":\"es\"},{\"@type\":\"Organization\",\"@id\":\"https:\\\/\\\/projectgo.pro\\\/#organization\",\"name\":\"ProjectGO\",\"url\":\"https:\\\/\\\/projectgo.pro\\\/\",\"logo\":{\"@type\":\"ImageObject\",\"inLanguage\":\"es\",\"@id\":\"https:\\\/\\\/projectgo.pro\\\/#\\\/schema\\\/logo\\\/image\\\/\",\"url\":\"https:\\\/\\\/projectgo.pro\\\/wp-content\\\/uploads\\\/2023\\\/10\\\/ProjectGO-favicon.png\",\"contentUrl\":\"https:\\\/\\\/projectgo.pro\\\/wp-content\\\/uploads\\\/2023\\\/10\\\/ProjectGO-favicon.png\",\"width\":513,\"height\":512,\"caption\":\"ProjectGO\"},\"image\":{\"@id\":\"https:\\\/\\\/projectgo.pro\\\/#\\\/schema\\\/logo\\\/image\\\/\"},\"sameAs\":[\"https:\\\/\\\/www.facebook.com\\\/pages\\\/ProjectGoPro\\\/1424889017736927\",\"https:\\\/\\\/www.youtube.com\\\/channel\\\/UCa7KT9TjfpHE0Tcgy727RNg\"]}]}<\/script>\n<!-- \/ Yoast SEO Premium plugin. -->","yoast_head_json":{"title":"Pol\u00edtica de privacidad \" ProjectGO","description":"Recomendamos a todos los lectores que visiten nuestra pol\u00edtica de privacidad para saber m\u00e1s sobre c\u00f3mo se manejan los datos de los visitantes y la informaci\u00f3n personal.","robots":{"index":"index","follow":"follow","max-snippet":"max-snippet:-1","max-image-preview":"max-image-preview:large","max-video-preview":"max-video-preview:-1"},"canonical":"https:\/\/projectgo.pro\/es\/politica-de-privacidad\/","og_locale":"es_ES","og_type":"article","og_title":"Privacy Policy","og_description":"We recommend all readers visit our privacy policy to learn more about how visitor data and personal information is handled.","og_url":"https:\/\/projectgo.pro\/es\/politica-de-privacidad\/","og_site_name":"ProjectGO","article_publisher":"https:\/\/www.facebook.com\/pages\/ProjectGoPro\/1424889017736927","article_modified_time":"2023-12-16T16:40:40+00:00","twitter_card":"summary_large_image","twitter_misc":{"Tiempo de lectura":"6 minutos"},"schema":{"@context":"https:\/\/schema.org","@graph":[{"@type":"WebPage","@id":"https:\/\/projectgo.pro\/privacy-policy\/","url":"https:\/\/projectgo.pro\/privacy-policy\/","name":"Pol\u00edtica de privacidad \" ProjectGO","isPartOf":{"@id":"https:\/\/projectgo.pro\/#website"},"datePublished":"2015-02-07T04:10:07+00:00","dateModified":"2023-12-16T16:40:40+00:00","description":"Recomendamos a todos los lectores que visiten nuestra pol\u00edtica de privacidad para saber m\u00e1s sobre c\u00f3mo se manejan los datos de los visitantes y la informaci\u00f3n personal.","inLanguage":"es","potentialAction":[{"@type":"ReadAction","target":["https:\/\/projectgo.pro\/privacy-policy\/"]}]},{"@type":"WebSite","@id":"https:\/\/projectgo.pro\/#website","url":"https:\/\/projectgo.pro\/","name":"ProyectoGO","description":"Gu\u00edas de c\u00e1maras de acci\u00f3n y rese\u00f1as de equipos para creadores","publisher":{"@id":"https:\/\/projectgo.pro\/#organization"},"potentialAction":[{"@type":"SearchAction","target":{"@type":"EntryPoint","urlTemplate":"https:\/\/projectgo.pro\/?s={search_term_string}"},"query-input":{"@type":"PropertyValueSpecification","valueRequired":true,"valueName":"search_term_string"}}],"inLanguage":"es"},{"@type":"Organization","@id":"https:\/\/projectgo.pro\/#organization","name":"ProyectoGO","url":"https:\/\/projectgo.pro\/","logo":{"@type":"ImageObject","inLanguage":"es","@id":"https:\/\/projectgo.pro\/#\/schema\/logo\/image\/","url":"https:\/\/projectgo.pro\/wp-content\/uploads\/2023\/10\/ProjectGO-favicon.png","contentUrl":"https:\/\/projectgo.pro\/wp-content\/uploads\/2023\/10\/ProjectGO-favicon.png","width":513,"height":512,"caption":"ProjectGO"},"image":{"@id":"https:\/\/projectgo.pro\/#\/schema\/logo\/image\/"},"sameAs":["https:\/\/www.facebook.com\/pages\/ProjectGoPro\/1424889017736927","https:\/\/www.youtube.com\/channel\/UCa7KT9TjfpHE0Tcgy727RNg"]}]}},"tpgb_featured_images":null,"tpgb_post_meta_info":{"get_date":"diciembre 16, 2023","get_modified_date":"diciembre 16, 2023","category_list":{"category":false,"post_tag":false},"author_name":"Andy Magri","author_url":"https:\/\/projectgo.pro\/es\/author\/andy-magri\/","author_email":"projectgopromail@gmail.com","author_website":"http:\/\/projectgo.pro","author_description":"I\u2019m Andy Magri, an Italian filmmaker and content creator. After graduating from University, I set off to explore the world while creating guides and reviews featuring the video gear I love and use the most. With the help of my awesome team, we share tips and reviews about GoPro, Insta360, DJI, smartphone cameras, drones, editing software and anything around action video-making. I hope my guides not only help you find the perfect camera equipment, but also inspire you to get out there and create! Since publishing my first tutorial on ProjectGO, seven years ago, our content has helped over 2M creators worldwide. Start by downloading the <a href=\"http:\/\/projectgo.pro\/\">FREE GoPro Settings Cheat Sheet.","author_facebook":"","author_twitter":"","author_instagram":"","author_role":["administrator"],"author_firstname":"Andy","author_lastname":"Magri","user_login":"andy-magri","author_avatar":"<img alt='' src='https:\/\/secure.gravatar.com\/avatar\/ecb40f3aef4515d91d6060803d92cea39ca50d0051a359a9068f99661051e95e?s=200&#038;d=mm&#038;r=g' srcset='https:\/\/secure.gravatar.com\/avatar\/ecb40f3aef4515d91d6060803d92cea39ca50d0051a359a9068f99661051e95e?s=400&#038;d=mm&#038;r=g 2x' class='avatar avatar-200 photo' height='200' width='200' decoding='async'\/>","author_avatar_url":"https:\/\/secure.gravatar.com\/avatar\/ecb40f3aef4515d91d6060803d92cea39ca50d0051a359a9068f99661051e95e?s=96&d=mm&r=g","comment_count":16,"post_likes":0,"post_views":0},"tpgb_post_category":[],"amp_enabled":true,"_links":{"self":[{"href":"https:\/\/projectgo.pro\/es\/wp-json\/wp\/v2\/pages\/9508","targetHints":{"allow":["GET"]}}],"collection":[{"href":"https:\/\/projectgo.pro\/es\/wp-json\/wp\/v2\/pages"}],"about":[{"href":"https:\/\/projectgo.pro\/es\/wp-json\/wp\/v2\/types\/page"}],"author":[{"embeddable":true,"href":"https:\/\/projectgo.pro\/es\/wp-json\/wp\/v2\/users\/519"}],"replies":[{"embeddable":true,"href":"https:\/\/projectgo.pro\/es\/wp-json\/wp\/v2\/comments?post=9508"}],"version-history":[{"count":0,"href":"https:\/\/projectgo.pro\/es\/wp-json\/wp\/v2\/pages\/9508\/revisions"}],"wp:attachment":[{"href":"https:\/\/projectgo.pro\/es\/wp-json\/wp\/v2\/media?parent=9508"}],"wp:term":[{"taxonomy":"category","embeddable":true,"href":"https:\/\/projectgo.pro\/es\/wp-json\/wp\/v2\/categories?post=9508"},{"taxonomy":"post_tag","embeddable":true,"href":"https:\/\/projectgo.pro\/es\/wp-json\/wp\/v2\/tags?post=9508"}],"curies":[{"name":"wp","href":"https:\/\/api.w.org\/{rel}","templated":true}]}}