{"id":4313,"date":"2014-01-18T05:33:49","date_gmt":"2014-01-18T05:33:49","guid":{"rendered":"http:\/\/projectgo.pro\/?page_id=4313"},"modified":"2023-12-16T08:39:57","modified_gmt":"2023-12-16T16:39:57","slug":"contact","status":"publish","type":"page","link":"https:\/\/projectgo.pro\/es\/contactos\/","title":{"rendered":"Contacto"},"content":{"rendered":"<p>Por favor, t\u00f3mese un segundo para ver si su pregunta ya ha sido contestada, de lo contrario puede ponerse en contacto con nosotros directamente por correo electr\u00f3nico (parte inferior de esta p\u00e1gina).<\/p>\n<h2>Preguntas frecuentes<\/h2>\n<p><strong>\u00bfCu\u00e1l es vuestra pol\u00edtica de devoluci\u00f3n?<\/strong><\/p>\n<p class=\"p1\">Ofrecemos una garant\u00eda de devoluci\u00f3n de 30 d\u00edas de todos los productos. Si no est\u00e1s contento, por favor, h\u00e1znoslo saber en <a href=\"mailto:team@projectgo.pro\">team@projectgo.pro<\/a>&nbsp;y te devolveremos tu compra.<\/p>\n<p><strong>\u00bfCu\u00e1l es el prop\u00f3sito de vuestra web?<\/strong><\/p>\n<p>ProjectGO fue creado para ense\u00f1ar a los usuarios de nivel de entrada GoPro c\u00f3mo dominar los conceptos b\u00e1sicos de la videograf\u00eda y la realizaci\u00f3n de pel\u00edculas a trav\u00e9s de tutoriales gratuitos en el sitio web y productos educativos pagados.<\/p>\n<p><strong>\u00bfQui\u00e9n es el creador del sitio web?<\/strong><\/p>\n<p><span class=\"s1\">ProjectGO est\u00e1 a cargo de Andy, filmmaker y usuario de GoPro desde hace mucho tiempo. En este blog comparte sus conocimientos adquiridos a lo largo de los a\u00f1os de cine profesional con GoPro y action cameras a trav\u00e9s de tutoriales gratuitos, rese\u00f1as y cursos en video.<\/span><\/p>\n<p><strong>\u00bfQu\u00e9 es la Hoja de Trampa GoPro?<\/strong><\/p>\n<p>La hoja de trucos GoPro es un recurso gratuito que proporciona configuraciones para una variedad de condiciones de realizaci\u00f3n de pel\u00edculas.<\/p>\n<p><strong>\u00bfQu\u00e9 es el Manual GoPro?<\/strong><\/p>\n<p>El Manual GoPro es un libro dise\u00f1ado para ense\u00f1ar a los usuarios principiantes de GoPro c\u00f3mo configurar, filmar y editar videos GoPro de calidad profesional.<\/p>\n<p><strong>\u00bfQu\u00e9 es el Paquete de Gradaci\u00f3n de Color GoPro LUTs?<\/strong><\/p>\n<p>El GoPro LUT's Pack es una colecci\u00f3n de preajustes de graduaci\u00f3n de color dise\u00f1ados espec\u00edficamente para mejorar los colores del material GoPro en la post producci\u00f3n.<\/p>\n<h2>Colaboraciones<\/h2>\n<p>En <a href=\"https:\/\/projectgo.pro\/about\/\">ProyectoGO<\/a>Nos apasiona crear conexiones y colaboraciones significativas. Buscamos activamente colaboraciones con marcas seleccionadas para ofrecer a nuestra audiencia an\u00e1lisis detallados de productos y software. Nos centramos en la calidad y la relevancia, asegur\u00e1ndonos de que cada colaboraci\u00f3n se ajuste a los intereses y necesidades de nuestra comunidad.<\/p>\n<p><strong>\u00bfPor qu\u00e9 colaborar con nosotros?<\/strong><\/p>\n<ul>\n<li><strong>Alcance de la audiencia<\/strong>: Nuestra plataforma llega a un p\u00fablico diverso y comprometido, \u00e1vido de lo \u00faltimo en videograf\u00eda y tecnolog\u00eda de c\u00e1maras de acci\u00f3n.<\/li>\n<li><strong>Experiencia y autenticidad<\/strong>: Con un profundo conocimiento del nicho de v\u00eddeo y audio por parte de nuestro videomaker Andy Magri, proporcionamos rese\u00f1as honestas y exhaustivas, ofreciendo a nuestra audiencia y socios un valor genuino.<\/li>\n<li><strong>Visibilidad de la marca<\/strong>: Colaborar con nosotros significa que su producto o servicio aparecer\u00e1 ante miles de creadores de v\u00eddeo, lo que aumentar\u00e1 la visibilidad y el alcance de su marca.<\/li>\n<\/ul>\n<p><strong>\u00bfLe interesa colaborar?<\/strong><\/p>\n<p>Si representa a una marca que resuena con la aventura, la tecnolog\u00eda y la creatividad, y cree que su producto o servicio podr\u00eda a\u00f1adir valor a nuestra audiencia, nos encantar\u00eda saber de usted.<\/p>\n<p>P\u00f3ngase en contacto con nosotros:&nbsp; <a href=\"mailto:team@projectgo.pro\" target=\"_new\" rel=\"noopener\">team@projectgo.pro<\/a><\/p>\n<h2>S\u00edguenos<\/h2>\n<p>No pierdas la creatividad y s\u00edguenos en tus redes sociales favoritas:<\/p>\n<p><strong>&gt;<\/strong>&nbsp;<a href=\"https:\/\/www.youtube.com\/@project-go\/videos\" target=\"_blank\" rel=\"nofollow external noopener noreferrer\" data-wpel-link=\"external\">Youtube<\/a><br \/>\n<strong>&gt;<\/strong>&nbsp;<a href=\"https:\/\/www.facebook.com\/projectgovideography\" target=\"_blank\" rel=\"nofollow external noopener noreferrer\" data-wpel-link=\"external\">Facebook<\/a><br \/>\n<strong>&gt;<\/strong>&nbsp;<a href=\"https:\/\/www.instagram.com\/projectgovideo\" target=\"_blank\" rel=\"nofollow external noopener noreferrer\" data-wpel-link=\"external\">Instagram<\/a><br \/>\n<strong>&gt;<\/strong>&nbsp;<a href=\"https:\/\/linkedin.com\/company\/projectgo-video\" target=\"_blank\" rel=\"nofollow external noopener noreferrer\" data-wpel-link=\"external\">LinkedIn<\/a><\/p>\n<h2>Informaci\u00f3n de contacto<\/h2>\n<p>Si tiene problemas con nuestro sitio web o nuestros productos, o si tiene alguna pregunta sobre ProjectGO, p\u00f3ngase en contacto con nosotros por correo electr\u00f3nico: <a href=\"mailto:team@projectgo.pro\" target=\"_blank\" rel=\"noopener noreferrer\">team@projectgo.pro<\/a><\/p>\n<p>Tambi\u00e9n puede llamar a nuestra l\u00ednea de asistencia en horario de oficina (hora del Pac\u00edfico de EE.UU.): +1 689 2058467<\/p>","protected":false},"excerpt":{"rendered":"<p>Please take a second to see if your question has already been answered, otherwise you can contact us directly via email (bottom of this page)&#8230;.<\/p>","protected":false},"author":519,"featured_media":0,"parent":0,"menu_order":0,"comment_status":"open","ping_status":"closed","template":"","meta":{"tpgb_global_settings":"","_et_pb_use_builder":"off","_et_pb_old_content":"","_et_gb_content_width":"","_lmt_disableupdate":"","_lmt_disable":"","footnotes":""},"categories":[],"tags":[],"class_list":["post-4313","page","type-page","status-publish","hentry"],"yoast_head":"<!-- This site is optimized with the Yoast SEO Premium plugin v23.6 (Yoast SEO v27.3) - https:\/\/yoast.com\/product\/yoast-seo-premium-wordpress\/ -->\n<title>Contacts<\/title>\n<meta name=\"description\" content=\"For questions regarding our products, for collaborations or for general inquires, please contact us via email.\" \/>\n<meta name=\"robots\" content=\"index, follow, max-snippet:-1, max-image-preview:large, max-video-preview:-1\" \/>\n<link rel=\"canonical\" href=\"https:\/\/projectgo.pro\/es\/contactos\/\" \/>\n<meta property=\"og:locale\" content=\"es_ES\" \/>\n<meta property=\"og:type\" content=\"article\" \/>\n<meta property=\"og:title\" content=\"Contact\" \/>\n<meta property=\"og:description\" content=\"For questions regarding our products, for collaborations or for general inquires, please contact us via email.\" \/>\n<meta property=\"og:url\" content=\"https:\/\/projectgo.pro\/es\/contactos\/\" \/>\n<meta property=\"og:site_name\" content=\"ProjectGO\" \/>\n<meta property=\"article:publisher\" content=\"https:\/\/www.facebook.com\/pages\/ProjectGoPro\/1424889017736927\" \/>\n<meta property=\"article:modified_time\" content=\"2023-12-16T16:39:57+00:00\" \/>\n<meta name=\"twitter:card\" content=\"summary_large_image\" \/>\n<meta name=\"twitter:label1\" content=\"Tiempo de lectura\" \/>\n\t<meta name=\"twitter:data1\" content=\"2 minutos\" \/>\n<script type=\"application\/ld+json\" class=\"yoast-schema-graph\">{\"@context\":\"https:\\\/\\\/schema.org\",\"@graph\":[{\"@type\":\"WebPage\",\"@id\":\"https:\\\/\\\/projectgo.pro\\\/contact\\\/\",\"url\":\"https:\\\/\\\/projectgo.pro\\\/contact\\\/\",\"name\":\"Contacts\",\"isPartOf\":{\"@id\":\"https:\\\/\\\/projectgo.pro\\\/#website\"},\"datePublished\":\"2014-01-18T05:33:49+00:00\",\"dateModified\":\"2023-12-16T16:39:57+00:00\",\"description\":\"For questions regarding our products, for collaborations or for general inquires, please contact us via email.\",\"inLanguage\":\"es\",\"potentialAction\":[{\"@type\":\"ReadAction\",\"target\":[\"https:\\\/\\\/projectgo.pro\\\/contact\\\/\"]}]},{\"@type\":\"WebSite\",\"@id\":\"https:\\\/\\\/projectgo.pro\\\/#website\",\"url\":\"https:\\\/\\\/projectgo.pro\\\/\",\"name\":\"ProjectGO\",\"description\":\"Action Camera Guides &amp; Gear Reviews for Creators\",\"publisher\":{\"@id\":\"https:\\\/\\\/projectgo.pro\\\/#organization\"},\"potentialAction\":[{\"@type\":\"SearchAction\",\"target\":{\"@type\":\"EntryPoint\",\"urlTemplate\":\"https:\\\/\\\/projectgo.pro\\\/?s={search_term_string}\"},\"query-input\":{\"@type\":\"PropertyValueSpecification\",\"valueRequired\":true,\"valueName\":\"search_term_string\"}}],\"inLanguage\":\"es\"},{\"@type\":\"Organization\",\"@id\":\"https:\\\/\\\/projectgo.pro\\\/#organization\",\"name\":\"ProjectGO\",\"url\":\"https:\\\/\\\/projectgo.pro\\\/\",\"logo\":{\"@type\":\"ImageObject\",\"inLanguage\":\"es\",\"@id\":\"https:\\\/\\\/projectgo.pro\\\/#\\\/schema\\\/logo\\\/image\\\/\",\"url\":\"https:\\\/\\\/projectgo.pro\\\/wp-content\\\/uploads\\\/2023\\\/10\\\/ProjectGO-favicon.png\",\"contentUrl\":\"https:\\\/\\\/projectgo.pro\\\/wp-content\\\/uploads\\\/2023\\\/10\\\/ProjectGO-favicon.png\",\"width\":513,\"height\":512,\"caption\":\"ProjectGO\"},\"image\":{\"@id\":\"https:\\\/\\\/projectgo.pro\\\/#\\\/schema\\\/logo\\\/image\\\/\"},\"sameAs\":[\"https:\\\/\\\/www.facebook.com\\\/pages\\\/ProjectGoPro\\\/1424889017736927\",\"https:\\\/\\\/www.youtube.com\\\/channel\\\/UCa7KT9TjfpHE0Tcgy727RNg\"]}]}<\/script>\n<!-- \/ Yoast SEO Premium plugin. -->","yoast_head_json":{"title":"Contactos","description":"Para preguntas sobre nuestros productos, colaboraciones o consultas en general, p\u00f3ngase en contacto con nosotros por correo electr\u00f3nico.","robots":{"index":"index","follow":"follow","max-snippet":"max-snippet:-1","max-image-preview":"max-image-preview:large","max-video-preview":"max-video-preview:-1"},"canonical":"https:\/\/projectgo.pro\/es\/contactos\/","og_locale":"es_ES","og_type":"article","og_title":"Contact","og_description":"For questions regarding our products, for collaborations or for general inquires, please contact us via email.","og_url":"https:\/\/projectgo.pro\/es\/contactos\/","og_site_name":"ProjectGO","article_publisher":"https:\/\/www.facebook.com\/pages\/ProjectGoPro\/1424889017736927","article_modified_time":"2023-12-16T16:39:57+00:00","twitter_card":"summary_large_image","twitter_misc":{"Tiempo de lectura":"2 minutos"},"schema":{"@context":"https:\/\/schema.org","@graph":[{"@type":"WebPage","@id":"https:\/\/projectgo.pro\/contact\/","url":"https:\/\/projectgo.pro\/contact\/","name":"Contactos","isPartOf":{"@id":"https:\/\/projectgo.pro\/#website"},"datePublished":"2014-01-18T05:33:49+00:00","dateModified":"2023-12-16T16:39:57+00:00","description":"Para preguntas sobre nuestros productos, colaboraciones o consultas en general, p\u00f3ngase en contacto con nosotros por correo electr\u00f3nico.","inLanguage":"es","potentialAction":[{"@type":"ReadAction","target":["https:\/\/projectgo.pro\/contact\/"]}]},{"@type":"WebSite","@id":"https:\/\/projectgo.pro\/#website","url":"https:\/\/projectgo.pro\/","name":"ProyectoGO","description":"Gu\u00edas de c\u00e1maras de acci\u00f3n y rese\u00f1as de equipos para creadores","publisher":{"@id":"https:\/\/projectgo.pro\/#organization"},"potentialAction":[{"@type":"SearchAction","target":{"@type":"EntryPoint","urlTemplate":"https:\/\/projectgo.pro\/?s={search_term_string}"},"query-input":{"@type":"PropertyValueSpecification","valueRequired":true,"valueName":"search_term_string"}}],"inLanguage":"es"},{"@type":"Organization","@id":"https:\/\/projectgo.pro\/#organization","name":"ProyectoGO","url":"https:\/\/projectgo.pro\/","logo":{"@type":"ImageObject","inLanguage":"es","@id":"https:\/\/projectgo.pro\/#\/schema\/logo\/image\/","url":"https:\/\/projectgo.pro\/wp-content\/uploads\/2023\/10\/ProjectGO-favicon.png","contentUrl":"https:\/\/projectgo.pro\/wp-content\/uploads\/2023\/10\/ProjectGO-favicon.png","width":513,"height":512,"caption":"ProjectGO"},"image":{"@id":"https:\/\/projectgo.pro\/#\/schema\/logo\/image\/"},"sameAs":["https:\/\/www.facebook.com\/pages\/ProjectGoPro\/1424889017736927","https:\/\/www.youtube.com\/channel\/UCa7KT9TjfpHE0Tcgy727RNg"]}]}},"tpgb_featured_images":null,"tpgb_post_meta_info":{"get_date":"diciembre 16, 2023","get_modified_date":"diciembre 16, 2023","category_list":{"category":false,"post_tag":false},"author_name":"Andy Magri","author_url":"https:\/\/projectgo.pro\/es\/author\/andy-magri\/","author_email":"projectgopromail@gmail.com","author_website":"http:\/\/projectgo.pro","author_description":"I\u2019m Andy Magri, an Italian filmmaker and content creator. After graduating from University, I set off to explore the world while creating guides and reviews featuring the video gear I love and use the most. With the help of my awesome team, we share tips and reviews about GoPro, Insta360, DJI, smartphone cameras, drones, editing software and anything around action video-making. I hope my guides not only help you find the perfect camera equipment, but also inspire you to get out there and create! Since publishing my first tutorial on ProjectGO, seven years ago, our content has helped over 2M creators worldwide. Start by downloading the <a href=\"http:\/\/projectgo.pro\/\">FREE GoPro Settings Cheat Sheet.","author_facebook":"","author_twitter":"","author_instagram":"","author_role":["administrator"],"author_firstname":"Andy","author_lastname":"Magri","user_login":"andy-magri","author_avatar":"<img alt='' src='https:\/\/secure.gravatar.com\/avatar\/ecb40f3aef4515d91d6060803d92cea39ca50d0051a359a9068f99661051e95e?s=200&#038;d=mm&#038;r=g' srcset='https:\/\/secure.gravatar.com\/avatar\/ecb40f3aef4515d91d6060803d92cea39ca50d0051a359a9068f99661051e95e?s=400&#038;d=mm&#038;r=g 2x' class='avatar avatar-200 photo' height='200' width='200' decoding='async'\/>","author_avatar_url":"https:\/\/secure.gravatar.com\/avatar\/ecb40f3aef4515d91d6060803d92cea39ca50d0051a359a9068f99661051e95e?s=96&d=mm&r=g","comment_count":381,"post_likes":0,"post_views":0},"tpgb_post_category":[],"amp_enabled":true,"_links":{"self":[{"href":"https:\/\/projectgo.pro\/es\/wp-json\/wp\/v2\/pages\/4313","targetHints":{"allow":["GET"]}}],"collection":[{"href":"https:\/\/projectgo.pro\/es\/wp-json\/wp\/v2\/pages"}],"about":[{"href":"https:\/\/projectgo.pro\/es\/wp-json\/wp\/v2\/types\/page"}],"author":[{"embeddable":true,"href":"https:\/\/projectgo.pro\/es\/wp-json\/wp\/v2\/users\/519"}],"replies":[{"embeddable":true,"href":"https:\/\/projectgo.pro\/es\/wp-json\/wp\/v2\/comments?post=4313"}],"version-history":[{"count":0,"href":"https:\/\/projectgo.pro\/es\/wp-json\/wp\/v2\/pages\/4313\/revisions"}],"wp:attachment":[{"href":"https:\/\/projectgo.pro\/es\/wp-json\/wp\/v2\/media?parent=4313"}],"wp:term":[{"taxonomy":"category","embeddable":true,"href":"https:\/\/projectgo.pro\/es\/wp-json\/wp\/v2\/categories?post=4313"},{"taxonomy":"post_tag","embeddable":true,"href":"https:\/\/projectgo.pro\/es\/wp-json\/wp\/v2\/tags?post=4313"}],"curies":[{"name":"wp","href":"https:\/\/api.w.org\/{rel}","templated":true}]}}