{"id":13888,"date":"2018-12-14T05:40:36","date_gmt":"2018-12-14T13:40:36","guid":{"rendered":"http:\/\/projectgo.pro\/?page_id=13888"},"modified":"2023-12-16T08:40:33","modified_gmt":"2023-12-16T16:40:33","slug":"terms-and-conditions","status":"publish","type":"page","link":"https:\/\/projectgo.pro\/es\/terminos-y-condiciones\/","title":{"rendered":"T\u00e9rminos y condiciones"},"content":{"rendered":"<p>Las presentes condiciones generales establecen las normas de uso de <a href=\"https:\/\/projectgo.pro\/about\/\">ProyectoGo<\/a>. Al acceder a este sitio web, asumimos que acepta estos t\u00e9rminos y condiciones en su totalidad. No contin\u00fae utilizando el sitio web de ProjectGo si no acepta todos los t\u00e9rminos y condiciones establecidos en esta p\u00e1gina.<\/p>\n<p>La siguiente terminolog\u00eda se aplica a estos t\u00e9rminos y condiciones, a la declaraci\u00f3n de privacidad y al aviso de exenci\u00f3n de responsabilidad, as\u00ed como a todos los acuerdos: \"Cliente\", \"Usted\" y \"Su\" se refiere a usted, la persona que accede a este sitio web y acepta los t\u00e9rminos y condiciones de la empresa. \"La Compa\u00f1\u00eda\", \"Nosotros\", \"Nuestro\" y \"Nos\", se refiere a nuestra Compa\u00f1\u00eda. \"Parte\", \"Partes\" o \"Nosotros\", se refiere tanto al cliente como a nosotros, o bien al cliente o a nosotros.<\/p>\n<p>Todos los t\u00e9rminos se refieren a la oferta, la aceptaci\u00f3n y la contraprestaci\u00f3n necesaria para llevar a cabo el proceso de nuestra asistencia al cliente de la manera m\u00e1s adecuada, ya sea mediante reuniones formales de una duraci\u00f3n determinada, o cualquier otro medio, con el prop\u00f3sito expreso de satisfacer las necesidades del cliente con respecto a la prestaci\u00f3n de los servicios\/productos declarados por la empresa, de acuerdo con y sujeto a la legislaci\u00f3n vigente de los Estados Unidos. Cualquier uso de la terminolog\u00eda anterior u otras palabras en singular, plural, may\u00fasculas y\/o \u00e9l\/ella o ellos, se consideran intercambiables y, por tanto, se refieren a lo mismo.<\/p>\n<h2><strong>Galletas<\/strong><\/h2>\n<p>Empleamos el uso de cookies. Al utilizar el sitio web de ProjectGo, usted acepta el uso de cookies de acuerdo con las Pol\u00edticas de privacidad de ProjectGo. <a href=\"\/privacy-policy\/\">pol\u00edtica de privacidad<\/a>. La mayor\u00eda de los sitios web interactivos actuales utilizan cookies para poder recuperar los datos del usuario en cada visita. Las cookies se utilizan en algunas \u00e1reas de nuestro sitio para permitir la funcionalidad de esta \u00e1rea y la facilidad de uso para las personas que lo visitan. Algunos de nuestros socios afiliados \/ publicitarios tambi\u00e9n pueden utilizar cookies.<\/p>\n<h2><strong>Licencia<\/strong><\/h2>\n<p>A menos que se indique lo contrario, ProjectGo y\/o sus licenciantes poseen los derechos de propiedad intelectual de todo el material de ProjectGo. Todos los derechos de propiedad intelectual est\u00e1n reservados. Puede ver y\/o imprimir p\u00e1ginas de http:\/\/projectgo.pro para su uso personal sujeto a las restricciones establecidas en estos t\u00e9rminos y condiciones.<\/p>\n<h2><strong>No debes:<\/strong><\/h2>\n<ul>\n<li>Volver a publicar material de http:\/\/projectgo.pro sin nuestro consentimiento<\/li>\n<li>Vender, alquilar o sublicenciar material de http:\/\/projectgo.pro<\/li>\n<li>Reproducir, duplicar o copiar material de http:\/\/projectgo.pro<\/li>\n<li>Redistribuya el contenido de ProjectGo (a menos que el contenido est\u00e9 hecho espec\u00edficamente para la redistribuci\u00f3n).<\/li>\n<\/ul>\n<h2><strong>Comentarios de los usuarios<\/strong><\/h2>\n<p>El presente Acuerdo comenzar\u00e1 en la fecha del mismo.<\/p>\n<ul>\n<li>Ciertas partes de este sitio web ofrecen a los usuarios la oportunidad de publicar e intercambiar opiniones, informaci\u00f3n, material y datos (&#039;Comentarios&#039;) en \u00e1reas del sitio web. ProjectGo no filtra, edita, publica ni revisa los comentarios antes de su aparici\u00f3n en el sitio web y los comentarios no reflejan los puntos de vista ni las opiniones de ProjectGo, sus agentes o afiliados. Los comentarios reflejan el punto de vista y la opini\u00f3n de la persona que publica tal punto de vista u opini\u00f3n. En la medida en que lo permitan las leyes aplicables, ProjectGo no ser\u00e1 responsable de los comentarios ni de ninguna p\u00e9rdida, costo, responsabilidad, da\u00f1os o gastos causados o sufridos como resultado de cualquier uso y\/o publicaci\u00f3n y\/o apariencia del comentarios en este sitio web.<\/li>\n<li>ProjectGo se reserva el derecho de monitorear todos los comentarios y eliminar cualquier comentario que considere, a su absoluta discreci\u00f3n, inapropiado, ofensivo o que infrinja estos t\u00e9rminos y condiciones.<\/li>\n<li>Usted garantiza y declara que:<\/li>\n<li>Tiene derecho a publicar los comentarios en nuestro sitio web y cuenta con todas las licencias y consentimientos necesarios para hacerlo;<\/li>\n<li>Los comentarios no infringen ning\u00fan derecho de propiedad intelectual, incluidos, sin limitaci\u00f3n, los derechos de autor, patentes o marcas comerciales, ni ning\u00fan otro derecho de propiedad de terceros;<\/li>\n<li>Los comentarios no contienen material difamatorio, calumnioso, ofensivo, indecente o ilegal de cualquier otra forma o que suponga una invasi\u00f3n de la privacidad<\/li>\n<li>Los comentarios no se utilizar\u00e1n para solicitar o promover negocios o costumbres ni para presentar actividades comerciales o il\u00edcitas.<\/li>\n<li>Por la presente, otorga a ProjectGo una licencia no exclusiva libre de regal\u00edas para usar, reproducir, editar y autorizar a otros a usar, reproducir y editar cualquiera de sus comentarios en cualquiera y todas las formas, formatos o medios.<\/li>\n<\/ul>\n<h2><strong>Hiperv\u00ednculos a nuestro contenido<\/strong><\/h2>\n<p>Las siguientes organizaciones pueden enlazar con nuestro sitio web sin necesidad de aprobaci\u00f3n previa por escrito - estas organizaciones pueden enlazar con nuestra p\u00e1gina de inicio, con publicaciones o con otra informaci\u00f3n del sitio web siempre que el enlace (a) no sea en modo alguno enga\u00f1oso; (b) no implique falsamente el patrocinio, el respaldo o la aprobaci\u00f3n de la parte enlazada y sus productos o servicios; y (c) se ajuste al contexto del sitio de la parte enlazada:<\/p>\n<ul>\n<li>Agencias gubernamentales;<\/li>\n<li>Motores de b\u00fasqueda;<\/li>\n<li>Organizaciones de noticias;<\/li>\n<li>Los distribuidores de directorios en l\u00ednea, cuando nos incluyan en el directorio, podr\u00e1n poner un enlace a nuestro sitio web en el mismo<br \/>\nde manera que se hiperv\u00edncula a los sitios web de otras empresas que cotizan en bolsa; y<\/li>\n<li>Empresas acreditadas en todo el sistema, excepto las organizaciones sin \u00e1nimo de lucro y los centros comerciales ben\u00e9ficos,<br \/>\ny grupos de recaudaci\u00f3n de fondos de caridad que no pueden tener un hiperv\u00ednculo a nuestro sitio web.<\/li>\n<\/ul>\n<p>Podemos considerar y aprobar, a nuestra entera discreci\u00f3n, otras solicitudes de enlace de los siguientes tipos de organizaciones - Aprobaremos las solicitudes de enlace de estas organizaciones si determinamos que (a) el enlace no se reflejar\u00e1 desfavorablemente en nosotros o en nuestros negocios acreditados (por ejemplo, no se permitir\u00e1 enlazar a asociaciones comerciales u otras organizaciones que representen tipos de negocio inherentemente sospechosos, como oportunidades de trabajo en casa); (b) la organizaci\u00f3n no tiene un historial insatisfactorio con nosotros; (c) el beneficio para nosotros de la visibilidad asociada al hiperv\u00ednculo supera la ausencia de <!--?=$companyName?-->(d) cuando el enlace se encuentre en el contexto de la informaci\u00f3n de recursos generales o sea coherente con el contenido editorial de un bolet\u00edn o producto similar que promueva la misi\u00f3n de la organizaci\u00f3n:<\/p>\n<ul>\n<li>Fuentes de informaci\u00f3n sobre consumidores y\/o empresas com\u00fanmente conocidas, como las C\u00e1maras de Comercio, la Asociaci\u00f3n Americana del Autom\u00f3vil, AARP y Consumers Union;<\/li>\n<li>sitios de la comunidad punto.com;<\/li>\n<li>asociaciones u otros grupos que representen a organizaciones ben\u00e9ficas, incluidos los sitios de donaciones ben\u00e9ficas,<\/li>\n<li>distribuidores de directorios en l\u00ednea;<\/li>\n<li>portales de Internet;<\/li>\n<li>empresas de contabilidad, derecho y consultor\u00eda cuyos principales clientes son empresas; y<\/li>\n<li>instituciones educativas y asociaciones comerciales.<\/li>\n<\/ul>\n<p>Estas organizaciones pueden enlazar con nuestra p\u00e1gina de inicio, con publicaciones o con otra informaci\u00f3n del sitio web siempre que el enlace (a) no sea en modo alguno enga\u00f1oso; (b) no implique falsamente el patrocinio, el respaldo o la aprobaci\u00f3n de la parte enlazada y sus productos o servicios; y (c) se ajuste al contexto del sitio de la parte enlazada. Si usted se encuentra entre las organizaciones enumeradas en el apartado 2 anterior y est\u00e1 interesado en establecer un enlace con nuestro sitio web, debe notific\u00e1rnoslo enviando un correo electr\u00f3nico a <a title=\"env\u00ede un correo electr\u00f3nico a team@projectgo.pro\" href=\"mailto:team@projectgo.pro\">team@projectgo.pro<\/a>.<\/p>\n<p>Por favor, incluya su nombre, el nombre de su organizaci\u00f3n, la informaci\u00f3n de contacto (como un n\u00famero de tel\u00e9fono y\/o direcci\u00f3n de correo electr\u00f3nico) as\u00ed como la URL de su sitio, una lista de las URL desde las que pretende enlazar con nuestro sitio web y una lista de las URL de nuestro sitio a las que le gustar\u00eda enlazar. Espere 2-3 semanas para recibir una respuesta. Las organizaciones aprobadas pueden establecer hiperv\u00ednculos con nuestro sitio web de la siguiente manera:<\/p>\n<ul>\n<li>Mediante el uso de nuestro nombre corporativo; o<\/li>\n<li>Mediante el uso del localizador uniforme de recursos (direcci\u00f3n web) al que se enlaza; o<\/li>\n<li>Mediante el uso de cualquier otra descripci\u00f3n de nuestro sitio web o del material enlazado que tenga sentido dentro del<br \/>\nel contexto y el formato del contenido del sitio de la parte enlazada.<\/li>\n<\/ul>\n<h2><strong>Reserva de derechos<\/strong><\/h2>\n<p>Nos reservamos el derecho, en cualquier momento y a su entera discreci\u00f3n, de solicitarle que elimine todos los enlaces o cualquier enlace concreto a nuestro sitio web. Usted se compromete a eliminar inmediatamente todos los enlaces a nuestro sitio web cuando se le solicite. Tambi\u00e9n nos reservamos el derecho a modificar estas condiciones y su pol\u00edtica de enlaces en cualquier momento. Al continuar con el enlace a nuestro sitio web, usted acepta estar obligado a cumplir con estos t\u00e9rminos y condiciones de enlace.<\/p>\n<h2><strong>Eliminaci\u00f3n de enlaces de nuestro sitio web<\/strong><\/h2>\n<p>Si considera que alg\u00fan enlace de nuestro sitio web o de cualquier sitio web enlazado es objetable por cualquier motivo, puede ponerse en contacto con nosotros al respecto. Estudiaremos las solicitudes de eliminaci\u00f3n de enlaces, pero no tendremos ninguna obligaci\u00f3n de hacerlo ni de responderle directamente. Aunque nos esforzamos por asegurar que la informaci\u00f3n de este sitio web es correcta, no garantizamos su integridad o exactitud; tampoco nos comprometemos a asegurar que el sitio web siga estando disponible o que el material del sitio web se mantenga actualizado.<\/p>\n<h2><strong>Responsabilidad por el contenido<\/strong><\/h2>\n<p>No tendremos ninguna responsabilidad por el contenido que aparezca en su sitio web. Usted se compromete a indemnizarnos y a defendernos contra todas las reclamaciones que surjan de su sitio web o que se basen en \u00e9l. No podr\u00e1 aparecer ning\u00fan enlace en ninguna p\u00e1gina de su sitio web ni en ning\u00fan contexto que contenga contenidos o materiales que puedan interpretarse como difamatorios, obscenos o delictivos, o que infrinjan, violen de otro modo o propugnen la infracci\u00f3n u otra violaci\u00f3n de derechos de terceros.<\/p>\n<h2><strong>Descargo de responsabilidad<\/strong><\/h2>\n<p>En la medida m\u00e1xima permitida por la ley aplicable, excluimos todas las representaciones, garant\u00edas y condiciones relacionadas con nuestro sitio web y el uso de este sitio web (incluyendo, sin limitaci\u00f3n, cualquier garant\u00eda impl\u00edcita por la ley con respecto a la calidad satisfactoria, la idoneidad para el prop\u00f3sito y \/ o el uso de cuidado y habilidad razonables). Nada de lo dispuesto en esta cl\u00e1usula de exenci\u00f3n de responsabilidad:<\/p>\n<ul>\n<li>limitar o excluir nuestra responsabilidad o la suya en caso de muerte o da\u00f1os personales resultantes de una negligencia;<\/li>\n<li>limitar o excluir nuestra responsabilidad o la suya en caso de fraude o tergiversaci\u00f3n fraudulenta;<\/li>\n<li>limitar cualquiera de nuestras responsabilidades o las suyas de cualquier manera que no est\u00e9 permitida por la legislaci\u00f3n aplicable; o<\/li>\n<li>excluir cualquiera de nuestras responsabilidades o de las suyas que no puedan ser excluidas en virtud de la legislaci\u00f3n aplicable.<\/li>\n<\/ul>\n<p>Las limitaciones y exclusiones de responsabilidad establecidas en esta secci\u00f3n y en otras partes de esta cl\u00e1usula de exenci\u00f3n de responsabilidad: (a) est\u00e1n sujetas al p\u00e1rrafo anterior; y (b) rigen todas las responsabilidades que surjan en virtud de la cl\u00e1usula de exenci\u00f3n de responsabilidad o en relaci\u00f3n con el objeto de esta cl\u00e1usula de exenci\u00f3n de responsabilidad, incluidas las responsabilidades contractuales, extracontractuales (incluida la negligencia) y por incumplimiento de obligaciones legales. En la medida en que el sitio web y la informaci\u00f3n y los servicios que contiene se ofrecen de forma gratuita, no seremos responsables de ninguna p\u00e9rdida o da\u00f1o de cualquier naturaleza.<\/p>\n<h2><strong>Descargo de responsabilidad para GoPro, Inc.<\/strong><\/h2>\n<p>GoPro, HERO, Session, Karma y sus respectivos logotipos son marcas comerciales o marcas comerciales registradas de GoPro, Inc. Cualquier menci\u00f3n de GoPro, Inc. tiene fines puramente ilustrativos y educativos. ProjectGo no est\u00e1 asociado con ning\u00fan producto o proveedor mencionado en este sitio web, ni en ninguno de sus productos. Todas las marcas comerciales pertenecen a sus respectivos propietarios.<\/p>\n<h2>Informaci\u00f3n de contacto<\/h2>\n<p>Si tiene alguna pregunta o duda sobre nuestras CG, o si desea ponerse en contacto con nosotros por correo electr\u00f3nico, puede hacerlo en la siguiente direcci\u00f3n: <a href=\"mailto:team@projectgo.pro\" target=\"_new\" rel=\"noopener\">team@projectgo.pro<\/a><\/p>\n<p>Tambi\u00e9n puede llamar a nuestro servicio de asistencia en horario de oficina (hora del Pac\u00edfico de EE.UU.): +1 689 2058467<\/p>\n<p>Si desea ponerse en contacto con nosotros por correo, puede hacerlo en la siguiente direcci\u00f3n:<\/p>\n<p><strong>ProyectoGO<\/strong><br \/>\n7345 W Sand Lake Rd.<br \/>\nOrlando, Florida 32819<br \/>\nEstados Unidos<\/p>\n<p><strong>Nota:<\/strong> No aceptaremos ninguna entrega si no nos informa previamente por correo electr\u00f3nico.<\/p>","protected":false},"excerpt":{"rendered":"<p>These terms and conditions outline the rules and regulations for the use of ProjectGo&#8216;s website. By accessing this website we assume you accept these terms&#8230;<\/p>","protected":false},"author":519,"featured_media":0,"parent":0,"menu_order":0,"comment_status":"closed","ping_status":"closed","template":"","meta":{"tpgb_global_settings":"","_et_pb_use_builder":"off","_et_pb_old_content":"","_et_gb_content_width":"","_lmt_disableupdate":"","_lmt_disable":"","footnotes":""},"categories":[],"tags":[],"class_list":["post-13888","page","type-page","status-publish","hentry"],"yoast_head":"<!-- This site is optimized with the Yoast SEO Premium plugin v23.6 (Yoast SEO v27.3) - https:\/\/yoast.com\/product\/yoast-seo-premium-wordpress\/ -->\n<title>Terms and Conditions &#187; ProjectGO<\/title>\n<meta name=\"description\" content=\"For rules and regulations regarding the use of our website (cookies, hyperlinking, commenting) please read our terms and conditions page.\" \/>\n<meta name=\"robots\" content=\"index, follow, max-snippet:-1, max-image-preview:large, max-video-preview:-1\" \/>\n<link rel=\"canonical\" href=\"https:\/\/projectgo.pro\/es\/terminos-y-condiciones\/\" \/>\n<meta property=\"og:locale\" content=\"es_ES\" \/>\n<meta property=\"og:type\" content=\"article\" \/>\n<meta property=\"og:title\" content=\"Terms and Conditions\" \/>\n<meta property=\"og:description\" content=\"For rules and regulations regarding the use of our website (cookies, hyperlinking, commenting) please read our terms and conditions page.\" \/>\n<meta property=\"og:url\" content=\"https:\/\/projectgo.pro\/es\/terminos-y-condiciones\/\" \/>\n<meta property=\"og:site_name\" content=\"ProjectGO\" \/>\n<meta property=\"article:publisher\" content=\"https:\/\/www.facebook.com\/pages\/ProjectGoPro\/1424889017736927\" \/>\n<meta property=\"article:modified_time\" content=\"2023-12-16T16:40:33+00:00\" \/>\n<meta name=\"twitter:card\" content=\"summary_large_image\" \/>\n<meta name=\"twitter:label1\" content=\"Tiempo de lectura\" \/>\n\t<meta name=\"twitter:data1\" content=\"9 minutos\" \/>\n<script type=\"application\/ld+json\" class=\"yoast-schema-graph\">{\"@context\":\"https:\\\/\\\/schema.org\",\"@graph\":[{\"@type\":\"WebPage\",\"@id\":\"https:\\\/\\\/projectgo.pro\\\/terms-and-conditions\\\/\",\"url\":\"https:\\\/\\\/projectgo.pro\\\/terms-and-conditions\\\/\",\"name\":\"Terms and Conditions &#187; ProjectGO\",\"isPartOf\":{\"@id\":\"https:\\\/\\\/projectgo.pro\\\/#website\"},\"datePublished\":\"2018-12-14T13:40:36+00:00\",\"dateModified\":\"2023-12-16T16:40:33+00:00\",\"description\":\"For rules and regulations regarding the use of our website (cookies, hyperlinking, commenting) please read our terms and conditions page.\",\"inLanguage\":\"es\",\"potentialAction\":[{\"@type\":\"ReadAction\",\"target\":[\"https:\\\/\\\/projectgo.pro\\\/terms-and-conditions\\\/\"]}]},{\"@type\":\"WebSite\",\"@id\":\"https:\\\/\\\/projectgo.pro\\\/#website\",\"url\":\"https:\\\/\\\/projectgo.pro\\\/\",\"name\":\"ProjectGO\",\"description\":\"Action Camera Guides &amp; Gear Reviews for Creators\",\"publisher\":{\"@id\":\"https:\\\/\\\/projectgo.pro\\\/#organization\"},\"potentialAction\":[{\"@type\":\"SearchAction\",\"target\":{\"@type\":\"EntryPoint\",\"urlTemplate\":\"https:\\\/\\\/projectgo.pro\\\/?s={search_term_string}\"},\"query-input\":{\"@type\":\"PropertyValueSpecification\",\"valueRequired\":true,\"valueName\":\"search_term_string\"}}],\"inLanguage\":\"es\"},{\"@type\":\"Organization\",\"@id\":\"https:\\\/\\\/projectgo.pro\\\/#organization\",\"name\":\"ProjectGO\",\"url\":\"https:\\\/\\\/projectgo.pro\\\/\",\"logo\":{\"@type\":\"ImageObject\",\"inLanguage\":\"es\",\"@id\":\"https:\\\/\\\/projectgo.pro\\\/#\\\/schema\\\/logo\\\/image\\\/\",\"url\":\"https:\\\/\\\/projectgo.pro\\\/wp-content\\\/uploads\\\/2023\\\/10\\\/ProjectGO-favicon.png\",\"contentUrl\":\"https:\\\/\\\/projectgo.pro\\\/wp-content\\\/uploads\\\/2023\\\/10\\\/ProjectGO-favicon.png\",\"width\":513,\"height\":512,\"caption\":\"ProjectGO\"},\"image\":{\"@id\":\"https:\\\/\\\/projectgo.pro\\\/#\\\/schema\\\/logo\\\/image\\\/\"},\"sameAs\":[\"https:\\\/\\\/www.facebook.com\\\/pages\\\/ProjectGoPro\\\/1424889017736927\",\"https:\\\/\\\/www.youtube.com\\\/channel\\\/UCa7KT9TjfpHE0Tcgy727RNg\"]}]}<\/script>\n<!-- \/ Yoast SEO Premium plugin. -->","yoast_head_json":{"title":"Condiciones generales \" ProjectGO","description":"Para conocer las normas y reglamentos relativos al uso de nuestro sitio web (cookies, hiperv\u00ednculos, comentarios), lea nuestra p\u00e1gina de t\u00e9rminos y condiciones.","robots":{"index":"index","follow":"follow","max-snippet":"max-snippet:-1","max-image-preview":"max-image-preview:large","max-video-preview":"max-video-preview:-1"},"canonical":"https:\/\/projectgo.pro\/es\/terminos-y-condiciones\/","og_locale":"es_ES","og_type":"article","og_title":"Terms and Conditions","og_description":"For rules and regulations regarding the use of our website (cookies, hyperlinking, commenting) please read our terms and conditions page.","og_url":"https:\/\/projectgo.pro\/es\/terminos-y-condiciones\/","og_site_name":"ProjectGO","article_publisher":"https:\/\/www.facebook.com\/pages\/ProjectGoPro\/1424889017736927","article_modified_time":"2023-12-16T16:40:33+00:00","twitter_card":"summary_large_image","twitter_misc":{"Tiempo de lectura":"9 minutos"},"schema":{"@context":"https:\/\/schema.org","@graph":[{"@type":"WebPage","@id":"https:\/\/projectgo.pro\/terms-and-conditions\/","url":"https:\/\/projectgo.pro\/terms-and-conditions\/","name":"Condiciones generales \" ProjectGO","isPartOf":{"@id":"https:\/\/projectgo.pro\/#website"},"datePublished":"2018-12-14T13:40:36+00:00","dateModified":"2023-12-16T16:40:33+00:00","description":"Para conocer las normas y reglamentos relativos al uso de nuestro sitio web (cookies, hiperv\u00ednculos, comentarios), lea nuestra p\u00e1gina de t\u00e9rminos y condiciones.","inLanguage":"es","potentialAction":[{"@type":"ReadAction","target":["https:\/\/projectgo.pro\/terms-and-conditions\/"]}]},{"@type":"WebSite","@id":"https:\/\/projectgo.pro\/#website","url":"https:\/\/projectgo.pro\/","name":"ProyectoGO","description":"Gu\u00edas de c\u00e1maras de acci\u00f3n y rese\u00f1as de equipos para creadores","publisher":{"@id":"https:\/\/projectgo.pro\/#organization"},"potentialAction":[{"@type":"SearchAction","target":{"@type":"EntryPoint","urlTemplate":"https:\/\/projectgo.pro\/?s={search_term_string}"},"query-input":{"@type":"PropertyValueSpecification","valueRequired":true,"valueName":"search_term_string"}}],"inLanguage":"es"},{"@type":"Organization","@id":"https:\/\/projectgo.pro\/#organization","name":"ProyectoGO","url":"https:\/\/projectgo.pro\/","logo":{"@type":"ImageObject","inLanguage":"es","@id":"https:\/\/projectgo.pro\/#\/schema\/logo\/image\/","url":"https:\/\/projectgo.pro\/wp-content\/uploads\/2023\/10\/ProjectGO-favicon.png","contentUrl":"https:\/\/projectgo.pro\/wp-content\/uploads\/2023\/10\/ProjectGO-favicon.png","width":513,"height":512,"caption":"ProjectGO"},"image":{"@id":"https:\/\/projectgo.pro\/#\/schema\/logo\/image\/"},"sameAs":["https:\/\/www.facebook.com\/pages\/ProjectGoPro\/1424889017736927","https:\/\/www.youtube.com\/channel\/UCa7KT9TjfpHE0Tcgy727RNg"]}]}},"tpgb_featured_images":null,"tpgb_post_meta_info":{"get_date":"diciembre 16, 2023","get_modified_date":"diciembre 16, 2023","category_list":{"category":false,"post_tag":false},"author_name":"Andy Magri","author_url":"https:\/\/projectgo.pro\/es\/author\/andy-magri\/","author_email":"projectgopromail@gmail.com","author_website":"http:\/\/projectgo.pro","author_description":"I\u2019m Andy Magri, an Italian filmmaker and content creator. After graduating from University, I set off to explore the world while creating guides and reviews featuring the video gear I love and use the most. With the help of my awesome team, we share tips and reviews about GoPro, Insta360, DJI, smartphone cameras, drones, editing software and anything around action video-making. I hope my guides not only help you find the perfect camera equipment, but also inspire you to get out there and create! Since publishing my first tutorial on ProjectGO, seven years ago, our content has helped over 2M creators worldwide. Start by downloading the <a href=\"http:\/\/projectgo.pro\/\">FREE GoPro Settings Cheat Sheet.","author_facebook":"","author_twitter":"","author_instagram":"","author_role":["administrator"],"author_firstname":"Andy","author_lastname":"Magri","user_login":"andy-magri","author_avatar":"<img alt='' src='https:\/\/secure.gravatar.com\/avatar\/ecb40f3aef4515d91d6060803d92cea39ca50d0051a359a9068f99661051e95e?s=200&#038;d=mm&#038;r=g' srcset='https:\/\/secure.gravatar.com\/avatar\/ecb40f3aef4515d91d6060803d92cea39ca50d0051a359a9068f99661051e95e?s=400&#038;d=mm&#038;r=g 2x' class='avatar avatar-200 photo' height='200' width='200' decoding='async'\/>","author_avatar_url":"https:\/\/secure.gravatar.com\/avatar\/ecb40f3aef4515d91d6060803d92cea39ca50d0051a359a9068f99661051e95e?s=96&d=mm&r=g","comment_count":0,"post_likes":0,"post_views":0},"tpgb_post_category":[],"amp_enabled":true,"_links":{"self":[{"href":"https:\/\/projectgo.pro\/es\/wp-json\/wp\/v2\/pages\/13888","targetHints":{"allow":["GET"]}}],"collection":[{"href":"https:\/\/projectgo.pro\/es\/wp-json\/wp\/v2\/pages"}],"about":[{"href":"https:\/\/projectgo.pro\/es\/wp-json\/wp\/v2\/types\/page"}],"author":[{"embeddable":true,"href":"https:\/\/projectgo.pro\/es\/wp-json\/wp\/v2\/users\/519"}],"replies":[{"embeddable":true,"href":"https:\/\/projectgo.pro\/es\/wp-json\/wp\/v2\/comments?post=13888"}],"version-history":[{"count":0,"href":"https:\/\/projectgo.pro\/es\/wp-json\/wp\/v2\/pages\/13888\/revisions"}],"wp:attachment":[{"href":"https:\/\/projectgo.pro\/es\/wp-json\/wp\/v2\/media?parent=13888"}],"wp:term":[{"taxonomy":"category","embeddable":true,"href":"https:\/\/projectgo.pro\/es\/wp-json\/wp\/v2\/categories?post=13888"},{"taxonomy":"post_tag","embeddable":true,"href":"https:\/\/projectgo.pro\/es\/wp-json\/wp\/v2\/tags?post=13888"}],"curies":[{"name":"wp","href":"https:\/\/api.w.org\/{rel}","templated":true}]}}