{"id":9508,"date":"2015-02-06T20:10:07","date_gmt":"2015-02-07T04:10:07","guid":{"rendered":"http:\/\/projectgo.pro\/privacy-policy\/"},"modified":"2023-12-16T08:40:40","modified_gmt":"2023-12-16T16:40:40","slug":"privacy-policy","status":"publish","type":"page","link":"https:\/\/projectgo.pro\/de\/datenschutz-bestimmungen\/","title":{"rendered":"Datenschutzrichtlinien"},"content":{"rendered":"<p>Diese Datenschutzrichtlinie wurde zusammengestellt, um diejenigen besser zu bedienen, die sich damit befassen, wie ihre \u201epers\u00f6nlich identifizierbaren Informationen\u201c (PII) online verwendet werden. PII, wie sie im US-Datenschutzrecht und der Informationssicherheit verwendet werden, sind Informationen, die allein oder zusammen mit anderen Informationen verwendet werden k\u00f6nnen, um eine einzelne Person zu identifizieren, zu kontaktieren oder zu lokalisieren oder um eine Person im Zusammenhang zu identifizieren. Bitte lesen Sie unsere Datenschutzrichtlinie sorgf\u00e4ltig durch, um ein klares Verst\u00e4ndnis dar\u00fcber zu erhalten, wie wir Ihre personenbezogenen Daten gem\u00e4\u00df unserer Website erfassen, verwenden, sch\u00fctzen oder anderweitig handhaben.<\/p>\n<p>Um mehr \u00fcber ProjectGO zu erfahren, besuchen Sie bitte unsere <a href=\"https:\/\/projectgo.pro\/about\/\">\u00dcber die Seite<\/a>.<\/p>\n<p>F\u00fcr die Bedingungen und Konditionen besuchen Sie <a href=\"https:\/\/projectgo.pro\/terms-and-conditions\/\">diese Seite<\/a>.<\/p>\n<h2><strong>Welche personenbezogenen Daten erfassen wir von Personen, die unseren Blog, unsere Website oder unsere App besuchen?<\/strong><\/h2>\n<p>Bei der Nutzung unserer Website werden Sie gegebenenfalls aufgefordert, Ihren Namen, Ihre E-Mail-Adresse oder andere Details einzugeben, um Ihnen bei Ihrer Erfahrung zu helfen.<\/p>\n<h2><strong>Wie verwenden wir Ihre Informationen?<\/strong><\/h2>\n<p>Wir k\u00f6nnen die Informationen, die wir von Ihnen sammeln, wenn Sie sich registrieren, einen Kauf t\u00e4tigen, sich f\u00fcr unseren Newsletter anmelden, den Inhalt freischalten, auf eine Umfrage oder Marketingkommunikation antworten, auf der Website surfen oder bestimmte andere Website-Funktionen auf folgende Weise nutzen:<\/p>\n<ul>\n<li>Um die Benutzererfahrung zu personalisieren und uns zu erm\u00f6glichen, die Art von Inhalten und Produktangeboten bereitzustellen, an denen Sie am meisten interessiert sind<\/li>\n<li>Um unsere Website zu verbessern, um Ihnen einen besseren Service zu bieten.<\/li>\n<li>Damit wir Sie bei der Beantwortung Ihrer Kundendienstanfragen besser bedienen k\u00f6nnen.<\/li>\n<li>Um einen Wettbewerb, eine Werbeaktion, eine Umfrage oder eine andere Website-Funktion zu verwalten.<\/li>\n<li>Um regelm\u00e4\u00dfig E-Mails bez\u00fcglich Ihrer Bestellung oder anderer Produkte und Dienstleistungen zu senden.<\/li>\n<\/ul>\n<h2><strong>Verwenden wir \u201eCookies\u201c?<\/strong><\/h2>\n<p>Ja. Cookies sind kleine Dateien, die eine Website oder ihr Dienstanbieter \u00fcber Ihren Webbrowser auf die Festplatte Ihres Computers \u00fcbertr\u00e4gt (sofern Sie dies zulassen), damit die Systeme der Website oder des Dienstanbieters Ihren Browser erkennen und bestimmte Informationen erfassen und speichern k\u00f6nnen. Beispielsweise verwenden wir Cookies, die uns dabei helfen, die Artikel in Ihrem Einkaufswagen zu speichern und zu verarbeiten. Sie werden auch verwendet, um uns zu helfen, Ihre Pr\u00e4ferenzen auf der Grundlage fr\u00fcherer oder aktueller Website-Aktivit\u00e4ten zu verstehen, wodurch wir Ihnen verbesserte Dienste anbieten k\u00f6nnen. Wir verwenden Cookies auch, um aggregierte Daten \u00fcber den Website-Verkehr und die Website-Interaktion zusammenzustellen, damit wir in Zukunft bessere Website-Erlebnisse und Tools anbieten k\u00f6nnen.<\/p>\n<p>Wir verwenden Cookies, um:<\/p>\n<ul>\n<li>Benutzereinstellungen verstehen und f\u00fcr zuk\u00fcnftige Besuche speichern.<\/li>\n<li>Merken Sie sich die Benutzer, die den Zugriff auf Premium-Inhalte freigeschaltet haben.<\/li>\n<\/ul>\n<p>Wenn Sie Cookies deaktivieren, werden einige Funktionen deaktiviert. Dies wird die Benutzererfahrung beeintr\u00e4chtigen und einige unserer Dienste werden nicht richtig funktionieren.<\/p>\n<h2><strong>Offenlegung durch Dritte<\/strong><\/h2>\n<p>Wir verkaufen, tauschen oder \u00fcbertragen Ihre personenbezogenen Daten nicht an Dritte, es sei denn, wir benachrichtigen Sie im Voraus. Dies gilt nicht f\u00fcr Website-Hosting-Partner und andere Parteien, die uns beim Betrieb unserer Website, der Durchf\u00fchrung unserer Gesch\u00e4fte oder der Betreuung Ihrer Person unterst\u00fctzen, solange diese Parteien zustimmen, diese Informationen vertraulich zu behandeln. Wir k\u00f6nnen Ihre Informationen auch freigeben, wenn wir der Meinung sind, dass die Freigabe angemessen ist, um Gesetze einzuhalten, unsere Website-Richtlinien durchzusetzen oder unsere Rechte, unser Eigentum oder unsere Sicherheit oder die anderer zu sch\u00fctzen.<\/p>\n<p>Nicht pers\u00f6nlich identifizierbare Besucherinformationen k\u00f6nnen jedoch anderen Parteien f\u00fcr Marketing, Werbung oder andere Zwecke zur Verf\u00fcgung gestellt werden.<\/p>\n<h2><strong>Links von Drittanbietern<\/strong><\/h2>\n<p>Gelegentlich k\u00f6nnen wir nach eigenem Ermessen Produkte oder Dienstleistungen Dritter auf unserer Website einschlie\u00dfen oder anbieten. Diese Websites von Drittanbietern haben separate und unabh\u00e4ngige Datenschutzrichtlinien. Wir \u00fcbernehmen daher keine Verantwortung oder Haftung f\u00fcr die Inhalte und Aktivit\u00e4ten dieser verlinkten Seiten. Nichtsdestotrotz bem\u00fchen wir uns, die Integrit\u00e4t unserer Website zu sch\u00fctzen, und freuen uns \u00fcber jedes Feedback zu diesen Websites.<\/p>\n<h2>Mediavine Programmatische Werbung (Ver 1.1)<\/h2>\n<p>Die Website arbeitet mit Mediavine zusammen, um die auf der Website erscheinende interessenbezogene Werbung Dritter zu verwalten. Mediavine zeigt Inhalte und Werbung an, wenn Sie die Website besuchen, wobei Cookies von Erstanbietern und Drittanbietern verwendet werden k\u00f6nnen. Ein Cookie ist eine kleine Textdatei, die vom Webserver an Ihren Computer oder Ihr mobiles Ger\u00e4t (in dieser Richtlinie als \"Ger\u00e4t\" bezeichnet) gesendet wird, damit sich eine Website einige Informationen \u00fcber Ihre Surfaktivit\u00e4ten auf der Website merken kann.<\/p>\n<p>Cookies von Erstanbietern werden von der Website erstellt, die Sie besuchen. Ein Drittanbieter-Cookie wird h\u00e4ufig f\u00fcr verhaltensorientierte Werbung und Analysen verwendet und wird von einer anderen Domain als der von Ihnen besuchten Website erstellt. Drittanbieter-Cookies, Tags, Pixel, Beacons und andere \u00e4hnliche Technologien (zusammenfassend \"Tags\") k\u00f6nnen auf der Website platziert werden, um die Interaktion mit Werbeinhalten zu \u00fcberwachen und die Werbung gezielt zu optimieren. Jeder Internetbrowser verf\u00fcgt \u00fcber Funktionen, mit denen Sie sowohl Cookies von Erstanbietern als auch von Drittanbietern blockieren und den Cache Ihres Browsers l\u00f6schen k\u00f6nnen. Die \"Hilfe\"-Funktion in der Men\u00fcleiste der meisten Browser informiert Sie dar\u00fcber, wie Sie die Annahme neuer Cookies verhindern, wie Sie \u00fcber neue Cookies benachrichtigt werden, wie Sie bestehende Cookies deaktivieren und wie Sie den Cache Ihres Browsers l\u00f6schen k\u00f6nnen. Weitere Informationen \u00fcber Cookies und deren Deaktivierung finden Sie auf der Website <a href=\"https:\/\/www.allaboutcookies.org\/manage-cookies\/\" target=\"_blank\" rel=\"noreferrer noopener nofollow\">Alles \u00fcber Cookies<\/a>.<\/p>\n<p>Ohne Cookies k\u00f6nnen Sie die Inhalte und Funktionen der Website m\u00f6glicherweise nicht in vollem Umfang nutzen. Bitte beachten Sie, dass die Ablehnung von Cookies nicht bedeutet, dass Sie keine Werbung mehr sehen, wenn Sie unsere Website besuchen. Falls Sie sich dagegen entscheiden, werden Sie weiterhin nicht personalisierte Werbung auf der Website sehen.<\/p>\n<p>Die Website sammelt die folgenden Daten mithilfe eines Cookies, wenn sie personalisierte Werbung schaltet:<\/p>\n<ul>\n<li>IP-Adresse<\/li>\n<li>Typ des Betriebssystems<\/li>\n<li>Version des Betriebssystems<\/li>\n<li>Ger\u00e4tetyp<\/li>\n<li>Sprache der Website<\/li>\n<li>Webbrowser-Typ<\/li>\n<li>E-Mail (in gehashter Form)<\/li>\n<\/ul>\n<p>Mediavine-Partner (unten aufgef\u00fchrte Unternehmen, mit denen Mediavine Daten teilt) k\u00f6nnen diese Daten auch verwenden, um sie mit anderen Endnutzerdaten zu verkn\u00fcpfen, die der Partner unabh\u00e4ngig gesammelt hat, um gezielte Werbung zu liefern. Mediavine-Partner k\u00f6nnen auch separat Daten \u00fcber Endnutzer aus anderen Quellen sammeln, wie z. B. Werbe-IDs oder Pixel, und diese Daten mit Daten verkn\u00fcpfen, die von Mediavine-Publishern gesammelt wurden, um interessenbasierte Werbung \u00fcber Ihr gesamtes Online-Erlebnis zu liefern, einschlie\u00dflich Ger\u00e4ten, Browsern und Apps. Zu diesen Daten geh\u00f6ren Nutzungsdaten, Cookie-Informationen, Ger\u00e4teinformationen, Informationen \u00fcber Interaktionen zwischen Nutzern und Werbung und Websites, Geolokalisierungsdaten, Verkehrsdaten und Informationen \u00fcber die Verweisquelle eines Besuchers auf eine bestimmte Website. Mediavine Partners kann auch eindeutige IDs erstellen, um Zielgruppensegmente zu bilden, die zur Bereitstellung gezielter Werbung verwendet werden.<\/p>\n<p>Wenn Sie weitere Informationen \u00fcber diese Praxis w\u00fcnschen und wissen m\u00f6chten, welche M\u00f6glichkeiten Sie haben, sich f\u00fcr oder gegen diese Datenerfassung zu entscheiden, besuchen Sie bitte <a href=\"https:\/\/thenai.org\/opt-out\/\" target=\"_blank\" rel=\"noreferrer noopener nofollow\">Nationale Werbeinitiative: Opt-out-Seite<\/a>. Sie k\u00f6nnen auch besuchen <a href=\"http:\/\/optout.aboutads.info\/#\/\" target=\"_blank\" rel=\"noreferrer noopener nofollow\">Website der Digitalen Werbeallianz<\/a> und <a href=\"http:\/\/optout.networkadvertising.org\/#\" target=\"_blank\" rel=\"noreferrer noopener nofollow\">Website der Initiative f\u00fcr Netzwerkwerbung<\/a> um weitere Informationen \u00fcber interessenbezogene Werbung zu erhalten. Sie k\u00f6nnen die AppChoices-App herunterladen unter <a href=\"https:\/\/youradchoices.com\/appchoices\" target=\"_blank\" rel=\"noreferrer noopener nofollow\">Die AppChoices-App der Digital Advertising Alliance<\/a> um sich in Verbindung mit mobilen Anwendungen abzumelden, oder verwenden Sie die Plattformsteuerung auf Ihrem mobilen Ger\u00e4t, um sich abzumelden.<\/p>\n<p>Spezifische Informationen \u00fcber Mediavine Partners, die von ihnen erfassten Daten und ihre Richtlinien zur Datenerfassung und zum Datenschutz finden Sie unter <a href=\"https:\/\/www.mediavine.com\/ad-partners\/\" target=\"_blank\" rel=\"noreferrer noopener nofollow\">Mediavine Partner<\/a>.<\/p>\n<p>Wenn Sie Fragen zu dieser Datenschutzrichtlinie haben, k\u00f6nnen Sie uns kontaktieren.<\/p>\n<h2>Kontakt Informationen<\/h2>\n<p>Wenn Sie Fragen oder Bedenken bez\u00fcglich dieser Datenschutzrichtlinie haben, k\u00f6nnen Sie uns eine E-Mail an folgende Adresse senden: <a href=\"mailto:team@projectgo.pro\" target=\"_new\" rel=\"noopener\">team@projectgo.pro<\/a><\/p>\n<p>Alternativ k\u00f6nnen Sie unseren Support w\u00e4hrend der B\u00fcrozeiten (US Pacific Time) anrufen: +1 689 2058467<\/p>\n<p>Wenn Sie uns auf dem Postweg kontaktieren m\u00f6chten, k\u00f6nnen Sie uns unter folgender Adresse erreichen:<\/p>\n<p><strong>ProjektGO<\/strong><br \/>\n7345 W Sand Lake Rd.<br \/>\nOrlando, Florida 32819<br \/>\nVereinigte Staaten<\/p>\n<p><strong>Hinweis:<\/strong> Wir nehmen keine Lieferungen an, wenn Sie uns nicht im Voraus per E-Mail informieren.<\/p>","protected":false},"excerpt":{"rendered":"<p>This privacy policy has been compiled to better serve those who are concerned with how their &#8216;Personally identifiable information&#8217; (PII) is being used online. PII,&#8230;<\/p>","protected":false},"author":519,"featured_media":0,"parent":0,"menu_order":0,"comment_status":"open","ping_status":"closed","template":"","meta":{"tpgb_global_settings":"","_et_pb_use_builder":"off","_et_pb_old_content":"","_et_gb_content_width":"","_lmt_disableupdate":"","_lmt_disable":"","footnotes":""},"categories":[],"tags":[],"class_list":["post-9508","page","type-page","status-publish","hentry"],"yoast_head":"<!-- This site is optimized with the Yoast SEO Premium plugin v23.6 (Yoast SEO v27.3) - https:\/\/yoast.com\/product\/yoast-seo-premium-wordpress\/ -->\n<title>Privacy Policy &#187; ProjectGO<\/title>\n<meta name=\"description\" content=\"We recommend all readers visit our privacy policy to learn more about how visitor data and personal information is handled.\" \/>\n<meta name=\"robots\" content=\"index, follow, max-snippet:-1, max-image-preview:large, max-video-preview:-1\" \/>\n<link rel=\"canonical\" href=\"https:\/\/projectgo.pro\/de\/datenschutz-bestimmungen\/\" \/>\n<meta property=\"og:locale\" content=\"de_DE\" \/>\n<meta property=\"og:type\" content=\"article\" \/>\n<meta property=\"og:title\" content=\"Privacy Policy\" \/>\n<meta property=\"og:description\" content=\"We recommend all readers visit our privacy policy to learn more about how visitor data and personal information is handled.\" \/>\n<meta property=\"og:url\" content=\"https:\/\/projectgo.pro\/de\/datenschutz-bestimmungen\/\" \/>\n<meta property=\"og:site_name\" content=\"ProjectGO\" \/>\n<meta property=\"article:publisher\" content=\"https:\/\/www.facebook.com\/pages\/ProjectGoPro\/1424889017736927\" \/>\n<meta property=\"article:modified_time\" content=\"2023-12-16T16:40:40+00:00\" \/>\n<meta name=\"twitter:card\" content=\"summary_large_image\" \/>\n<meta name=\"twitter:label1\" content=\"Gesch\u00e4tzte Lesezeit\" \/>\n\t<meta name=\"twitter:data1\" content=\"6\u00a0Minuten\" \/>\n<script type=\"application\/ld+json\" class=\"yoast-schema-graph\">{\"@context\":\"https:\\\/\\\/schema.org\",\"@graph\":[{\"@type\":\"WebPage\",\"@id\":\"https:\\\/\\\/projectgo.pro\\\/privacy-policy\\\/\",\"url\":\"https:\\\/\\\/projectgo.pro\\\/privacy-policy\\\/\",\"name\":\"Privacy Policy &#187; ProjectGO\",\"isPartOf\":{\"@id\":\"https:\\\/\\\/projectgo.pro\\\/#website\"},\"datePublished\":\"2015-02-07T04:10:07+00:00\",\"dateModified\":\"2023-12-16T16:40:40+00:00\",\"description\":\"We recommend all readers visit our privacy policy to learn more about how visitor data and personal information is handled.\",\"inLanguage\":\"de\",\"potentialAction\":[{\"@type\":\"ReadAction\",\"target\":[\"https:\\\/\\\/projectgo.pro\\\/privacy-policy\\\/\"]}]},{\"@type\":\"WebSite\",\"@id\":\"https:\\\/\\\/projectgo.pro\\\/#website\",\"url\":\"https:\\\/\\\/projectgo.pro\\\/\",\"name\":\"ProjectGO\",\"description\":\"Action Camera Guides &amp; Gear Reviews for Creators\",\"publisher\":{\"@id\":\"https:\\\/\\\/projectgo.pro\\\/#organization\"},\"potentialAction\":[{\"@type\":\"SearchAction\",\"target\":{\"@type\":\"EntryPoint\",\"urlTemplate\":\"https:\\\/\\\/projectgo.pro\\\/?s={search_term_string}\"},\"query-input\":{\"@type\":\"PropertyValueSpecification\",\"valueRequired\":true,\"valueName\":\"search_term_string\"}}],\"inLanguage\":\"de\"},{\"@type\":\"Organization\",\"@id\":\"https:\\\/\\\/projectgo.pro\\\/#organization\",\"name\":\"ProjectGO\",\"url\":\"https:\\\/\\\/projectgo.pro\\\/\",\"logo\":{\"@type\":\"ImageObject\",\"inLanguage\":\"de\",\"@id\":\"https:\\\/\\\/projectgo.pro\\\/#\\\/schema\\\/logo\\\/image\\\/\",\"url\":\"https:\\\/\\\/projectgo.pro\\\/wp-content\\\/uploads\\\/2023\\\/10\\\/ProjectGO-favicon.png\",\"contentUrl\":\"https:\\\/\\\/projectgo.pro\\\/wp-content\\\/uploads\\\/2023\\\/10\\\/ProjectGO-favicon.png\",\"width\":513,\"height\":512,\"caption\":\"ProjectGO\"},\"image\":{\"@id\":\"https:\\\/\\\/projectgo.pro\\\/#\\\/schema\\\/logo\\\/image\\\/\"},\"sameAs\":[\"https:\\\/\\\/www.facebook.com\\\/pages\\\/ProjectGoPro\\\/1424889017736927\",\"https:\\\/\\\/www.youtube.com\\\/channel\\\/UCa7KT9TjfpHE0Tcgy727RNg\"]}]}<\/script>\n<!-- \/ Yoast SEO Premium plugin. -->","yoast_head_json":{"title":"Datenschutzrichtlinie \" ProjectGO","description":"Wir empfehlen allen Lesern, unsere Datenschutzrichtlinie zu besuchen, um mehr dar\u00fcber zu erfahren, wie Besucherdaten und pers\u00f6nliche Informationen behandelt werden.","robots":{"index":"index","follow":"follow","max-snippet":"max-snippet:-1","max-image-preview":"max-image-preview:large","max-video-preview":"max-video-preview:-1"},"canonical":"https:\/\/projectgo.pro\/de\/datenschutz-bestimmungen\/","og_locale":"de_DE","og_type":"article","og_title":"Privacy Policy","og_description":"We recommend all readers visit our privacy policy to learn more about how visitor data and personal information is handled.","og_url":"https:\/\/projectgo.pro\/de\/datenschutz-bestimmungen\/","og_site_name":"ProjectGO","article_publisher":"https:\/\/www.facebook.com\/pages\/ProjectGoPro\/1424889017736927","article_modified_time":"2023-12-16T16:40:40+00:00","twitter_card":"summary_large_image","twitter_misc":{"Gesch\u00e4tzte Lesezeit":"6\u00a0Minuten"},"schema":{"@context":"https:\/\/schema.org","@graph":[{"@type":"WebPage","@id":"https:\/\/projectgo.pro\/privacy-policy\/","url":"https:\/\/projectgo.pro\/privacy-policy\/","name":"Datenschutzrichtlinie \" ProjectGO","isPartOf":{"@id":"https:\/\/projectgo.pro\/#website"},"datePublished":"2015-02-07T04:10:07+00:00","dateModified":"2023-12-16T16:40:40+00:00","description":"Wir empfehlen allen Lesern, unsere Datenschutzrichtlinie zu besuchen, um mehr dar\u00fcber zu erfahren, wie Besucherdaten und pers\u00f6nliche Informationen behandelt werden.","inLanguage":"de","potentialAction":[{"@type":"ReadAction","target":["https:\/\/projectgo.pro\/privacy-policy\/"]}]},{"@type":"WebSite","@id":"https:\/\/projectgo.pro\/#website","url":"https:\/\/projectgo.pro\/","name":"ProjektGO","description":"Action-Kamera-Anleitungen &amp; Testberichte f\u00fcr Kreative","publisher":{"@id":"https:\/\/projectgo.pro\/#organization"},"potentialAction":[{"@type":"SearchAction","target":{"@type":"EntryPoint","urlTemplate":"https:\/\/projectgo.pro\/?s={search_term_string}"},"query-input":{"@type":"PropertyValueSpecification","valueRequired":true,"valueName":"search_term_string"}}],"inLanguage":"de"},{"@type":"Organization","@id":"https:\/\/projectgo.pro\/#organization","name":"ProjektGO","url":"https:\/\/projectgo.pro\/","logo":{"@type":"ImageObject","inLanguage":"de","@id":"https:\/\/projectgo.pro\/#\/schema\/logo\/image\/","url":"https:\/\/projectgo.pro\/wp-content\/uploads\/2023\/10\/ProjectGO-favicon.png","contentUrl":"https:\/\/projectgo.pro\/wp-content\/uploads\/2023\/10\/ProjectGO-favicon.png","width":513,"height":512,"caption":"ProjectGO"},"image":{"@id":"https:\/\/projectgo.pro\/#\/schema\/logo\/image\/"},"sameAs":["https:\/\/www.facebook.com\/pages\/ProjectGoPro\/1424889017736927","https:\/\/www.youtube.com\/channel\/UCa7KT9TjfpHE0Tcgy727RNg"]}]}},"tpgb_featured_images":null,"tpgb_post_meta_info":{"get_date":"Dezember 16, 2023","get_modified_date":"Dezember 16, 2023","category_list":{"category":false,"post_tag":false},"author_name":"Andy Magri","author_url":"https:\/\/projectgo.pro\/de\/author\/andy-magri\/","author_email":"projectgopromail@gmail.com","author_website":"http:\/\/projectgo.pro","author_description":"I\u2019m Andy Magri, an Italian filmmaker and content creator. After graduating from University, I set off to explore the world while creating guides and reviews featuring the video gear I love and use the most. With the help of my awesome team, we share tips and reviews about GoPro, Insta360, DJI, smartphone cameras, drones, editing software and anything around action video-making. I hope my guides not only help you find the perfect camera equipment, but also inspire you to get out there and create! Since publishing my first tutorial on ProjectGO, seven years ago, our content has helped over 2M creators worldwide. Start by downloading the <a href=\"http:\/\/projectgo.pro\/\">FREE GoPro Settings Cheat Sheet.","author_facebook":"","author_twitter":"","author_instagram":"","author_role":["administrator"],"author_firstname":"Andy","author_lastname":"Magri","user_login":"andy-magri","author_avatar":"<img alt='' src='https:\/\/secure.gravatar.com\/avatar\/ecb40f3aef4515d91d6060803d92cea39ca50d0051a359a9068f99661051e95e?s=200&#038;d=mm&#038;r=g' srcset='https:\/\/secure.gravatar.com\/avatar\/ecb40f3aef4515d91d6060803d92cea39ca50d0051a359a9068f99661051e95e?s=400&#038;d=mm&#038;r=g 2x' class='avatar avatar-200 photo' height='200' width='200' decoding='async'\/>","author_avatar_url":"https:\/\/secure.gravatar.com\/avatar\/ecb40f3aef4515d91d6060803d92cea39ca50d0051a359a9068f99661051e95e?s=96&d=mm&r=g","comment_count":16,"post_likes":0,"post_views":0},"tpgb_post_category":[],"amp_enabled":true,"_links":{"self":[{"href":"https:\/\/projectgo.pro\/de\/wp-json\/wp\/v2\/pages\/9508","targetHints":{"allow":["GET"]}}],"collection":[{"href":"https:\/\/projectgo.pro\/de\/wp-json\/wp\/v2\/pages"}],"about":[{"href":"https:\/\/projectgo.pro\/de\/wp-json\/wp\/v2\/types\/page"}],"author":[{"embeddable":true,"href":"https:\/\/projectgo.pro\/de\/wp-json\/wp\/v2\/users\/519"}],"replies":[{"embeddable":true,"href":"https:\/\/projectgo.pro\/de\/wp-json\/wp\/v2\/comments?post=9508"}],"version-history":[{"count":0,"href":"https:\/\/projectgo.pro\/de\/wp-json\/wp\/v2\/pages\/9508\/revisions"}],"wp:attachment":[{"href":"https:\/\/projectgo.pro\/de\/wp-json\/wp\/v2\/media?parent=9508"}],"wp:term":[{"taxonomy":"category","embeddable":true,"href":"https:\/\/projectgo.pro\/de\/wp-json\/wp\/v2\/categories?post=9508"},{"taxonomy":"post_tag","embeddable":true,"href":"https:\/\/projectgo.pro\/de\/wp-json\/wp\/v2\/tags?post=9508"}],"curies":[{"name":"wp","href":"https:\/\/api.w.org\/{rel}","templated":true}]}}