{"id":13888,"date":"2018-12-14T05:40:36","date_gmt":"2018-12-14T13:40:36","guid":{"rendered":"http:\/\/projectgo.pro\/?page_id=13888"},"modified":"2023-12-16T08:40:33","modified_gmt":"2023-12-16T16:40:33","slug":"terms-and-conditions","status":"publish","type":"page","link":"https:\/\/projectgo.pro\/de\/geschaftsbedingungen\/","title":{"rendered":"Bedingungen und Konditionen"},"content":{"rendered":"<p>Diese Bedingungen beschreiben die Regeln und Vorschriften f\u00fcr die Nutzung von <a href=\"https:\/\/projectgo.pro\/about\/\">ProjektGo<\/a>Website. Mit dem Zugriff auf diese Website gehen wir davon aus, dass Sie diese Bedingungen in vollem Umfang akzeptieren. Nutzen Sie die Website von ProjectGo nicht weiter, wenn Sie nicht alle auf dieser Seite genannten Bedingungen akzeptieren.<\/p>\n<p>Die folgende Terminologie gilt f\u00fcr diese Bedingungen, die Datenschutzerkl\u00e4rung und den Haftungsausschluss sowie f\u00fcr alle Vereinbarungen: \"Kunde\", \"Sie\" und \"Ihr\" bezieht sich auf Sie, die Person, die auf diese Website zugreift und die Gesch\u00e4ftsbedingungen des Unternehmens akzeptiert. \"Das Unternehmen\", \"Wir\", \"Wir\", \"Unser\" und \"Uns\", bezieht sich auf unser Unternehmen. \"Partei\", \"Parteien\" oder \"uns\", bezieht sich sowohl auf den Kunden als auch auf uns, oder entweder auf den Kunden oder auf uns.<\/p>\n<p>Alle Begriffe beziehen sich auf das Angebot, die Annahme und die Ber\u00fccksichtigung der Zahlung, die notwendig ist, um den Prozess unserer Unterst\u00fctzung f\u00fcr den Kunden in der am besten geeigneten Art und Weise durchzuf\u00fchren, sei es durch formelle Treffen von fester Dauer oder auf andere Weise, mit dem ausdr\u00fccklichen Ziel, die Bed\u00fcrfnisse des Kunden in Bezug auf die Bereitstellung der angegebenen Dienstleistungen\/Produkte des Unternehmens zu erf\u00fcllen, in \u00dcbereinstimmung mit und vorbehaltlich des geltenden Rechts der Vereinigten Staaten. Jegliche Verwendung der obigen Terminologie oder anderer W\u00f6rter in der Einzahl, Mehrzahl, Gro\u00dfschreibung und\/oder er\/sie oder sie, werden als austauschbar und daher als auf dasselbe verweisend angesehen.<\/p>\n<h2><strong>Cookies<\/strong><\/h2>\n<p>Wir verwenden Cookies. Durch die Nutzung der Website von ProjectGo stimmen Sie der Verwendung von Cookies gem\u00e4\u00df ProjectGo zu <a href=\"\/privacy-policy\/\">Datenschutzbestimmungen<\/a>. Die meisten der modernen interaktiven Websites verwenden Cookies, um die Benutzerdaten bei jedem Besuch abrufen zu k\u00f6nnen. In einigen Bereichen unserer Website werden Cookies verwendet, um die Funktionalit\u00e4t dieses Bereichs und die Benutzerfreundlichkeit f\u00fcr die Besucher zu erm\u00f6glichen. Einige unserer Affiliate-\/Werbepartner k\u00f6nnen ebenfalls Cookies verwenden.<\/p>\n<h2><strong>Lizenz<\/strong><\/h2>\n<p>Sofern nicht anders angegeben, besitzen ProjectGo und\/oder seine Lizenzgeber die geistigen Eigentumsrechte f\u00fcr alle Materialien auf ProjectGo. Alle geistigen Eigentumsrechte sind vorbehalten. Sie k\u00f6nnen Seiten von http:\/\/projectgo.pro f\u00fcr Ihren eigenen pers\u00f6nlichen Gebrauch anzeigen und\/oder ausdrucken, vorbehaltlich der in diesen Gesch\u00e4ftsbedingungen festgelegten Einschr\u00e4nkungen.<\/p>\n<h2><strong>Das d\u00fcrfen Sie nicht:<\/strong><\/h2>\n<ul>\n<li>Ver\u00f6ffentlichen Sie Material von http:\/\/projectgo.pro ohne unsere Zustimmung erneut<\/li>\n<li>Verkauf, Vermietung oder Unterlizenzierung von Material von http:\/\/projectgo.pro<\/li>\n<li>Reproduzieren, vervielf\u00e4ltigen oder kopieren Sie Material von http:\/\/projectgo.pro<\/li>\n<li>Verteilen Sie Inhalte von ProjectGo weiter (es sei denn, Inhalte wurden speziell f\u00fcr die Weiterverteilung erstellt).<\/li>\n<\/ul>\n<h2><strong>Benutzer-Kommentare<\/strong><\/h2>\n<p>Diese Vereinbarung beginnt mit dem Datum dieses Vertrages.<\/p>\n<ul>\n<li>Bestimmte Teile dieser Website bieten Benutzern die M\u00f6glichkeit, Meinungen, Informationen, Materialien und Daten (\u201eKommentare\u201c) in Bereichen der Website zu posten und auszutauschen. ProjectGo pr\u00fcft, bearbeitet, ver\u00f6ffentlicht oder pr\u00fcft Kommentare nicht, bevor sie auf der Website erscheinen, und Kommentare spiegeln nicht die Ansichten oder Meinungen von ProjectGo, seinen Vertretern oder verbundenen Unternehmen wider. Kommentare geben die Ansicht und Meinung der Person wieder, die diese Ansicht oder Meinung postet. Soweit nach geltendem Recht zul\u00e4ssig, ist ProjectGo nicht verantwortlich oder haftbar f\u00fcr die Kommentare oder f\u00fcr Verluste, Kosten, Haftungen, Sch\u00e4den oder Ausgaben, die durch die Nutzung und\/oder das Posten und\/oder das Erscheinen der Kommentare verursacht und\/oder erlitten werden Kommentare auf dieser Website.<\/li>\n<li>ProjectGo beh\u00e4lt sich das Recht vor, alle Kommentare zu \u00fcberwachen und alle Kommentare zu entfernen, die es nach eigenem Ermessen als unangemessen, anst\u00f6\u00dfig oder anderweitig gegen diese Nutzungsbedingungen versto\u00dfend erachtet.<\/li>\n<li>Sie garantieren und sichern zu, dass:<\/li>\n<li>Sie sind berechtigt, die Kommentare auf unserer Website zu ver\u00f6ffentlichen und verf\u00fcgen \u00fcber alle daf\u00fcr notwendigen Lizenzen und Zustimmungen;<\/li>\n<li>Die Kommentare verletzen keine Rechte an geistigem Eigentum, einschlie\u00dflich, aber nicht beschr\u00e4nkt auf Urheberrechte, Patente oder Marken oder andere Eigentumsrechte von Dritten;<\/li>\n<li>Die Kommentare enthalten kein diffamierendes, verleumderisches, anst\u00f6\u00dfiges, unanst\u00e4ndiges oder anderweitig rechtswidriges Material oder Material, das eine Verletzung der Privatsph\u00e4re darstellt<\/li>\n<li>Die Kommentare werden nicht verwendet, um f\u00fcr Gesch\u00e4fte oder Gewohnheiten zu werben oder kommerzielle Aktivit\u00e4ten oder ungesetzliche Aktivit\u00e4ten darzustellen.<\/li>\n<li>Sie gew\u00e4hren ProjectGo hiermit eine nicht exklusive, geb\u00fchrenfreie Lizenz zur Nutzung, Vervielf\u00e4ltigung, Bearbeitung und Autorisierung anderer zur Nutzung, Vervielf\u00e4ltigung und Bearbeitung Ihrer Kommentare in allen Formen, Formaten oder Medien.<\/li>\n<\/ul>\n<h2><strong>Verlinkung zu unseren Inhalten<\/strong><\/h2>\n<p>Die folgenden Organisationen d\u00fcrfen ohne vorherige schriftliche Genehmigung auf unsere Website verlinken - diese Organisationen d\u00fcrfen auf unsere Homepage, auf Publikationen oder auf andere Website-Informationen verlinken, solange der Link: (a) in keiner Weise irref\u00fchrend ist; (b) nicht f\u00e4lschlicherweise eine F\u00f6rderung, Bef\u00fcrwortung oder Genehmigung der verlinkenden Partei und ihrer Produkte oder Dienstleistungen impliziert; und (c) in den Kontext der Website der verlinkenden Partei passt:<\/p>\n<ul>\n<li>Regierungsbeh\u00f6rden;<\/li>\n<li>Suchmaschinen;<\/li>\n<li>Nachrichtenorganisationen;<\/li>\n<li>Online-Verzeichnisverteiler k\u00f6nnen, wenn sie uns in das Verzeichnis aufnehmen, einen Link zu unserer Website in der gleichen<br \/>\nArt und Weise, wie sie Hyperlinks zu den Websites anderer gelisteter Unternehmen setzen; und<\/li>\n<li>Systemweit akkreditierte Unternehmen mit Ausnahme von werbenden gemeinn\u00fctzigen Organisationen, Charity-Shopping-Malls,<br \/>\nund Wohlt\u00e4tigkeitsgruppen, die keine Hyperlinks zu unserer Website setzen d\u00fcrfen.<\/li>\n<\/ul>\n<p>Wir k\u00f6nnen nach eigenem Ermessen andere Linkanfragen von den folgenden Arten von Organisationen pr\u00fcfen und genehmigen - Wir werden Linkanfragen von diesen Organisationen genehmigen, wenn wir feststellen, dass: (a) der Link kein schlechtes Licht auf uns oder unsere akkreditierten Unternehmen wirft (z. B. d\u00fcrfen Handelsverb\u00e4nde oder andere Organisationen, die von Natur aus verd\u00e4chtige Gesch\u00e4ftsarten vertreten, wie z. B. Heimarbeit, nicht verlinkt werden); (b) die Organisation keine unbefriedigenden Erfahrungen mit uns gemacht hat; (c) der Nutzen, den wir aus der mit dem Hyperlink verbundenen Sichtbarkeit ziehen, \u00fcberwiegt das Fehlen von <!--?=$companyName?-->; und (d) wenn der Link im Zusammenhang mit allgemeinen Ressourceninformationen steht oder anderweitig mit dem redaktionellen Inhalt eines Newsletters oder eines \u00e4hnlichen Produkts \u00fcbereinstimmt, das die Mission der Organisation f\u00f6rdert:<\/p>\n<ul>\n<li>allgemein bekannte Informationsquellen f\u00fcr Verbraucher und\/oder Unternehmen wie Handelskammern, American Automobile Association, AARP und Consumers Union;<\/li>\n<li>dot.com-Community-Seiten;<\/li>\n<li>Verb\u00e4nde oder andere Gruppen, die Wohlt\u00e4tigkeitsorganisationen vertreten, einschlie\u00dflich Websites f\u00fcr wohlt\u00e4tige Zwecke,<\/li>\n<li>Online-Verzeichnisverteiler;<\/li>\n<li>Internet-Portale;<\/li>\n<li>Wirtschaftspr\u00fcfungs-, Rechts- und Beratungsfirmen, deren Hauptkunden Unternehmen sind; und<\/li>\n<li>Bildungseinrichtungen und Wirtschaftsverb\u00e4nden.<\/li>\n<\/ul>\n<p>Diese Organisationen d\u00fcrfen auf unsere Homepage, auf Publikationen oder auf andere Website-Informationen verlinken, solange der Link: (a) in keiner Weise irref\u00fchrend ist; (b) nicht f\u00e4lschlicherweise eine F\u00f6rderung, Bef\u00fcrwortung oder Genehmigung der verlinkenden Partei und ihrer Produkte oder Dienstleistungen impliziert; und (c) in den Kontext der Website der verlinkenden Partei passt. Wenn Sie zu den in Absatz 2 oben aufgef\u00fchrten Organisationen geh\u00f6ren und an einer Verlinkung zu unserer Website interessiert sind, m\u00fcssen Sie uns dies per E-Mail an <a title=\"Senden Sie eine E-Mail an team@projectgo.pro\" href=\"mailto:team@projectgo.pro\">team@projectgo.pro<\/a>.<\/p>\n<p>Bitte geben Sie Ihren Namen, den Namen Ihrer Organisation, Kontaktinformationen (z. B. eine Telefonnummer und\/oder E-Mail-Adresse) sowie die URL Ihrer Website, eine Liste aller URLs, von denen Sie auf unsere Website verlinken m\u00f6chten, und eine Liste der URL(s) auf unserer Website, auf die Sie verlinken m\u00f6chten, an. Warten Sie bitte 2-3 Wochen auf eine Antwort. Zugelassene Organisationen k\u00f6nnen Hyperlinks zu unserer Website wie folgt erstellen:<\/p>\n<ul>\n<li>Durch Verwendung unseres Firmennamens; oder<\/li>\n<li>Durch die Verwendung des Uniform Resource Locator (Webadresse), auf den verlinkt wird; oder<\/li>\n<li>Durch die Verwendung einer anderen Beschreibung unserer Website oder des Materials, auf das verlinkt wird, die innerhalb der<br \/>\nKontext und Format der Inhalte auf der Seite der verlinkenden Partei.<\/li>\n<\/ul>\n<h2><strong>Vorbehalt der Rechte<\/strong><\/h2>\n<p>Wir behalten uns das Recht vor, Sie jederzeit und nach eigenem Ermessen aufzufordern, alle Links oder einen bestimmten Link zu unserer Website zu entfernen. Sie verpflichten sich, auf eine solche Aufforderung hin unverz\u00fcglich alle Links zu unserer Website zu entfernen. Wir behalten uns au\u00dferdem das Recht vor, diese Bedingungen und die Link-Richtlinie jederzeit zu \u00e4ndern. Indem Sie weiterhin auf unsere Website verlinken, erkl\u00e4ren Sie sich damit einverstanden, an diese Verlinkungsbedingungen gebunden zu sein und diese einzuhalten.<\/p>\n<h2><strong>Entfernung von Links von unserer Website<\/strong><\/h2>\n<p>Wenn Sie einen Link auf unserer Website oder eine verlinkte Website aus irgendeinem Grund anst\u00f6\u00dfig finden, k\u00f6nnen Sie uns diesbez\u00fcglich kontaktieren. Wir werden Anfragen zur Entfernung von Links pr\u00fcfen, sind jedoch nicht verpflichtet, dies zu tun oder Ihnen direkt zu antworten. Obwohl wir uns bem\u00fchen, dass die Informationen auf dieser Website korrekt sind, \u00fcbernehmen wir keine Garantie f\u00fcr deren Vollst\u00e4ndigkeit oder Richtigkeit; auch verpflichten wir uns nicht, daf\u00fcr zu sorgen, dass die Website verf\u00fcgbar bleibt oder dass das Material auf der Website auf dem neuesten Stand gehalten wird.<\/p>\n<h2><strong>Haftung f\u00fcr Inhalte<\/strong><\/h2>\n<p>Wir \u00fcbernehmen keine Verantwortung oder Haftung f\u00fcr Inhalte, die auf Ihrer Website erscheinen. Sie erkl\u00e4ren sich damit einverstanden, uns von allen Anspr\u00fcchen freizustellen und zu verteidigen, die sich aus Ihrer Website ergeben oder auf ihr basieren. Keine(r) Link(s) darf auf einer Seite Ihrer Website oder in einem Kontext erscheinen, der Inhalte oder Materialien enth\u00e4lt, die als verleumderisch, obsz\u00f6n oder kriminell interpretiert werden k\u00f6nnen oder die Rechte Dritter verletzen, anderweitig verletzen oder die Verletzung oder anderweitige Verletzung von Rechten Dritter bef\u00fcrworten.<\/p>\n<h2><strong>Haftungsausschluss<\/strong><\/h2>\n<p>Soweit es das geltende Recht zul\u00e4sst, schlie\u00dfen wir alle Zusicherungen, Garantien und Bedingungen in Bezug auf unsere Website und die Nutzung dieser Website aus (einschlie\u00dflich, aber nicht beschr\u00e4nkt auf alle gesetzlich implizierten Garantien in Bezug auf zufriedenstellende Qualit\u00e4t, Eignung f\u00fcr einen bestimmten Zweck und\/oder die Verwendung von angemessener Sorgfalt und Fachkenntnis). Nichts in diesem Haftungsausschluss wird:<\/p>\n<ul>\n<li>unsere oder Ihre Haftung f\u00fcr Tod oder K\u00f6rperverletzung aufgrund von Fahrl\u00e4ssigkeit zu begrenzen oder auszuschlie\u00dfen;<\/li>\n<li>unsere oder Ihre Haftung f\u00fcr Betrug oder arglistige T\u00e4uschung zu begrenzen oder auszuschlie\u00dfen;<\/li>\n<li>unsere oder Ihre Haftung in einer Weise zu beschr\u00e4nken, die nach geltendem Recht nicht zul\u00e4ssig ist; oder<\/li>\n<li>unsere oder Ihre Haftung auszuschlie\u00dfen, die nach geltendem Recht nicht ausgeschlossen werden darf.<\/li>\n<\/ul>\n<p>Die in diesem Abschnitt und an anderer Stelle in diesem Haftungsausschluss dargelegten Haftungsbeschr\u00e4nkungen und -ausschl\u00fcsse: (a) unterliegen dem vorangehenden Absatz; und (b) regeln alle Haftungen, die sich aus dem Haftungsausschluss oder in Bezug auf den Gegenstand dieses Haftungsausschlusses ergeben, einschlie\u00dflich der Haftungen aus Vertrag, unerlaubter Handlung (einschlie\u00dflich Fahrl\u00e4ssigkeit) und f\u00fcr die Verletzung gesetzlicher Pflichten. Soweit die Website und die Informationen und Dienste auf der Website unentgeltlich zur Verf\u00fcgung gestellt werden, haften wir nicht f\u00fcr Verluste oder Sch\u00e4den jeglicher Art.<\/p>\n<h2><strong>Haftungsausschluss f\u00fcr GoPro, Inc.<\/strong><\/h2>\n<p>GoPro, HERO, Session, Karma und ihre jeweiligen Logos sind Marken oder eingetragene Marken von GoPro, Inc. Jegliche Erw\u00e4hnung von GoPro, Inc. dient lediglich der Veranschaulichung und Aufkl\u00e4rung. ProjectGo ist mit keinem der auf dieser Website oder in den Produkten erw\u00e4hnten Produkte oder Anbieter verbunden. Alle Marken sind Eigentum der jeweiligen Inhaber.<\/p>\n<h2>Kontakt Informationen<\/h2>\n<p>Wenn Sie Fragen oder Bedenken bez\u00fcglich unserer AGB haben oder wenn Sie uns per E-Mail kontaktieren m\u00f6chten, k\u00f6nnen Sie uns unter folgender Adresse erreichen: <a href=\"mailto:team@projectgo.pro\" target=\"_new\" rel=\"noopener\">team@projectgo.pro<\/a><\/p>\n<p>Alternativ k\u00f6nnen Sie unseren Support w\u00e4hrend der B\u00fcrozeiten (US Pacific Time) anrufen: +1 689 2058467<\/p>\n<p>Wenn Sie uns auf dem Postweg kontaktieren m\u00f6chten, k\u00f6nnen Sie uns unter folgender Adresse erreichen:<\/p>\n<p><strong>ProjektGO<\/strong><br \/>\n7345 W Sand Lake Rd.<br \/>\nOrlando, Florida 32819<br \/>\nVereinigte Staaten<\/p>\n<p><strong>Hinweis:<\/strong> Wir nehmen keine Lieferungen an, wenn Sie uns nicht im Voraus per E-Mail informieren.<\/p>","protected":false},"excerpt":{"rendered":"<p>These terms and conditions outline the rules and regulations for the use of ProjectGo&#8216;s website. By accessing this website we assume you accept these terms&#8230;<\/p>","protected":false},"author":519,"featured_media":0,"parent":0,"menu_order":0,"comment_status":"closed","ping_status":"closed","template":"","meta":{"tpgb_global_settings":"","_et_pb_use_builder":"off","_et_pb_old_content":"","_et_gb_content_width":"","_lmt_disableupdate":"","_lmt_disable":"","footnotes":""},"categories":[],"tags":[],"class_list":["post-13888","page","type-page","status-publish","hentry"],"yoast_head":"<!-- This site is optimized with the Yoast SEO Premium plugin v23.6 (Yoast SEO v27.3) - https:\/\/yoast.com\/product\/yoast-seo-premium-wordpress\/ -->\n<title>Terms and Conditions &#187; ProjectGO<\/title>\n<meta name=\"description\" content=\"For rules and regulations regarding the use of our website (cookies, hyperlinking, commenting) please read our terms and conditions page.\" \/>\n<meta name=\"robots\" content=\"index, follow, max-snippet:-1, max-image-preview:large, max-video-preview:-1\" \/>\n<link rel=\"canonical\" href=\"https:\/\/projectgo.pro\/de\/geschaftsbedingungen\/\" \/>\n<meta property=\"og:locale\" content=\"de_DE\" \/>\n<meta property=\"og:type\" content=\"article\" \/>\n<meta property=\"og:title\" content=\"Terms and Conditions\" \/>\n<meta property=\"og:description\" content=\"For rules and regulations regarding the use of our website (cookies, hyperlinking, commenting) please read our terms and conditions page.\" \/>\n<meta property=\"og:url\" content=\"https:\/\/projectgo.pro\/de\/geschaftsbedingungen\/\" \/>\n<meta property=\"og:site_name\" content=\"ProjectGO\" \/>\n<meta property=\"article:publisher\" content=\"https:\/\/www.facebook.com\/pages\/ProjectGoPro\/1424889017736927\" \/>\n<meta property=\"article:modified_time\" content=\"2023-12-16T16:40:33+00:00\" \/>\n<meta name=\"twitter:card\" content=\"summary_large_image\" \/>\n<meta name=\"twitter:label1\" content=\"Gesch\u00e4tzte Lesezeit\" \/>\n\t<meta name=\"twitter:data1\" content=\"9\u00a0Minuten\" \/>\n<script type=\"application\/ld+json\" class=\"yoast-schema-graph\">{\"@context\":\"https:\\\/\\\/schema.org\",\"@graph\":[{\"@type\":\"WebPage\",\"@id\":\"https:\\\/\\\/projectgo.pro\\\/terms-and-conditions\\\/\",\"url\":\"https:\\\/\\\/projectgo.pro\\\/terms-and-conditions\\\/\",\"name\":\"Terms and Conditions &#187; ProjectGO\",\"isPartOf\":{\"@id\":\"https:\\\/\\\/projectgo.pro\\\/#website\"},\"datePublished\":\"2018-12-14T13:40:36+00:00\",\"dateModified\":\"2023-12-16T16:40:33+00:00\",\"description\":\"For rules and regulations regarding the use of our website (cookies, hyperlinking, commenting) please read our terms and conditions page.\",\"inLanguage\":\"de\",\"potentialAction\":[{\"@type\":\"ReadAction\",\"target\":[\"https:\\\/\\\/projectgo.pro\\\/terms-and-conditions\\\/\"]}]},{\"@type\":\"WebSite\",\"@id\":\"https:\\\/\\\/projectgo.pro\\\/#website\",\"url\":\"https:\\\/\\\/projectgo.pro\\\/\",\"name\":\"ProjectGO\",\"description\":\"Action Camera Guides &amp; Gear Reviews for Creators\",\"publisher\":{\"@id\":\"https:\\\/\\\/projectgo.pro\\\/#organization\"},\"potentialAction\":[{\"@type\":\"SearchAction\",\"target\":{\"@type\":\"EntryPoint\",\"urlTemplate\":\"https:\\\/\\\/projectgo.pro\\\/?s={search_term_string}\"},\"query-input\":{\"@type\":\"PropertyValueSpecification\",\"valueRequired\":true,\"valueName\":\"search_term_string\"}}],\"inLanguage\":\"de\"},{\"@type\":\"Organization\",\"@id\":\"https:\\\/\\\/projectgo.pro\\\/#organization\",\"name\":\"ProjectGO\",\"url\":\"https:\\\/\\\/projectgo.pro\\\/\",\"logo\":{\"@type\":\"ImageObject\",\"inLanguage\":\"de\",\"@id\":\"https:\\\/\\\/projectgo.pro\\\/#\\\/schema\\\/logo\\\/image\\\/\",\"url\":\"https:\\\/\\\/projectgo.pro\\\/wp-content\\\/uploads\\\/2023\\\/10\\\/ProjectGO-favicon.png\",\"contentUrl\":\"https:\\\/\\\/projectgo.pro\\\/wp-content\\\/uploads\\\/2023\\\/10\\\/ProjectGO-favicon.png\",\"width\":513,\"height\":512,\"caption\":\"ProjectGO\"},\"image\":{\"@id\":\"https:\\\/\\\/projectgo.pro\\\/#\\\/schema\\\/logo\\\/image\\\/\"},\"sameAs\":[\"https:\\\/\\\/www.facebook.com\\\/pages\\\/ProjectGoPro\\\/1424889017736927\",\"https:\\\/\\\/www.youtube.com\\\/channel\\\/UCa7KT9TjfpHE0Tcgy727RNg\"]}]}<\/script>\n<!-- \/ Yoast SEO Premium plugin. -->","yoast_head_json":{"title":"Bedingungen und Konditionen \" ProjectGO","description":"F\u00fcr Regeln und Vorschriften bez\u00fcglich der Nutzung unserer Website (Cookies, Hyperlinks, Kommentare) lesen Sie bitte unsere Seite mit den Allgemeinen Gesch\u00e4ftsbedingungen.","robots":{"index":"index","follow":"follow","max-snippet":"max-snippet:-1","max-image-preview":"max-image-preview:large","max-video-preview":"max-video-preview:-1"},"canonical":"https:\/\/projectgo.pro\/de\/geschaftsbedingungen\/","og_locale":"de_DE","og_type":"article","og_title":"Terms and Conditions","og_description":"For rules and regulations regarding the use of our website (cookies, hyperlinking, commenting) please read our terms and conditions page.","og_url":"https:\/\/projectgo.pro\/de\/geschaftsbedingungen\/","og_site_name":"ProjectGO","article_publisher":"https:\/\/www.facebook.com\/pages\/ProjectGoPro\/1424889017736927","article_modified_time":"2023-12-16T16:40:33+00:00","twitter_card":"summary_large_image","twitter_misc":{"Gesch\u00e4tzte Lesezeit":"9\u00a0Minuten"},"schema":{"@context":"https:\/\/schema.org","@graph":[{"@type":"WebPage","@id":"https:\/\/projectgo.pro\/terms-and-conditions\/","url":"https:\/\/projectgo.pro\/terms-and-conditions\/","name":"Bedingungen und Konditionen \" ProjectGO","isPartOf":{"@id":"https:\/\/projectgo.pro\/#website"},"datePublished":"2018-12-14T13:40:36+00:00","dateModified":"2023-12-16T16:40:33+00:00","description":"F\u00fcr Regeln und Vorschriften bez\u00fcglich der Nutzung unserer Website (Cookies, Hyperlinks, Kommentare) lesen Sie bitte unsere Seite mit den Allgemeinen Gesch\u00e4ftsbedingungen.","inLanguage":"de","potentialAction":[{"@type":"ReadAction","target":["https:\/\/projectgo.pro\/terms-and-conditions\/"]}]},{"@type":"WebSite","@id":"https:\/\/projectgo.pro\/#website","url":"https:\/\/projectgo.pro\/","name":"ProjektGO","description":"Action-Kamera-Anleitungen &amp; Testberichte f\u00fcr Kreative","publisher":{"@id":"https:\/\/projectgo.pro\/#organization"},"potentialAction":[{"@type":"SearchAction","target":{"@type":"EntryPoint","urlTemplate":"https:\/\/projectgo.pro\/?s={search_term_string}"},"query-input":{"@type":"PropertyValueSpecification","valueRequired":true,"valueName":"search_term_string"}}],"inLanguage":"de"},{"@type":"Organization","@id":"https:\/\/projectgo.pro\/#organization","name":"ProjektGO","url":"https:\/\/projectgo.pro\/","logo":{"@type":"ImageObject","inLanguage":"de","@id":"https:\/\/projectgo.pro\/#\/schema\/logo\/image\/","url":"https:\/\/projectgo.pro\/wp-content\/uploads\/2023\/10\/ProjectGO-favicon.png","contentUrl":"https:\/\/projectgo.pro\/wp-content\/uploads\/2023\/10\/ProjectGO-favicon.png","width":513,"height":512,"caption":"ProjectGO"},"image":{"@id":"https:\/\/projectgo.pro\/#\/schema\/logo\/image\/"},"sameAs":["https:\/\/www.facebook.com\/pages\/ProjectGoPro\/1424889017736927","https:\/\/www.youtube.com\/channel\/UCa7KT9TjfpHE0Tcgy727RNg"]}]}},"tpgb_featured_images":null,"tpgb_post_meta_info":{"get_date":"Dezember 16, 2023","get_modified_date":"Dezember 16, 2023","category_list":{"category":false,"post_tag":false},"author_name":"Andy Magri","author_url":"https:\/\/projectgo.pro\/de\/author\/andy-magri\/","author_email":"projectgopromail@gmail.com","author_website":"http:\/\/projectgo.pro","author_description":"I\u2019m Andy Magri, an Italian filmmaker and content creator. After graduating from University, I set off to explore the world while creating guides and reviews featuring the video gear I love and use the most. With the help of my awesome team, we share tips and reviews about GoPro, Insta360, DJI, smartphone cameras, drones, editing software and anything around action video-making. I hope my guides not only help you find the perfect camera equipment, but also inspire you to get out there and create! Since publishing my first tutorial on ProjectGO, seven years ago, our content has helped over 2M creators worldwide. Start by downloading the <a href=\"http:\/\/projectgo.pro\/\">FREE GoPro Settings Cheat Sheet.","author_facebook":"","author_twitter":"","author_instagram":"","author_role":["administrator"],"author_firstname":"Andy","author_lastname":"Magri","user_login":"andy-magri","author_avatar":"<img alt='' src='https:\/\/secure.gravatar.com\/avatar\/ecb40f3aef4515d91d6060803d92cea39ca50d0051a359a9068f99661051e95e?s=200&#038;d=mm&#038;r=g' srcset='https:\/\/secure.gravatar.com\/avatar\/ecb40f3aef4515d91d6060803d92cea39ca50d0051a359a9068f99661051e95e?s=400&#038;d=mm&#038;r=g 2x' class='avatar avatar-200 photo' height='200' width='200' decoding='async'\/>","author_avatar_url":"https:\/\/secure.gravatar.com\/avatar\/ecb40f3aef4515d91d6060803d92cea39ca50d0051a359a9068f99661051e95e?s=96&d=mm&r=g","comment_count":0,"post_likes":0,"post_views":0},"tpgb_post_category":[],"amp_enabled":true,"_links":{"self":[{"href":"https:\/\/projectgo.pro\/de\/wp-json\/wp\/v2\/pages\/13888","targetHints":{"allow":["GET"]}}],"collection":[{"href":"https:\/\/projectgo.pro\/de\/wp-json\/wp\/v2\/pages"}],"about":[{"href":"https:\/\/projectgo.pro\/de\/wp-json\/wp\/v2\/types\/page"}],"author":[{"embeddable":true,"href":"https:\/\/projectgo.pro\/de\/wp-json\/wp\/v2\/users\/519"}],"replies":[{"embeddable":true,"href":"https:\/\/projectgo.pro\/de\/wp-json\/wp\/v2\/comments?post=13888"}],"version-history":[{"count":0,"href":"https:\/\/projectgo.pro\/de\/wp-json\/wp\/v2\/pages\/13888\/revisions"}],"wp:attachment":[{"href":"https:\/\/projectgo.pro\/de\/wp-json\/wp\/v2\/media?parent=13888"}],"wp:term":[{"taxonomy":"category","embeddable":true,"href":"https:\/\/projectgo.pro\/de\/wp-json\/wp\/v2\/categories?post=13888"},{"taxonomy":"post_tag","embeddable":true,"href":"https:\/\/projectgo.pro\/de\/wp-json\/wp\/v2\/tags?post=13888"}],"curies":[{"name":"wp","href":"https:\/\/api.w.org\/{rel}","templated":true}]}}